{"id":182369,"date":"2026-03-27T14:37:24","date_gmt":"2026-03-27T14:37:24","guid":{"rendered":"https:\/\/modesthanim.com\/product\/kadin-omuz-cantasi-3\/"},"modified":"2026-04-04T07:34:37","modified_gmt":"2026-04-04T07:34:37","slug":"kadin-omuz-cantasi-3","status":"publish","type":"product","link":"https:\/\/mod.wisdar.net\/tr\/urun\/kadin-omuz-cantasi-3\/","title":{"rendered":"Kad\u0131n Omuz \u00c7antas\u0131"},"content":{"rendered":"<p>Kad\u0131n Omuz \u00c7antas\u0131, zarif tasar\u0131m\u0131 ve geni\u015f i\u00e7 hacmiyle hem \u015f\u0131kl\u0131\u011f\u0131n\u0131z\u0131 tamamlar hem de pratik bir kullan\u0131m sunar. Hem g\u00fcnl\u00fck hayatta hem de \u00f6zel g\u00fcnlerde rahat\u00e7a tercih edilebilecek \u015f\u0131k bir aksesuar.<\/p>\n","protected":false},"excerpt":{"rendered":"<p>Kad\u0131n Omuz \u00c7antas\u0131, zarif tasar\u0131m\u0131 ve geni\u015f i\u00e7 hacmiyle hem \u015f\u0131kl\u0131\u011f\u0131n\u0131z\u0131 tamamlar hem de pratik bir kullan\u0131m sunar. Hem g\u00fcnl\u00fck hayatta hem de \u00f6zel g\u00fcnlerde rahat\u00e7a tercih edilebilecek \u015f\u0131k bir aksesuar.<\/p>\n","protected":false},"featured_media":182364,"comment_status":"open","ping_status":"closed","template":"","meta":[],"product_brand":[],"product_cat":[6960,6957],"product_tag":[6980,7074],"class_list":{"0":"post-182369","1":"product","2":"type-product","3":"status-publish","4":"has-post-thumbnail","6":"product_cat-cantalar","7":"product_cat-cantalar-el-cantalari","8":"product_tag-omuz-cantasi","9":"product_tag-siyah","10":"pa_brand-defacto","11":"pa_color-koyu-kahve","12":"pa_color-siyah","13":"pa_size-std","15":"first","16":"outofstock","17":"shipping-taxable","18":"product-type-variable"},"_links":{"self":[{"href":"https:\/\/mod.wisdar.net\/tr\/wp-json\/wp\/v2\/product\/182369","targetHints":{"allow":["GET"]}}],"collection":[{"href":"https:\/\/mod.wisdar.net\/tr\/wp-json\/wp\/v2\/product"}],"about":[{"href":"https:\/\/mod.wisdar.net\/tr\/wp-json\/wp\/v2\/types\/product"}],"replies":[{"embeddable":true,"href":"https:\/\/mod.wisdar.net\/tr\/wp-json\/wp\/v2\/comments?post=182369"}],"wp:featuredmedia":[{"embeddable":true,"href":"https:\/\/mod.wisdar.net\/tr\/wp-json\/wp\/v2\/media\/182364"}],"wp:attachment":[{"href":"https:\/\/mod.wisdar.net\/tr\/wp-json\/wp\/v2\/media?parent=182369"}],"wp:term":[{"taxonomy":"product_brand","embeddable":true,"href":"https:\/\/mod.wisdar.net\/tr\/wp-json\/wp\/v2\/product_brand?post=182369"},{"taxonomy":"product_cat","embeddable":true,"href":"https:\/\/mod.wisdar.net\/tr\/wp-json\/wp\/v2\/product_cat?post=182369"},{"taxonomy":"product_tag","embeddable":true,"href":"https:\/\/mod.wisdar.net\/tr\/wp-json\/wp\/v2\/product_tag?post=182369"}],"curies":[{"name":"wp","href":"https:\/\/api.w.org\/{rel}","templated":true}]}}