{"id":182409,"date":"2026-03-27T14:38:30","date_gmt":"2026-03-27T14:38:30","guid":{"rendered":"https:\/\/modesthanim.com\/product\/baggy-fit-normal-bel-gabardin-pantolon\/"},"modified":"2026-04-11T07:52:51","modified_gmt":"2026-04-11T07:52:51","slug":"baggy-fit-normal-bel-gabardin-pantolon","status":"publish","type":"product","link":"https:\/\/mod.wisdar.net\/tr\/urun\/baggy-fit-normal-bel-gabardin-pantolon\/","title":{"rendered":"Baggy Fit Normal Bel Gabardin Pantolon"},"content":{"rendered":"<p>Arad\u0131\u011f\u0131n\u0131z Beyaz Kad\u0131n Baggy Fit Normal Bel Gabardin Pantolon en uygun fiyatla DeFacto&#8217;da! Yeni sezon Beyaz Kad\u0131n Baggy Fit Normal Bel Gabardin Pantolon i\u00e7in hemen DeFacto&#8217;ya t\u0131klay\u0131n!<\/p>\n<p>\u2014 Teknik Detaylar \u2014<br \/>\nCinsiyet: Kad\u0131n<br \/>\nKuma\u015f: Gabardin<br \/>\nBel Detay\u0131: Normal Bel<br \/>\n\u00dcr\u00fcn Tipi: Pantolon<br \/>\nKal\u0131p: Baggy Fit<br \/>\nKapama Detay\u0131: Fermuarl\u0131<br \/>\nMen\u015fei: T\u00fcrkiye<br \/>\nNumune Bedeni: 36<br \/>\nModel \u00d6l\u00e7\u00fcleri: 36 Beden \u2013 174 cm \u2013 78\/60\/89<\/p>\n","protected":false},"excerpt":{"rendered":"<p>Arad\u0131\u011f\u0131n\u0131z Beyaz Kad\u0131n Baggy Fit Normal Bel Gabardin Pantolon en uygun fiyatla DeFacto&#8217;da! Yeni sezon Beyaz Kad\u0131n Baggy Fit Normal Bel Gabardin Pantolon i\u00e7in hemen DeFacto&#8217;ya t\u0131klay\u0131n! \u2014 Teknik Detaylar \u2014 Cinsiyet: Kad\u0131n Kuma\u015f: Gabardin Bel Detay\u0131: Normal Bel \u00dcr\u00fcn Tipi: Pantolon Kal\u0131p: Baggy Fit Kapama Detay\u0131: Fermuarl\u0131 Men\u015fei: T\u00fcrkiye Numune Bedeni: 36 Model \u00d6l\u00e7\u00fcleri: [&hellip;]<\/p>\n","protected":false},"featured_media":182398,"comment_status":"open","ping_status":"closed","template":"","meta":[],"product_brand":[],"product_cat":[1882],"product_tag":[12004,12002,12001,12003],"class_list":{"0":"post-182409","1":"product","2":"type-product","3":"status-publish","4":"has-post-thumbnail","6":"product_cat-alt-giyim","7":"product_tag-baggy-fit-normal-bel-gabardin-pantolon","8":"product_tag-beyaz-baggy-fit-normal-bel-gabardin-pantolon","9":"product_tag-beyaz-kadin-baggy-fit-normal-bel-gabardin-pantolon","10":"product_tag-kadin-baggy-fit-normal-bel-gabardin-pantolon","11":"pa_brand-defacto","12":"pa_color-kahve","13":"pa_color-kirik-beyaz","14":"pa_size-4698","15":"pa_size-4701","16":"pa_size-4706","17":"pa_size-4711","18":"pa_size-4713","20":"first","21":"instock","22":"shipping-taxable","23":"purchasable","24":"product-type-variable"},"_links":{"self":[{"href":"https:\/\/mod.wisdar.net\/tr\/wp-json\/wp\/v2\/product\/182409","targetHints":{"allow":["GET"]}}],"collection":[{"href":"https:\/\/mod.wisdar.net\/tr\/wp-json\/wp\/v2\/product"}],"about":[{"href":"https:\/\/mod.wisdar.net\/tr\/wp-json\/wp\/v2\/types\/product"}],"replies":[{"embeddable":true,"href":"https:\/\/mod.wisdar.net\/tr\/wp-json\/wp\/v2\/comments?post=182409"}],"wp:featuredmedia":[{"embeddable":true,"href":"https:\/\/mod.wisdar.net\/tr\/wp-json\/wp\/v2\/media\/182398"}],"wp:attachment":[{"href":"https:\/\/mod.wisdar.net\/tr\/wp-json\/wp\/v2\/media?parent=182409"}],"wp:term":[{"taxonomy":"product_brand","embeddable":true,"href":"https:\/\/mod.wisdar.net\/tr\/wp-json\/wp\/v2\/product_brand?post=182409"},{"taxonomy":"product_cat","embeddable":true,"href":"https:\/\/mod.wisdar.net\/tr\/wp-json\/wp\/v2\/product_cat?post=182409"},{"taxonomy":"product_tag","embeddable":true,"href":"https:\/\/mod.wisdar.net\/tr\/wp-json\/wp\/v2\/product_tag?post=182409"}],"curies":[{"name":"wp","href":"https:\/\/api.w.org\/{rel}","templated":true}]}}