{"id":182449,"date":"2026-03-27T14:39:26","date_gmt":"2026-03-27T14:39:26","guid":{"rendered":"https:\/\/modesthanim.com\/product\/hakim-yaka-tafta-poplin-ceket\/"},"modified":"2026-04-04T07:44:40","modified_gmt":"2026-04-04T07:44:40","slug":"hakim-yaka-tafta-poplin-ceket","status":"publish","type":"product","link":"https:\/\/mod.wisdar.net\/tr\/urun\/hakim-yaka-tafta-poplin-ceket\/","title":{"rendered":"Hakim Yaka Tafta Poplin Ceket"},"content":{"rendered":"<p>Arad\u0131\u011f\u0131n K\u0131rm\u0131z\u0131 Kad\u0131n Hakim Yaka Tafta Poplin Ceket en uygun fiyatla DeFacto&#8217;da! Yeni sezon K\u0131rm\u0131z\u0131 Kad\u0131n Hakim Yaka Tafta Poplin Ceket i\u00e7in hemen DeFacto&#8217;ya t\u0131kla!<\/p>\n<p>\u2014 Technical Details \u2014<br \/>\ngender: Kad\u0131n<br \/>\ncollar: Hakim Yaka<br \/>\nproduct_type: Ceket<br \/>\ncolor: K\u0131rm\u0131z\u0131<br \/>\nclosure_detail: Fermuarl\u0131<br \/>\nsleeve_length: Uzun Kollu<br \/>\nfabric: Poplin<br \/>\norigin: TR<br \/>\nmodel_measurements: Modelin \u00d6l\u00e7\u00fcleri 36 Beden \u2013 1,74cm \u2013 78\/60\/89<\/p>\n","protected":false},"excerpt":{"rendered":"<p>Arad\u0131\u011f\u0131n K\u0131rm\u0131z\u0131 Kad\u0131n Hakim Yaka Tafta Poplin Ceket en uygun fiyatla DeFacto&#8217;da! Yeni sezon K\u0131rm\u0131z\u0131 Kad\u0131n Hakim Yaka Tafta Poplin Ceket i\u00e7in hemen DeFacto&#8217;ya t\u0131kla! \u2014 Technical Details \u2014 gender: Kad\u0131n collar: Hakim Yaka product_type: Ceket color: K\u0131rm\u0131z\u0131 closure_detail: Fermuarl\u0131 sleeve_length: Uzun Kollu fabric: Poplin origin: TR model_measurements: Modelin \u00d6l\u00e7\u00fcleri 36 Beden \u2013 1,74cm \u2013 [&hellip;]<\/p>\n","protected":false},"featured_media":182442,"comment_status":"open","ping_status":"closed","template":"","meta":[],"product_brand":[],"product_cat":[2044],"product_tag":[12006,12005,12008,12007],"class_list":{"0":"post-182449","1":"product","2":"type-product","3":"status-publish","4":"has-post-thumbnail","6":"product_cat-ceketler","7":"product_tag-red-shawl-collar-taffeta-poplin-jacket","8":"product_tag-red-women-shawl-collar-taffeta-poplin-jacket","9":"product_tag-shawl-collar-taffeta-poplin-jacket","10":"product_tag-women-shawl-collar-taffeta-poplin-jacket","11":"pa_brand-defacto","12":"pa_color-kirmizi","13":"pa_size-4698","14":"pa_size-4701","15":"pa_size-4706","16":"pa_size-4711","17":"pa_size-4713","19":"first","20":"instock","21":"sale","22":"shipping-taxable","23":"purchasable","24":"product-type-variable"},"_links":{"self":[{"href":"https:\/\/mod.wisdar.net\/tr\/wp-json\/wp\/v2\/product\/182449","targetHints":{"allow":["GET"]}}],"collection":[{"href":"https:\/\/mod.wisdar.net\/tr\/wp-json\/wp\/v2\/product"}],"about":[{"href":"https:\/\/mod.wisdar.net\/tr\/wp-json\/wp\/v2\/types\/product"}],"replies":[{"embeddable":true,"href":"https:\/\/mod.wisdar.net\/tr\/wp-json\/wp\/v2\/comments?post=182449"}],"wp:featuredmedia":[{"embeddable":true,"href":"https:\/\/mod.wisdar.net\/tr\/wp-json\/wp\/v2\/media\/182442"}],"wp:attachment":[{"href":"https:\/\/mod.wisdar.net\/tr\/wp-json\/wp\/v2\/media?parent=182449"}],"wp:term":[{"taxonomy":"product_brand","embeddable":true,"href":"https:\/\/mod.wisdar.net\/tr\/wp-json\/wp\/v2\/product_brand?post=182449"},{"taxonomy":"product_cat","embeddable":true,"href":"https:\/\/mod.wisdar.net\/tr\/wp-json\/wp\/v2\/product_cat?post=182449"},{"taxonomy":"product_tag","embeddable":true,"href":"https:\/\/mod.wisdar.net\/tr\/wp-json\/wp\/v2\/product_tag?post=182449"}],"curies":[{"name":"wp","href":"https:\/\/api.w.org\/{rel}","templated":true}]}}