{"id":182501,"date":"2026-03-27T14:42:18","date_gmt":"2026-03-27T14:42:18","guid":{"rendered":"https:\/\/modesthanim.com\/product\/%100-pamuk-puantiyeli-poplin-tunik\/"},"modified":"2026-04-11T08:01:54","modified_gmt":"2026-04-11T08:01:54","slug":"%100-pamuk-puantiyeli-poplin-tunik","status":"publish","type":"product","link":"https:\/\/mod.wisdar.net\/tr\/urun\/%100-pamuk-puantiyeli-poplin-tunik\/","title":{"rendered":"%100 Pamuk Puantiyeli Poplin Tunik"},"content":{"rendered":"<p>Arad\u0131\u011f\u0131n\u0131z Beyaz Kad\u0131n %100 Pamuk Puantiyeli Poplin Tunik en uygun fiyatla DeFacto&#8217;da! Yeni sezon Beyaz Kad\u0131n %100 Pamuk Puantiyeli Poplin Tunik i\u00e7in hemen DeFacto&#8217;ya t\u0131klay\u0131n!<\/p>\n<p>\u2014 Teknik Detaylar \u2014<br \/>\nKuma\u015f: Poplin<br \/>\n\u00dcr\u00fcn Uzunlu\u011fu: 65 cm<br \/>\nDesen: Puantiye<br \/>\nRenk: Beyaz<br \/>\nKal\u0131p: Regular Fit<br \/>\nCinsiyet: Kad\u0131n<br \/>\nKuma\u015f Kal\u0131nl\u0131k Bilgisi: \u0130nce<\/p>\n","protected":false},"excerpt":{"rendered":"<p>Arad\u0131\u011f\u0131n\u0131z Beyaz Kad\u0131n %100 Pamuk Puantiyeli Poplin Tunik en uygun fiyatla DeFacto&#8217;da! Yeni sezon Beyaz Kad\u0131n %100 Pamuk Puantiyeli Poplin Tunik i\u00e7in hemen DeFacto&#8217;ya t\u0131klay\u0131n! \u2014 Teknik Detaylar \u2014 Kuma\u015f: Poplin \u00dcr\u00fcn Uzunlu\u011fu: 65 cm Desen: Puantiye Renk: Beyaz Kal\u0131p: Regular Fit Cinsiyet: Kad\u0131n Kuma\u015f Kal\u0131nl\u0131k Bilgisi: \u0130nce<\/p>\n","protected":false},"featured_media":182487,"comment_status":"open","ping_status":"closed","template":"","meta":[],"product_brand":[],"product_cat":[2050],"product_tag":[12012,12010,12009,12011],"class_list":{"0":"post-182501","1":"product","2":"type-product","3":"status-publish","4":"has-post-thumbnail","6":"product_cat-blazer-ceketler","7":"product_tag-0-pamuk-puantiyeli-poplin-tunik","8":"product_tag-beyaz-0-pamuk-puantiyeli-poplin-tunik","9":"product_tag-beyaz-kadin-0-pamuk-puantiyeli-poplin-tunik","10":"product_tag-kadin-0-pamuk-puantiyeli-poplin-tunik","11":"pa_brand-defacto","12":"pa_color-kirik-beyaz","13":"pa_size-l","14":"pa_size-m","15":"pa_size-s","16":"pa_size-xl","18":"first","19":"instock","20":"sale","21":"shipping-taxable","22":"purchasable","23":"product-type-variable"},"_links":{"self":[{"href":"https:\/\/mod.wisdar.net\/tr\/wp-json\/wp\/v2\/product\/182501","targetHints":{"allow":["GET"]}}],"collection":[{"href":"https:\/\/mod.wisdar.net\/tr\/wp-json\/wp\/v2\/product"}],"about":[{"href":"https:\/\/mod.wisdar.net\/tr\/wp-json\/wp\/v2\/types\/product"}],"replies":[{"embeddable":true,"href":"https:\/\/mod.wisdar.net\/tr\/wp-json\/wp\/v2\/comments?post=182501"}],"wp:featuredmedia":[{"embeddable":true,"href":"https:\/\/mod.wisdar.net\/tr\/wp-json\/wp\/v2\/media\/182487"}],"wp:attachment":[{"href":"https:\/\/mod.wisdar.net\/tr\/wp-json\/wp\/v2\/media?parent=182501"}],"wp:term":[{"taxonomy":"product_brand","embeddable":true,"href":"https:\/\/mod.wisdar.net\/tr\/wp-json\/wp\/v2\/product_brand?post=182501"},{"taxonomy":"product_cat","embeddable":true,"href":"https:\/\/mod.wisdar.net\/tr\/wp-json\/wp\/v2\/product_cat?post=182501"},{"taxonomy":"product_tag","embeddable":true,"href":"https:\/\/mod.wisdar.net\/tr\/wp-json\/wp\/v2\/product_tag?post=182501"}],"curies":[{"name":"wp","href":"https:\/\/api.w.org\/{rel}","templated":true}]}}