{"id":182537,"date":"2026-03-27T14:43:16","date_gmt":"2026-03-27T14:43:16","guid":{"rendered":"https:\/\/modesthanim.com\/product\/a-kesim-cizgili-keten-etek\/"},"modified":"2026-03-27T15:02:07","modified_gmt":"2026-03-27T15:02:07","slug":"a-kesim-cizgili-keten-etek","status":"publish","type":"product","link":"https:\/\/mod.wisdar.net\/tr\/urun\/a-kesim-cizgili-keten-etek\/","title":{"rendered":"A Kesim \u00c7izgili Keten Etek"},"content":{"rendered":"<p>Arad\u0131\u011f\u0131n Beyaz Kad\u0131n A Kesim \u00c7izgili Keten Etek en uygun fiyatla DeFacto&#8217;da! Yeni sezon Beyaz Kad\u0131n A Kesim \u00c7izgili Keten Etek i\u00e7in hemen DeFacto&#8217;ya t\u0131kla!<\/p>\n<p>\u2014 Technical Details \u2014<br \/>\nCinsiyet: Kad\u0131n<br \/>\nKal\u0131p: A Kesim<br \/>\n\u00dcr\u00fcn Y\u00fcksekli\u011fi: 95<br \/>\n\u00dcr\u00fcn Tipi: Etek<br \/>\nRenk: Beyaz<br \/>\nDesen: \u00c7izgili<br \/>\nMarka: Defacto<br \/>\nMen\u015fei: TR<br \/>\n\u00dcr\u00fcn Grubu: Kad\u0131n Tesett\u00fcr Etek<br \/>\nNumune Bedeni: 36<br \/>\nModel \u00d6l\u00e7\u00fcleri: 36 Beden \u2013 1,72cm \u2013 88\/60\/90<\/p>\n","protected":false},"excerpt":{"rendered":"<p>Arad\u0131\u011f\u0131n Beyaz Kad\u0131n A Kesim \u00c7izgili Keten Etek en uygun fiyatla DeFacto&#8217;da! Yeni sezon Beyaz Kad\u0131n A Kesim \u00c7izgili Keten Etek i\u00e7in hemen DeFacto&#8217;ya t\u0131kla! \u2014 Technical Details \u2014 Cinsiyet: Kad\u0131n Kal\u0131p: A Kesim \u00dcr\u00fcn Y\u00fcksekli\u011fi: 95 \u00dcr\u00fcn Tipi: Etek Renk: Beyaz Desen: \u00c7izgili Marka: Defacto Men\u015fei: TR \u00dcr\u00fcn Grubu: Kad\u0131n Tesett\u00fcr Etek Numune Bedeni: [&hellip;]<\/p>\n","protected":false},"featured_media":182530,"comment_status":"open","ping_status":"closed","template":"","meta":[],"product_brand":[],"product_cat":[1969],"product_tag":[4847,7294,7912],"class_list":{"0":"post-182537","1":"product","2":"type-product","3":"status-publish","4":"has-post-thumbnail","6":"product_cat-etekler","7":"product_tag-a-line","8":"product_tag-beyaz","9":"product_tag-cizgili","10":"pa_brand-defacto","11":"pa_color-beyaz","12":"pa_size-4701","13":"pa_size-4706","14":"pa_size-4711","15":"pa_size-4713","17":"first","18":"instock","19":"sale","20":"shipping-taxable","21":"purchasable","22":"product-type-variable"},"_links":{"self":[{"href":"https:\/\/mod.wisdar.net\/tr\/wp-json\/wp\/v2\/product\/182537","targetHints":{"allow":["GET"]}}],"collection":[{"href":"https:\/\/mod.wisdar.net\/tr\/wp-json\/wp\/v2\/product"}],"about":[{"href":"https:\/\/mod.wisdar.net\/tr\/wp-json\/wp\/v2\/types\/product"}],"replies":[{"embeddable":true,"href":"https:\/\/mod.wisdar.net\/tr\/wp-json\/wp\/v2\/comments?post=182537"}],"wp:featuredmedia":[{"embeddable":true,"href":"https:\/\/mod.wisdar.net\/tr\/wp-json\/wp\/v2\/media\/182530"}],"wp:attachment":[{"href":"https:\/\/mod.wisdar.net\/tr\/wp-json\/wp\/v2\/media?parent=182537"}],"wp:term":[{"taxonomy":"product_brand","embeddable":true,"href":"https:\/\/mod.wisdar.net\/tr\/wp-json\/wp\/v2\/product_brand?post=182537"},{"taxonomy":"product_cat","embeddable":true,"href":"https:\/\/mod.wisdar.net\/tr\/wp-json\/wp\/v2\/product_cat?post=182537"},{"taxonomy":"product_tag","embeddable":true,"href":"https:\/\/mod.wisdar.net\/tr\/wp-json\/wp\/v2\/product_tag?post=182537"}],"curies":[{"name":"wp","href":"https:\/\/api.w.org\/{rel}","templated":true}]}}