{"id":182586,"date":"2026-03-27T14:45:27","date_gmt":"2026-03-27T14:45:27","guid":{"rendered":"https:\/\/modesthanim.com\/product\/%100-pamuk-relax-fit-poplin-gomlek-tunik\/"},"modified":"2026-04-04T07:55:59","modified_gmt":"2026-04-04T07:55:59","slug":"%100-pamuk-relax-fit-poplin-gomlek-tunik","status":"publish","type":"product","link":"https:\/\/mod.wisdar.net\/tr\/urun\/%100-pamuk-relax-fit-poplin-gomlek-tunik\/","title":{"rendered":"%100 Pamuk Relax F\u0131t Poplin G\u00f6mlek Tunik"},"content":{"rendered":"<p>Relax fit poplin g\u00f6mlek tunik, hafif ve nefes alabilen kuma\u015f\u0131yla g\u00fcn boyu rahatl\u0131k sunar. \u015e\u0131k ve modern tasar\u0131m\u0131yla hem g\u00fcnl\u00fck hem de \u015f\u0131k kombinlerde kolayca kullan\u0131labilir.<\/p>\n<p>\u2014 Technical Details \u2014<br \/>\nKal\u0131p: Relax F\u0131t<br \/>\n\u00dcr\u00fcn Y\u00fcksekli\u011fi: 75<br \/>\nCinsiyet: Kad\u0131n<br \/>\nKuma\u015f Kal\u0131nl\u0131k Bilgisi: Kal\u0131n<br \/>\nKuma\u015f: Poplin<br \/>\nRenk: Khaki<\/p>\n","protected":false},"excerpt":{"rendered":"<p>Relax fit poplin g\u00f6mlek tunik, hafif ve nefes alabilen kuma\u015f\u0131yla g\u00fcn boyu rahatl\u0131k sunar. \u015e\u0131k ve modern tasar\u0131m\u0131yla hem g\u00fcnl\u00fck hem de \u015f\u0131k kombinlerde kolayca kullan\u0131labilir. \u2014 Technical Details \u2014 Kal\u0131p: Relax F\u0131t \u00dcr\u00fcn Y\u00fcksekli\u011fi: 75 Cinsiyet: Kad\u0131n Kuma\u015f Kal\u0131nl\u0131k Bilgisi: Kal\u0131n Kuma\u015f: Poplin Renk: Khaki<\/p>\n","protected":false},"featured_media":182576,"comment_status":"open","ping_status":"closed","template":"","meta":[],"product_brand":[],"product_cat":[2050],"product_tag":[7426,6744,6882],"class_list":{"0":"post-182586","1":"product","2":"type-product","3":"status-publish","4":"has-post-thumbnail","6":"product_cat-blazer-ceketler","7":"product_tag-gunluk-giyim-3","8":"product_tag-kadin-modasi","9":"product_tag-rahat-kesim-2","10":"pa_brand-defacto","11":"pa_color-haki","12":"pa_size-l","13":"pa_size-m","14":"pa_size-s","15":"pa_size-xl","17":"first","18":"instock","19":"shipping-taxable","20":"purchasable","21":"product-type-variable"},"_links":{"self":[{"href":"https:\/\/mod.wisdar.net\/tr\/wp-json\/wp\/v2\/product\/182586","targetHints":{"allow":["GET"]}}],"collection":[{"href":"https:\/\/mod.wisdar.net\/tr\/wp-json\/wp\/v2\/product"}],"about":[{"href":"https:\/\/mod.wisdar.net\/tr\/wp-json\/wp\/v2\/types\/product"}],"replies":[{"embeddable":true,"href":"https:\/\/mod.wisdar.net\/tr\/wp-json\/wp\/v2\/comments?post=182586"}],"wp:featuredmedia":[{"embeddable":true,"href":"https:\/\/mod.wisdar.net\/tr\/wp-json\/wp\/v2\/media\/182576"}],"wp:attachment":[{"href":"https:\/\/mod.wisdar.net\/tr\/wp-json\/wp\/v2\/media?parent=182586"}],"wp:term":[{"taxonomy":"product_brand","embeddable":true,"href":"https:\/\/mod.wisdar.net\/tr\/wp-json\/wp\/v2\/product_brand?post=182586"},{"taxonomy":"product_cat","embeddable":true,"href":"https:\/\/mod.wisdar.net\/tr\/wp-json\/wp\/v2\/product_cat?post=182586"},{"taxonomy":"product_tag","embeddable":true,"href":"https:\/\/mod.wisdar.net\/tr\/wp-json\/wp\/v2\/product_tag?post=182586"}],"curies":[{"name":"wp","href":"https:\/\/api.w.org\/{rel}","templated":true}]}}