{"id":182623,"date":"2026-03-27T14:46:10","date_gmt":"2026-03-27T14:46:10","guid":{"rendered":"https:\/\/modesthanim.com\/product\/kareli-gofre-dokulu-tunik\/"},"modified":"2026-04-11T08:03:05","modified_gmt":"2026-04-11T08:03:05","slug":"kareli-gofre-dokulu-tunik","status":"publish","type":"product","link":"https:\/\/mod.wisdar.net\/tr\/urun\/kareli-gofre-dokulu-tunik\/","title":{"rendered":"Kareli Gofre Dokulu Tunik"},"content":{"rendered":"<p>Kareli gofre dokulu tunik, dokulu kuma\u015f\u0131 ve \u015f\u0131k kareli deseniyle modern bir stil sunar. Rahat kesimi sayesinde g\u00fcn boyu konfor sa\u011flar.<\/p>\n","protected":false},"excerpt":{"rendered":"<p>Kareli gofre dokulu tunik, dokulu kuma\u015f\u0131 ve \u015f\u0131k kareli deseniyle modern bir stil sunar. Rahat kesimi sayesinde g\u00fcn boyu konfor sa\u011flar.<\/p>\n","protected":false},"featured_media":182610,"comment_status":"open","ping_status":"closed","template":"","meta":[],"product_brand":[],"product_cat":[2050],"product_tag":[7590,7036,6845,6747,6751],"class_list":{"0":"post-182623","1":"product","2":"type-product","3":"status-publish","4":"has-post-thumbnail","6":"product_cat-blazer-ceketler","7":"product_tag-dokulu-kumas","8":"product_tag-ekose-desen-3","9":"product_tag-modern-stil","10":"product_tag-pile-detayli","11":"product_tag-rahat","12":"pa_brand-defacto","13":"pa_color-kirmizi","14":"pa_size-l","15":"pa_size-m","16":"pa_size-s","17":"pa_size-xl","19":"first","20":"instock","21":"shipping-taxable","22":"purchasable","23":"product-type-variable"},"_links":{"self":[{"href":"https:\/\/mod.wisdar.net\/tr\/wp-json\/wp\/v2\/product\/182623","targetHints":{"allow":["GET"]}}],"collection":[{"href":"https:\/\/mod.wisdar.net\/tr\/wp-json\/wp\/v2\/product"}],"about":[{"href":"https:\/\/mod.wisdar.net\/tr\/wp-json\/wp\/v2\/types\/product"}],"replies":[{"embeddable":true,"href":"https:\/\/mod.wisdar.net\/tr\/wp-json\/wp\/v2\/comments?post=182623"}],"wp:featuredmedia":[{"embeddable":true,"href":"https:\/\/mod.wisdar.net\/tr\/wp-json\/wp\/v2\/media\/182610"}],"wp:attachment":[{"href":"https:\/\/mod.wisdar.net\/tr\/wp-json\/wp\/v2\/media?parent=182623"}],"wp:term":[{"taxonomy":"product_brand","embeddable":true,"href":"https:\/\/mod.wisdar.net\/tr\/wp-json\/wp\/v2\/product_brand?post=182623"},{"taxonomy":"product_cat","embeddable":true,"href":"https:\/\/mod.wisdar.net\/tr\/wp-json\/wp\/v2\/product_cat?post=182623"},{"taxonomy":"product_tag","embeddable":true,"href":"https:\/\/mod.wisdar.net\/tr\/wp-json\/wp\/v2\/product_tag?post=182623"}],"curies":[{"name":"wp","href":"https:\/\/api.w.org\/{rel}","templated":true}]}}