{"id":182657,"date":"2026-03-27T14:47:13","date_gmt":"2026-03-27T14:47:13","guid":{"rendered":"https:\/\/modesthanim.com\/product\/regular-fit-muslin-tunik\/"},"modified":"2026-03-27T15:02:52","modified_gmt":"2026-03-27T15:02:52","slug":"regular-fit-muslin-tunik","status":"publish","type":"product","link":"https:\/\/mod.wisdar.net\/tr\/urun\/regular-fit-muslin-tunik\/","title":{"rendered":"Regular F\u0131t M\u00fcslin Tunik"},"content":{"rendered":"<p>Arad\u0131\u011f\u0131n Ekru Kad\u0131n Regular F\u0131t M\u00fcslin Tunik en uygun fiyatla DeFacto&#8217;da! Yeni sezon Ekru Kad\u0131n Regular F\u0131t M\u00fcslin Tunik i\u00e7in hemen DeFacto&#8217;ya t\u0131kla!<\/p>\n","protected":false},"excerpt":{"rendered":"<p>Arad\u0131\u011f\u0131n Ekru Kad\u0131n Regular F\u0131t M\u00fcslin Tunik en uygun fiyatla DeFacto&#8217;da! Yeni sezon Ekru Kad\u0131n Regular F\u0131t M\u00fcslin Tunik i\u00e7in hemen DeFacto&#8217;ya t\u0131kla!<\/p>\n","protected":false},"featured_media":182652,"comment_status":"open","ping_status":"closed","template":"","meta":[],"product_brand":[],"product_cat":[2050],"product_tag":[],"class_list":{"0":"post-182657","1":"product","2":"type-product","3":"status-publish","4":"has-post-thumbnail","6":"product_cat-blazer-ceketler","7":"pa_brand-defacto","8":"pa_color-ekru","9":"pa_size-l","10":"pa_size-m","11":"pa_size-s","13":"first","14":"instock","15":"shipping-taxable","16":"purchasable","17":"product-type-variable"},"_links":{"self":[{"href":"https:\/\/mod.wisdar.net\/tr\/wp-json\/wp\/v2\/product\/182657","targetHints":{"allow":["GET"]}}],"collection":[{"href":"https:\/\/mod.wisdar.net\/tr\/wp-json\/wp\/v2\/product"}],"about":[{"href":"https:\/\/mod.wisdar.net\/tr\/wp-json\/wp\/v2\/types\/product"}],"replies":[{"embeddable":true,"href":"https:\/\/mod.wisdar.net\/tr\/wp-json\/wp\/v2\/comments?post=182657"}],"wp:featuredmedia":[{"embeddable":true,"href":"https:\/\/mod.wisdar.net\/tr\/wp-json\/wp\/v2\/media\/182652"}],"wp:attachment":[{"href":"https:\/\/mod.wisdar.net\/tr\/wp-json\/wp\/v2\/media?parent=182657"}],"wp:term":[{"taxonomy":"product_brand","embeddable":true,"href":"https:\/\/mod.wisdar.net\/tr\/wp-json\/wp\/v2\/product_brand?post=182657"},{"taxonomy":"product_cat","embeddable":true,"href":"https:\/\/mod.wisdar.net\/tr\/wp-json\/wp\/v2\/product_cat?post=182657"},{"taxonomy":"product_tag","embeddable":true,"href":"https:\/\/mod.wisdar.net\/tr\/wp-json\/wp\/v2\/product_tag?post=182657"}],"curies":[{"name":"wp","href":"https:\/\/api.w.org\/{rel}","templated":true}]}}