{"id":182716,"date":"2026-03-27T14:50:04","date_gmt":"2026-03-27T14:50:04","guid":{"rendered":"https:\/\/modesthanim.com\/product\/bisiklet-yaka-krinkil-kumas-uzun-kollu-elbise\/"},"modified":"2026-03-27T15:04:04","modified_gmt":"2026-03-27T15:04:04","slug":"bisiklet-yaka-krinkil-kumas-uzun-kollu-elbise","status":"publish","type":"product","link":"https:\/\/mod.wisdar.net\/tr\/urun\/bisiklet-yaka-krinkil-kumas-uzun-kollu-elbise\/","title":{"rendered":"Bisiklet Yaka Krink\u0131l Kuma\u015f Uzun Kollu Elbise"},"content":{"rendered":"<p>Arad\u0131\u011f\u0131n Kahve Kad\u0131n Bisiklet Yaka Krink\u0131l Kuma\u015f Uzun Kollu Elbise en uygun fiyatla DeFacto&#8217;da! Yeni sezon Kahve Kad\u0131n Bisiklet Yaka Krink\u0131l Kuma\u015f Uzun Kollu Elbise i\u00e7in hemen DeFacto&#8217;ya t\u0131kla!<\/p>\n<p>\u2014 Technical Details \u2014<br \/>\nproduct_type: Elbise<br \/>\nproduct_height: 135<br \/>\nspecial_product: G\u00fcnl\u00fck<br \/>\nsleeve_length: Uzun Kollu<br \/>\nfabric: Krink\u0131l Kuma\u015f<br \/>\ngender: Kad\u0131n<br \/>\ncolor: Kahverengi<br \/>\norigin: TR<br \/>\nmodel_measurements: Modelin \u00d6l\u00e7\u00fcleri 36 Beden \u2013 1,72cm \u2013 88\/60\/90<\/p>\n","protected":false},"excerpt":{"rendered":"<p>Arad\u0131\u011f\u0131n Kahve Kad\u0131n Bisiklet Yaka Krink\u0131l Kuma\u015f Uzun Kollu Elbise en uygun fiyatla DeFacto&#8217;da! Yeni sezon Kahve Kad\u0131n Bisiklet Yaka Krink\u0131l Kuma\u015f Uzun Kollu Elbise i\u00e7in hemen DeFacto&#8217;ya t\u0131kla! \u2014 Technical Details \u2014 product_type: Elbise product_height: 135 special_product: G\u00fcnl\u00fck sleeve_length: Uzun Kollu fabric: Krink\u0131l Kuma\u015f gender: Kad\u0131n color: Kahverengi origin: TR model_measurements: Modelin \u00d6l\u00e7\u00fcleri 36 [&hellip;]<\/p>\n","protected":false},"featured_media":182704,"comment_status":"open","ping_status":"closed","template":"","meta":[],"product_brand":[],"product_cat":[6249,1933],"product_tag":[4908,6768],"class_list":{"0":"post-182716","1":"product","2":"type-product","3":"status-publish","4":"has-post-thumbnail","6":"product_cat-elbiseler","7":"product_cat-gunluk-ve-gunduz-elbiseleri","8":"product_tag-brown","9":"product_tag-uzun-kol","10":"pa_brand-defacto","11":"pa_color-kahve","12":"pa_size-4701","13":"pa_size-4706","14":"pa_size-4711","15":"pa_size-4713","17":"first","18":"instock","19":"sale","20":"shipping-taxable","21":"purchasable","22":"product-type-variable"},"_links":{"self":[{"href":"https:\/\/mod.wisdar.net\/tr\/wp-json\/wp\/v2\/product\/182716","targetHints":{"allow":["GET"]}}],"collection":[{"href":"https:\/\/mod.wisdar.net\/tr\/wp-json\/wp\/v2\/product"}],"about":[{"href":"https:\/\/mod.wisdar.net\/tr\/wp-json\/wp\/v2\/types\/product"}],"replies":[{"embeddable":true,"href":"https:\/\/mod.wisdar.net\/tr\/wp-json\/wp\/v2\/comments?post=182716"}],"wp:featuredmedia":[{"embeddable":true,"href":"https:\/\/mod.wisdar.net\/tr\/wp-json\/wp\/v2\/media\/182704"}],"wp:attachment":[{"href":"https:\/\/mod.wisdar.net\/tr\/wp-json\/wp\/v2\/media?parent=182716"}],"wp:term":[{"taxonomy":"product_brand","embeddable":true,"href":"https:\/\/mod.wisdar.net\/tr\/wp-json\/wp\/v2\/product_brand?post=182716"},{"taxonomy":"product_cat","embeddable":true,"href":"https:\/\/mod.wisdar.net\/tr\/wp-json\/wp\/v2\/product_cat?post=182716"},{"taxonomy":"product_tag","embeddable":true,"href":"https:\/\/mod.wisdar.net\/tr\/wp-json\/wp\/v2\/product_tag?post=182716"}],"curies":[{"name":"wp","href":"https:\/\/api.w.org\/{rel}","templated":true}]}}