{"id":182849,"date":"2026-03-27T14:53:14","date_gmt":"2026-03-27T14:53:14","guid":{"rendered":"https:\/\/modesthanim.com\/product\/keten-tensel-klos-etek-lacivert\/"},"modified":"2026-03-27T15:07:03","modified_gmt":"2026-03-27T15:07:03","slug":"keten-tensel-klos-etek-lacivert","status":"publish","type":"product","link":"https:\/\/mod.wisdar.net\/tr\/urun\/keten-tensel-klos-etek-lacivert\/","title":{"rendered":"Keten Tensel Klo\u015f Etek Lacivert"},"content":{"rendered":"<p>Beden Yard\u0131m Rehberi<\/p>\n<p>BEDEN KILAVUZU<\/p>\n<p>\u00d6l\u00e7\u00fcler<br \/>\n36\t38\t40\t42<br \/>\nBoy<br \/>\n96 cm\t96 cm\t96 cm\t96 cm<br \/>\nBel<br \/>\n72 cm\t76 cm\t80 cm\t84 cm<br \/>\nBasen<br \/>\n150 cm\t154 cm\t158 cm\t162 cm<\/p>\n<p>\u2014 Teknik Detaylar \u2014<br \/>\nMarka: Minik Terzi<br \/>\nSezon: YAZ<br \/>\nCinsiyet: Kad\u0131n<br \/>\nMalzeme: Tensel\/Pamuk<br \/>\nKuma\u015f \u0130\u00e7eri\u011fi: %55 Tensel %45 Pamuk<br \/>\nKal\u0131p: Tam Kal\u0131p<br \/>\nMankenin Giydi\u011fi Beden: 36<br \/>\nA\u00e7\u0131klama: Ters \u00e7evirerek k\u0131sa programda 30 derecede y\u0131kay\u0131n\u0131z.<\/p>\n","protected":false},"excerpt":{"rendered":"<p>Beden Yard\u0131m Rehberi BEDEN KILAVUZU \u00d6l\u00e7\u00fcler 36 38 40 42 Boy 96 cm 96 cm 96 cm 96 cm Bel 72 cm 76 cm 80 cm 84 cm Basen 150 cm 154 cm 158 cm 162 cm \u2014 Teknik Detaylar \u2014 Marka: Minik Terzi Sezon: YAZ Cinsiyet: Kad\u0131n Malzeme: Tensel\/Pamuk Kuma\u015f \u0130\u00e7eri\u011fi: %55 Tensel %45 [&hellip;]<\/p>\n","protected":false},"featured_media":182847,"comment_status":"open","ping_status":"closed","template":"","meta":[],"product_brand":[],"product_cat":[1969],"product_tag":[],"class_list":{"0":"post-182849","1":"product","2":"type-product","3":"status-publish","4":"has-post-thumbnail","6":"product_cat-etekler","7":"pa_brand-minik-terzi","8":"pa_color-lacivert","9":"pa_size-4701","10":"pa_size-4706","11":"pa_size-4711","12":"pa_size-4713","14":"first","15":"instock","16":"sale","17":"shipping-taxable","18":"purchasable","19":"product-type-variable"},"_links":{"self":[{"href":"https:\/\/mod.wisdar.net\/tr\/wp-json\/wp\/v2\/product\/182849","targetHints":{"allow":["GET"]}}],"collection":[{"href":"https:\/\/mod.wisdar.net\/tr\/wp-json\/wp\/v2\/product"}],"about":[{"href":"https:\/\/mod.wisdar.net\/tr\/wp-json\/wp\/v2\/types\/product"}],"replies":[{"embeddable":true,"href":"https:\/\/mod.wisdar.net\/tr\/wp-json\/wp\/v2\/comments?post=182849"}],"wp:featuredmedia":[{"embeddable":true,"href":"https:\/\/mod.wisdar.net\/tr\/wp-json\/wp\/v2\/media\/182847"}],"wp:attachment":[{"href":"https:\/\/mod.wisdar.net\/tr\/wp-json\/wp\/v2\/media?parent=182849"}],"wp:term":[{"taxonomy":"product_brand","embeddable":true,"href":"https:\/\/mod.wisdar.net\/tr\/wp-json\/wp\/v2\/product_brand?post=182849"},{"taxonomy":"product_cat","embeddable":true,"href":"https:\/\/mod.wisdar.net\/tr\/wp-json\/wp\/v2\/product_cat?post=182849"},{"taxonomy":"product_tag","embeddable":true,"href":"https:\/\/mod.wisdar.net\/tr\/wp-json\/wp\/v2\/product_tag?post=182849"}],"curies":[{"name":"wp","href":"https:\/\/api.w.org\/{rel}","templated":true}]}}