{"id":182883,"date":"2026-03-27T14:54:12","date_gmt":"2026-03-27T14:54:12","guid":{"rendered":"https:\/\/modesthanim.com\/product\/nakisli-godeli-etek-siyah\/"},"modified":"2026-03-27T15:09:54","modified_gmt":"2026-03-27T15:09:54","slug":"nakisli-godeli-etek-siyah","status":"publish","type":"product","link":"https:\/\/mod.wisdar.net\/tr\/urun\/nakisli-godeli-etek-siyah\/","title":{"rendered":"Nak\u0131\u015fl\u0131 Godeli Etek Siyah"},"content":{"rendered":"<p>Beden Yard\u0131m Rehberi <\/p>\n<p>BEDEN KILAVUZU<\/p>\n<p>\u00a0<\/p>\n<p>\t\t\t\u00d6l\u00e7\u00fcler<br \/>\n\t\t\t36<br \/>\n\t\t\t38<br \/>\n\t\t\t40<br \/>\n\t\t\t42<\/p>\n<p>\t\t\tBoy<br \/>\n\t\t\t90 cm<br \/>\n\t\t\t90 cm<br \/>\n\t\t\t90 cm<br \/>\n\t\t\t90 cm<\/p>\n<p>\t\t\tBel<br \/>\n\t\t\t72 cm<br \/>\n\t\t\t76 cm<br \/>\n\t\t\t80 cm<br \/>\n\t\t\t84 cm<\/p>\n<p>\t\t\tBasen<br \/>\n\t\t\t180 cm<br \/>\n\t\t\t184 cm<br \/>\n\t\t\t188 cm<br \/>\n\t\t\t192 cm<\/p>\n<p>Astarl\u0131d\u0131r.<br \/>\nMarka: Minik Terzi<br \/>\nSezon: YAZ<br \/>\nCinsiyet: Kad\u0131n<br \/>\nMalzeme: Tensel\/Polyester<br \/>\nKuma\u015f \u0130\u00e7eri\u011fi: %80 Tensel %20 Polyester<br \/>\nKal\u0131p: Tam Kal\u0131p<br \/>\nMankenin Giydi\u011fi Beden: 34<br \/>\nA\u00e7\u0131klama: Ters \u00e7evirerek k\u0131sa programda 30\u00b0 y\u0131kay\u0131n\u0131z.<\/p>\n<p>\u2014 Technical Details \u2014<br \/>\n\u00dcr\u00fcn Hakk\u0131nda: Astarl\u0131d\u0131r.<br \/>\nMarka: Minik Terzi<br \/>\nSezon: YAZ<br \/>\nCinsiyet: Kad\u0131n<br \/>\nMalzeme: Tensel\/Polyester<br \/>\nKuma\u015f \u0130\u00e7eri\u011fi: %80 Tensel %20 Polyester<br \/>\nKal\u0131p: Tam Kal\u0131p<br \/>\nMankenin Giydi\u011fi Beden: 34<br \/>\nA\u00e7\u0131klama: Ters \u00e7evirerek k\u0131sa programda 30\u00b0 y\u0131kay\u0131n\u0131z.<\/p>\n","protected":false},"excerpt":{"rendered":"<p>Beden Yard\u0131m Rehberi BEDEN KILAVUZU \u00a0 \u00d6l\u00e7\u00fcler 36 38 40 42 Boy 90 cm 90 cm 90 cm 90 cm Bel 72 cm 76 cm 80 cm 84 cm Basen 180 cm 184 cm 188 cm 192 cm Astarl\u0131d\u0131r. Marka: Minik Terzi Sezon: YAZ Cinsiyet: Kad\u0131n Malzeme: Tensel\/Polyester Kuma\u015f \u0130\u00e7eri\u011fi: %80 Tensel %20 Polyester Kal\u0131p: [&hellip;]<\/p>\n","protected":false},"featured_media":182881,"comment_status":"open","ping_status":"closed","template":"","meta":[],"product_brand":[],"product_cat":[1969],"product_tag":[4848,6921,6744,7074],"class_list":{"0":"post-182883","1":"product","2":"type-product","3":"status-publish","4":"has-post-thumbnail","6":"product_cat-etekler","7":"product_tag-a-line-skirt","8":"product_tag-astarli","9":"product_tag-kadin-modasi","10":"product_tag-siyah","11":"pa_brand-minik-terzi","12":"pa_color-siyah","13":"pa_size-4698","14":"pa_size-4701","15":"pa_size-4706","16":"pa_size-4711","17":"pa_size-4713","19":"first","20":"instock","21":"sale","22":"shipping-taxable","23":"purchasable","24":"product-type-variable"},"_links":{"self":[{"href":"https:\/\/mod.wisdar.net\/tr\/wp-json\/wp\/v2\/product\/182883","targetHints":{"allow":["GET"]}}],"collection":[{"href":"https:\/\/mod.wisdar.net\/tr\/wp-json\/wp\/v2\/product"}],"about":[{"href":"https:\/\/mod.wisdar.net\/tr\/wp-json\/wp\/v2\/types\/product"}],"replies":[{"embeddable":true,"href":"https:\/\/mod.wisdar.net\/tr\/wp-json\/wp\/v2\/comments?post=182883"}],"wp:featuredmedia":[{"embeddable":true,"href":"https:\/\/mod.wisdar.net\/tr\/wp-json\/wp\/v2\/media\/182881"}],"wp:attachment":[{"href":"https:\/\/mod.wisdar.net\/tr\/wp-json\/wp\/v2\/media?parent=182883"}],"wp:term":[{"taxonomy":"product_brand","embeddable":true,"href":"https:\/\/mod.wisdar.net\/tr\/wp-json\/wp\/v2\/product_brand?post=182883"},{"taxonomy":"product_cat","embeddable":true,"href":"https:\/\/mod.wisdar.net\/tr\/wp-json\/wp\/v2\/product_cat?post=182883"},{"taxonomy":"product_tag","embeddable":true,"href":"https:\/\/mod.wisdar.net\/tr\/wp-json\/wp\/v2\/product_tag?post=182883"}],"curies":[{"name":"wp","href":"https:\/\/api.w.org\/{rel}","templated":true}]}}