{"id":182979,"date":"2026-03-27T14:55:41","date_gmt":"2026-03-27T14:55:41","guid":{"rendered":"https:\/\/modesthanim.com\/product\/keten-tensel-klos-etek-koyu-vizon\/"},"modified":"2026-04-11T08:41:25","modified_gmt":"2026-04-11T08:41:25","slug":"keten-tensel-klos-etek-koyu-vizon","status":"publish","type":"product","link":"https:\/\/mod.wisdar.net\/tr\/urun\/keten-tensel-klos-etek-koyu-vizon\/","title":{"rendered":"Keten Tensel Klo\u015f Etek Koyu Vizon"},"content":{"rendered":"<p>Beden Yard\u0131m Rehberi <\/p>\n<p>BEDEN KILAVUZU<\/p>\n<p>\u00a0<\/p>\n<p>\t\t\t\u00d6l\u00e7\u00fcler<br \/>\n\t\t\t36<br \/>\n\t\t\t38<br \/>\n\t\t\t40<br \/>\n\t\t\t42<\/p>\n<p>\t\t\tBoy<br \/>\n\t\t\t96 cm<br \/>\n\t\t\t96 cm<br \/>\n\t\t\t96 cm<br \/>\n\t\t\t96 cm<\/p>\n<p>\t\t\tBel<br \/>\n\t\t\t72 cm<br \/>\n\t\t\t76 cm<br \/>\n\t\t\t80 cm<br \/>\n\t\t\t84 cm<\/p>\n<p>\t\t\tBasen<br \/>\n\t\t\t150 cm<br \/>\n\t\t\t154 cm<br \/>\n\t\t\t158 cm<br \/>\n\t\t\t162 cm<\/p>\n<p>\u2014 Technical Details \u2014<br \/>\nMarka: Minik Terzi<br \/>\nSezon: YAZ<br \/>\nCinsiyet: Kad\u0131n<br \/>\nMalzeme: Tensel\/Pamuk<br \/>\nKuma\u015f \u0130\u00e7eri\u011fi: %55 Tensel %45 Pamuk<br \/>\nKal\u0131p: Tam Kal\u0131p<br \/>\nMankenin Giydi\u011fi Beden: 36<br \/>\nA\u00e7\u0131klama: Ters \u00c7evirerek K\u0131sa Programda 30 Derecede y\u0131kay\u0131n\u0131z.<\/p>\n","protected":false},"excerpt":{"rendered":"<p>Beden Yard\u0131m Rehberi BEDEN KILAVUZU \u00a0 \u00d6l\u00e7\u00fcler 36 38 40 42 Boy 96 cm 96 cm 96 cm 96 cm Bel 72 cm 76 cm 80 cm 84 cm Basen 150 cm 154 cm 158 cm 162 cm \u2014 Technical Details \u2014 Marka: Minik Terzi Sezon: YAZ Cinsiyet: Kad\u0131n Malzeme: Tensel\/Pamuk Kuma\u015f \u0130\u00e7eri\u011fi: %55 Tensel [&hellip;]<\/p>\n","protected":false},"featured_media":182972,"comment_status":"open","ping_status":"closed","template":"","meta":[],"product_brand":[],"product_cat":[1969],"product_tag":[7547,8247],"class_list":{"0":"post-182979","1":"product","2":"type-product","3":"status-publish","4":"has-post-thumbnail","6":"product_cat-etekler","7":"product_tag-kadin-giyim","8":"product_tag-klos-etek","9":"pa_brand-minik-terzi","10":"pa_color-koyu-vizon","11":"pa_size-4701","12":"pa_size-4706","13":"pa_size-4711","14":"pa_size-4713","16":"first","17":"outofstock","18":"shipping-taxable","19":"product-type-variable"},"_links":{"self":[{"href":"https:\/\/mod.wisdar.net\/tr\/wp-json\/wp\/v2\/product\/182979","targetHints":{"allow":["GET"]}}],"collection":[{"href":"https:\/\/mod.wisdar.net\/tr\/wp-json\/wp\/v2\/product"}],"about":[{"href":"https:\/\/mod.wisdar.net\/tr\/wp-json\/wp\/v2\/types\/product"}],"replies":[{"embeddable":true,"href":"https:\/\/mod.wisdar.net\/tr\/wp-json\/wp\/v2\/comments?post=182979"}],"wp:featuredmedia":[{"embeddable":true,"href":"https:\/\/mod.wisdar.net\/tr\/wp-json\/wp\/v2\/media\/182972"}],"wp:attachment":[{"href":"https:\/\/mod.wisdar.net\/tr\/wp-json\/wp\/v2\/media?parent=182979"}],"wp:term":[{"taxonomy":"product_brand","embeddable":true,"href":"https:\/\/mod.wisdar.net\/tr\/wp-json\/wp\/v2\/product_brand?post=182979"},{"taxonomy":"product_cat","embeddable":true,"href":"https:\/\/mod.wisdar.net\/tr\/wp-json\/wp\/v2\/product_cat?post=182979"},{"taxonomy":"product_tag","embeddable":true,"href":"https:\/\/mod.wisdar.net\/tr\/wp-json\/wp\/v2\/product_tag?post=182979"}],"curies":[{"name":"wp","href":"https:\/\/api.w.org\/{rel}","templated":true}]}}