{"id":183064,"date":"2026-03-27T14:57:00","date_gmt":"2026-03-27T14:57:00","guid":{"rendered":"https:\/\/modesthanim.com\/product\/godeli-vual-etek-bordo\/"},"modified":"2026-03-27T15:05:45","modified_gmt":"2026-03-27T15:05:45","slug":"godeli-vual-etek-bordo","status":"publish","type":"product","link":"https:\/\/mod.wisdar.net\/tr\/urun\/godeli-vual-etek-bordo\/","title":{"rendered":"Godeli Vual Etek Bordo"},"content":{"rendered":"<p>Beden Yard\u0131m Rehberi<\/p>\n<p>BEDEN KILAVUZU<\/p>\n<p>\u00d6l\u00e7\u00fcler: 36, 38, 40, 42<\/p>\n<p>Boy: 95 cm (t\u00fcm bedenler)<br \/>\nBel: 36=72 cm, 38=76 cm, 40=80 cm, 42=84 cm<br \/>\nBasen: 36=180 cm, 38=184 cm, 40=188 cm, 42=192 cm<\/p>\n<p>\u2014 Teknik Detaylar \u2014<br \/>\n\u00dcr\u00fcn \u00d6zelli\u011fi: Astarl\u0131d\u0131r.<br \/>\nMarka: Minik Terzi<br \/>\nSezon: MEVS\u0130ML\u0130K<br \/>\nCinsiyet: Kad\u0131n<br \/>\nMalzeme: Pamuk<br \/>\nKuma\u015f \u0130\u00e7eri\u011fi: %100 Pamuk<br \/>\nKal\u0131p: Tam Kal\u0131p<br \/>\nManken \u00d6l\u00e7\u00fcleri: Boy 1,75 m<br \/>\nMankenin Giydi\u011fi Beden: 36<br \/>\nBak\u0131m Talimat\u0131: D\u00fc\u015f\u00fck devirde 20\u00b0 hassas y\u0131kama yap\u0131lmal\u0131d\u0131r.<\/p>\n","protected":false},"excerpt":{"rendered":"<p>Beden Yard\u0131m Rehberi BEDEN KILAVUZU \u00d6l\u00e7\u00fcler: 36, 38, 40, 42 Boy: 95 cm (t\u00fcm bedenler) Bel: 36=72 cm, 38=76 cm, 40=80 cm, 42=84 cm Basen: 36=180 cm, 38=184 cm, 40=188 cm, 42=192 cm \u2014 Teknik Detaylar \u2014 \u00dcr\u00fcn \u00d6zelli\u011fi: Astarl\u0131d\u0131r. Marka: Minik Terzi Sezon: MEVS\u0130ML\u0130K Cinsiyet: Kad\u0131n Malzeme: Pamuk Kuma\u015f \u0130\u00e7eri\u011fi: %100 Pamuk Kal\u0131p: Tam [&hellip;]<\/p>\n","protected":false},"featured_media":183056,"comment_status":"open","ping_status":"closed","template":"","meta":[],"product_brand":[],"product_cat":[1969],"product_tag":[],"class_list":{"0":"post-183064","1":"product","2":"type-product","3":"status-publish","4":"has-post-thumbnail","6":"product_cat-etekler","7":"pa_brand-minik-terzi","8":"pa_color-bordo","9":"pa_size-4701","10":"pa_size-4706","11":"pa_size-4711","12":"pa_size-4713","14":"first","15":"instock","16":"sale","17":"shipping-taxable","18":"purchasable","19":"product-type-variable"},"_links":{"self":[{"href":"https:\/\/mod.wisdar.net\/tr\/wp-json\/wp\/v2\/product\/183064","targetHints":{"allow":["GET"]}}],"collection":[{"href":"https:\/\/mod.wisdar.net\/tr\/wp-json\/wp\/v2\/product"}],"about":[{"href":"https:\/\/mod.wisdar.net\/tr\/wp-json\/wp\/v2\/types\/product"}],"replies":[{"embeddable":true,"href":"https:\/\/mod.wisdar.net\/tr\/wp-json\/wp\/v2\/comments?post=183064"}],"wp:featuredmedia":[{"embeddable":true,"href":"https:\/\/mod.wisdar.net\/tr\/wp-json\/wp\/v2\/media\/183056"}],"wp:attachment":[{"href":"https:\/\/mod.wisdar.net\/tr\/wp-json\/wp\/v2\/media?parent=183064"}],"wp:term":[{"taxonomy":"product_brand","embeddable":true,"href":"https:\/\/mod.wisdar.net\/tr\/wp-json\/wp\/v2\/product_brand?post=183064"},{"taxonomy":"product_cat","embeddable":true,"href":"https:\/\/mod.wisdar.net\/tr\/wp-json\/wp\/v2\/product_cat?post=183064"},{"taxonomy":"product_tag","embeddable":true,"href":"https:\/\/mod.wisdar.net\/tr\/wp-json\/wp\/v2\/product_tag?post=183064"}],"curies":[{"name":"wp","href":"https:\/\/api.w.org\/{rel}","templated":true}]}}