{"id":183191,"date":"2026-03-27T16:12:53","date_gmt":"2026-03-27T16:12:53","guid":{"rendered":"https:\/\/modesthanim.com\/product\/%100-pamuk-regular-fit-tisort-tunik\/"},"modified":"2026-03-27T16:13:24","modified_gmt":"2026-03-27T16:13:24","slug":"%100-pamuk-regular-fit-tisort-tunik","status":"publish","type":"product","link":"https:\/\/mod.wisdar.net\/tr\/urun\/%100-pamuk-regular-fit-tisort-tunik\/","title":{"rendered":"%100 Pamuk Regular F\u0131t Ti\u015f\u00f6rt Tunik"},"content":{"rendered":"<p>Regular fit kesimi ve bisiklet yaka tasar\u0131m\u0131yla bu uzun kollu ti\u015f\u00f6rt tunik, sade tarz\u0131yla g\u00fcnl\u00fck kombinlere \u015f\u0131kl\u0131k katar. Yumu\u015fak kuma\u015f\u0131 sayesinde rahat ve konforlu bir kullan\u0131m sunar.<\/p>\n","protected":false},"excerpt":{"rendered":"<p>Regular fit kesimi ve bisiklet yaka tasar\u0131m\u0131yla bu uzun kollu ti\u015f\u00f6rt tunik, sade tarz\u0131yla g\u00fcnl\u00fck kombinlere \u015f\u0131kl\u0131k katar. Yumu\u015fak kuma\u015f\u0131 sayesinde rahat ve konforlu bir kullan\u0131m sunar.<\/p>\n","protected":false},"featured_media":183184,"comment_status":"open","ping_status":"closed","template":"","meta":[],"product_brand":[],"product_cat":[2050,11020],"product_tag":[],"class_list":{"0":"post-183191","1":"product","2":"type-product","3":"status-publish","4":"has-post-thumbnail","6":"product_cat-blazer-ceketler","7":"product_cat-tisort-ve-sort","8":"pa_brand-defacto","9":"pa_color-kirmizi","10":"pa_size-l","11":"pa_size-m","12":"pa_size-s","13":"pa_size-xl","15":"first","16":"instock","17":"shipping-taxable","18":"purchasable","19":"product-type-variable"},"_links":{"self":[{"href":"https:\/\/mod.wisdar.net\/tr\/wp-json\/wp\/v2\/product\/183191","targetHints":{"allow":["GET"]}}],"collection":[{"href":"https:\/\/mod.wisdar.net\/tr\/wp-json\/wp\/v2\/product"}],"about":[{"href":"https:\/\/mod.wisdar.net\/tr\/wp-json\/wp\/v2\/types\/product"}],"replies":[{"embeddable":true,"href":"https:\/\/mod.wisdar.net\/tr\/wp-json\/wp\/v2\/comments?post=183191"}],"wp:featuredmedia":[{"embeddable":true,"href":"https:\/\/mod.wisdar.net\/tr\/wp-json\/wp\/v2\/media\/183184"}],"wp:attachment":[{"href":"https:\/\/mod.wisdar.net\/tr\/wp-json\/wp\/v2\/media?parent=183191"}],"wp:term":[{"taxonomy":"product_brand","embeddable":true,"href":"https:\/\/mod.wisdar.net\/tr\/wp-json\/wp\/v2\/product_brand?post=183191"},{"taxonomy":"product_cat","embeddable":true,"href":"https:\/\/mod.wisdar.net\/tr\/wp-json\/wp\/v2\/product_cat?post=183191"},{"taxonomy":"product_tag","embeddable":true,"href":"https:\/\/mod.wisdar.net\/tr\/wp-json\/wp\/v2\/product_tag?post=183191"}],"curies":[{"name":"wp","href":"https:\/\/api.w.org\/{rel}","templated":true}]}}