{"id":183240,"date":"2026-03-27T22:04:13","date_gmt":"2026-03-27T22:04:13","guid":{"rendered":"https:\/\/modesthanim.com\/product\/elbise-kiz-bebek\/"},"modified":"2026-03-27T22:07:40","modified_gmt":"2026-03-27T22:07:40","slug":"elbise-kiz-bebek","status":"publish","type":"product","link":"https:\/\/mod.wisdar.net\/tr\/urun\/elbise-kiz-bebek\/","title":{"rendered":"Elbise K\u0131z Bebek"},"content":{"rendered":"<p>K\u0131z bebek fiyonk detayl\u0131 elbise, yumu\u015fak ve hafif kuma\u015f\u0131yla g\u00fcn boyu rahatl\u0131k sa\u011flar. Sevimli fiyonk tasar\u0131m\u0131, miniklere zarif ve \u015f\u0131k bir g\u00f6r\u00fcn\u00fcm kazand\u0131r\u0131r.<\/p>\n<p>\u2014 Technical Details \u2014<br \/>\nYaka: Bisiklet Yaka<br \/>\nCinsiyet: K\u0131z Bebek<br \/>\n\u00d6zel \u00dcr\u00fcn: Trend<br \/>\nRenk: Sar\u0131 \/ A\u00e7\u0131k Sar\u0131<br \/>\nMarka: Defacto<br \/>\nMen\u015fei: TR<br \/>\n\u00dcr\u00fcn Grubu: K\u0131z Bebek Elbise<\/p>\n","protected":false},"excerpt":{"rendered":"<p>K\u0131z bebek fiyonk detayl\u0131 elbise, yumu\u015fak ve hafif kuma\u015f\u0131yla g\u00fcn boyu rahatl\u0131k sa\u011flar. Sevimli fiyonk tasar\u0131m\u0131, miniklere zarif ve \u015f\u0131k bir g\u00f6r\u00fcn\u00fcm kazand\u0131r\u0131r. \u2014 Technical Details \u2014 Yaka: Bisiklet Yaka Cinsiyet: K\u0131z Bebek \u00d6zel \u00dcr\u00fcn: Trend Renk: Sar\u0131 \/ A\u00e7\u0131k Sar\u0131 Marka: Defacto Men\u015fei: TR \u00dcr\u00fcn Grubu: K\u0131z Bebek Elbise<\/p>\n","protected":false},"featured_media":183237,"comment_status":"open","ping_status":"closed","template":"","meta":[],"product_brand":[],"product_cat":[8712,8718,8715,8694,8697],"product_tag":[],"class_list":{"0":"post-183240","1":"product","2":"type-product","3":"status-publish","4":"has-post-thumbnail","6":"product_cat-bebek-elbiseleri","7":"product_cat-elbiseler-etekler","8":"product_cat-kiz-cocuklari-2-14-yas","9":"product_cat-cocuklar","10":"product_cat-yenidogan-0-12-ay","11":"pa_brand-defacto","12":"pa_color-acik-sari","13":"pa_size-12-18-ay-86cm","14":"pa_size-18-24-ay-92cm","15":"pa_size-5-6-yas-116cm","16":"pa_size-9-12-ay-80cm","18":"first","19":"instock","20":"sale","21":"shipping-taxable","22":"purchasable","23":"product-type-variable"},"_links":{"self":[{"href":"https:\/\/mod.wisdar.net\/tr\/wp-json\/wp\/v2\/product\/183240","targetHints":{"allow":["GET"]}}],"collection":[{"href":"https:\/\/mod.wisdar.net\/tr\/wp-json\/wp\/v2\/product"}],"about":[{"href":"https:\/\/mod.wisdar.net\/tr\/wp-json\/wp\/v2\/types\/product"}],"replies":[{"embeddable":true,"href":"https:\/\/mod.wisdar.net\/tr\/wp-json\/wp\/v2\/comments?post=183240"}],"wp:featuredmedia":[{"embeddable":true,"href":"https:\/\/mod.wisdar.net\/tr\/wp-json\/wp\/v2\/media\/183237"}],"wp:attachment":[{"href":"https:\/\/mod.wisdar.net\/tr\/wp-json\/wp\/v2\/media?parent=183240"}],"wp:term":[{"taxonomy":"product_brand","embeddable":true,"href":"https:\/\/mod.wisdar.net\/tr\/wp-json\/wp\/v2\/product_brand?post=183240"},{"taxonomy":"product_cat","embeddable":true,"href":"https:\/\/mod.wisdar.net\/tr\/wp-json\/wp\/v2\/product_cat?post=183240"},{"taxonomy":"product_tag","embeddable":true,"href":"https:\/\/mod.wisdar.net\/tr\/wp-json\/wp\/v2\/product_tag?post=183240"}],"curies":[{"name":"wp","href":"https:\/\/api.w.org\/{rel}","templated":true}]}}