{"id":183280,"date":"2026-03-27T22:05:03","date_gmt":"2026-03-27T22:05:03","guid":{"rendered":"https:\/\/modesthanim.com\/product\/kiz-bebek-elbisesi\/"},"modified":"2026-03-27T22:06:02","modified_gmt":"2026-03-27T22:06:02","slug":"kiz-bebek-elbisesi","status":"publish","type":"product","link":"https:\/\/mod.wisdar.net\/tr\/urun\/kiz-bebek-elbisesi\/","title":{"rendered":"K\u0131z Bebek Elbisesi"},"content":{"rendered":"<p>K\u0131z bebekler i\u00e7in fiyonk detayl\u0131 elbise, yumu\u015fak ve hafif kuma\u015f\u0131yla g\u00fcn boyu konfor sunar. \u015eirin fiyonk tasar\u0131m\u0131, miniklere zarif ve \u015f\u0131k bir g\u00f6r\u00fcn\u00fcm kazand\u0131r\u0131r.<\/p>\n<p>\u2014 Teknik Detaylar \u2014<br \/>\nbeden_sistemi: AB<br \/>\nbeden_grubu: standart<br \/>\ncinsiyet: K\u0131z Bebek<br \/>\n\u00f6zel_\u00fcr\u00fcn: Trend<br \/>\nyaka: Bisiklet Yaka<br \/>\nmen\u015fei: TR<br \/>\n\u00fcr\u00fcn_grubu: K\u0131z Bebek Elbisesi<br \/>\nbak\u0131m_talimatlar\u0131: [&#8216;Kuru Temizleme Yap\u0131lamaz&#8217;, &#8216;Kurutma Makinesinde Kurutmay\u0131n\u0131z&#8217;, &#8216;Maksimum 30\u00b0C S\u0131cakl\u0131kta Y\u0131kay\u0131n\u0131z&#8217;, &#8216;D\u00fc\u015f\u00fck S\u0131cakl\u0131kta \u00dct\u00fcleyiniz&#8217;, &#8216;A\u011fart\u0131c\u0131 Kullanmay\u0131n\u0131z&#8217;]<\/p>\n","protected":false},"excerpt":{"rendered":"<p>K\u0131z bebekler i\u00e7in fiyonk detayl\u0131 elbise, yumu\u015fak ve hafif kuma\u015f\u0131yla g\u00fcn boyu konfor sunar. \u015eirin fiyonk tasar\u0131m\u0131, miniklere zarif ve \u015f\u0131k bir g\u00f6r\u00fcn\u00fcm kazand\u0131r\u0131r. \u2014 Teknik Detaylar \u2014 beden_sistemi: AB beden_grubu: standart cinsiyet: K\u0131z Bebek \u00f6zel_\u00fcr\u00fcn: Trend yaka: Bisiklet Yaka men\u015fei: TR \u00fcr\u00fcn_grubu: K\u0131z Bebek Elbisesi bak\u0131m_talimatlar\u0131: [&#8216;Kuru Temizleme Yap\u0131lamaz&#8217;, &#8216;Kurutma Makinesinde Kurutmay\u0131n\u0131z&#8217;, &#8216;Maksimum 30\u00b0C [&hellip;]<\/p>\n","protected":false},"featured_media":183277,"comment_status":"open","ping_status":"closed","template":"","meta":[],"product_brand":[],"product_cat":[8712,8718,8715,8694,8697],"product_tag":[7523],"class_list":{"0":"post-183280","1":"product","2":"type-product","3":"status-publish","4":"has-post-thumbnail","6":"product_cat-bebek-elbiseleri","7":"product_cat-elbiseler-etekler","8":"product_cat-kiz-cocuklari-2-14-yas","9":"product_cat-cocuklar","10":"product_cat-yenidogan-0-12-ay","11":"product_tag-dress","12":"pa_brand-defacto","13":"pa_color-pembe","14":"pa_size-12-18-ay-86cm","15":"pa_size-18-24-ay-92cm","16":"pa_size-5-6-yas-116cm","17":"pa_size-9-12-ay-80cm","19":"first","20":"instock","21":"sale","22":"shipping-taxable","23":"purchasable","24":"product-type-variable"},"_links":{"self":[{"href":"https:\/\/mod.wisdar.net\/tr\/wp-json\/wp\/v2\/product\/183280","targetHints":{"allow":["GET"]}}],"collection":[{"href":"https:\/\/mod.wisdar.net\/tr\/wp-json\/wp\/v2\/product"}],"about":[{"href":"https:\/\/mod.wisdar.net\/tr\/wp-json\/wp\/v2\/types\/product"}],"replies":[{"embeddable":true,"href":"https:\/\/mod.wisdar.net\/tr\/wp-json\/wp\/v2\/comments?post=183280"}],"wp:featuredmedia":[{"embeddable":true,"href":"https:\/\/mod.wisdar.net\/tr\/wp-json\/wp\/v2\/media\/183277"}],"wp:attachment":[{"href":"https:\/\/mod.wisdar.net\/tr\/wp-json\/wp\/v2\/media?parent=183280"}],"wp:term":[{"taxonomy":"product_brand","embeddable":true,"href":"https:\/\/mod.wisdar.net\/tr\/wp-json\/wp\/v2\/product_brand?post=183280"},{"taxonomy":"product_cat","embeddable":true,"href":"https:\/\/mod.wisdar.net\/tr\/wp-json\/wp\/v2\/product_cat?post=183280"},{"taxonomy":"product_tag","embeddable":true,"href":"https:\/\/mod.wisdar.net\/tr\/wp-json\/wp\/v2\/product_tag?post=183280"}],"curies":[{"name":"wp","href":"https:\/\/api.w.org\/{rel}","templated":true}]}}