{"id":183320,"date":"2026-03-27T22:07:41","date_gmt":"2026-03-27T22:07:41","guid":{"rendered":"https:\/\/modesthanim.com\/product\/elbise-kiz-bebek-2\/"},"modified":"2026-03-27T22:14:38","modified_gmt":"2026-03-27T22:14:38","slug":"elbise-kiz-bebek-2","status":"publish","type":"product","link":"https:\/\/mod.wisdar.net\/tr\/urun\/elbise-kiz-bebek-2\/","title":{"rendered":"Elbise K\u0131z Bebek"},"content":{"rendered":"<p>K\u0131z bebek kalp desenli elbise, yumu\u015fak ve hafif kuma\u015f\u0131yla g\u00fcn boyu rahatl\u0131k sa\u011flar. Sevimli kalp desenleri, miniklere ne\u015feli ve \u015f\u0131k bir g\u00f6r\u00fcn\u00fcm kazand\u0131r\u0131r.<\/p>\n<p>\u2014 Technical Details \u2014<br \/>\nsize_system: EU<br \/>\nsize_group: regular<br \/>\ncountry_of_origin: TR<br \/>\nproduct_code: H2168A5PN425<br \/>\ngtin13: 3433266000007<\/p>\n","protected":false},"excerpt":{"rendered":"<p>K\u0131z bebek kalp desenli elbise, yumu\u015fak ve hafif kuma\u015f\u0131yla g\u00fcn boyu rahatl\u0131k sa\u011flar. Sevimli kalp desenleri, miniklere ne\u015feli ve \u015f\u0131k bir g\u00f6r\u00fcn\u00fcm kazand\u0131r\u0131r. \u2014 Technical Details \u2014 size_system: EU size_group: regular country_of_origin: TR product_code: H2168A5PN425 gtin13: 3433266000007<\/p>\n","protected":false},"featured_media":183317,"comment_status":"open","ping_status":"closed","template":"","meta":[],"product_brand":[],"product_cat":[8712,8718,8715,8694,8697],"product_tag":[8110,8105],"class_list":{"0":"post-183320","1":"product","2":"type-product","3":"status-publish","4":"has-post-thumbnail","6":"product_cat-bebek-elbiseleri","7":"product_cat-elbiseler-etekler","8":"product_cat-kiz-cocuklari-2-14-yas","9":"product_cat-cocuklar","10":"product_cat-yenidogan-0-12-ay","11":"product_tag-bisiklet-yaka-2","12":"product_tag-trend","13":"pa_brand-defacto","14":"pa_color-pembe","15":"pa_size-12-18-ay-86cm","16":"pa_size-18-24-ay-92cm","17":"pa_size-5-6-yas-116cm","18":"pa_size-9-12-ay-80cm","20":"first","21":"instock","22":"sale","23":"shipping-taxable","24":"purchasable","25":"product-type-variable"},"_links":{"self":[{"href":"https:\/\/mod.wisdar.net\/tr\/wp-json\/wp\/v2\/product\/183320","targetHints":{"allow":["GET"]}}],"collection":[{"href":"https:\/\/mod.wisdar.net\/tr\/wp-json\/wp\/v2\/product"}],"about":[{"href":"https:\/\/mod.wisdar.net\/tr\/wp-json\/wp\/v2\/types\/product"}],"replies":[{"embeddable":true,"href":"https:\/\/mod.wisdar.net\/tr\/wp-json\/wp\/v2\/comments?post=183320"}],"wp:featuredmedia":[{"embeddable":true,"href":"https:\/\/mod.wisdar.net\/tr\/wp-json\/wp\/v2\/media\/183317"}],"wp:attachment":[{"href":"https:\/\/mod.wisdar.net\/tr\/wp-json\/wp\/v2\/media?parent=183320"}],"wp:term":[{"taxonomy":"product_brand","embeddable":true,"href":"https:\/\/mod.wisdar.net\/tr\/wp-json\/wp\/v2\/product_brand?post=183320"},{"taxonomy":"product_cat","embeddable":true,"href":"https:\/\/mod.wisdar.net\/tr\/wp-json\/wp\/v2\/product_cat?post=183320"},{"taxonomy":"product_tag","embeddable":true,"href":"https:\/\/mod.wisdar.net\/tr\/wp-json\/wp\/v2\/product_tag?post=183320"}],"curies":[{"name":"wp","href":"https:\/\/api.w.org\/{rel}","templated":true}]}}