{"id":183360,"date":"2026-03-27T22:09:18","date_gmt":"2026-03-27T22:09:18","guid":{"rendered":"https:\/\/modesthanim.com\/product\/desenli-elbise-kiz-bebek\/"},"modified":"2026-03-27T22:10:26","modified_gmt":"2026-03-27T22:10:26","slug":"desenli-elbise-kiz-bebek","status":"publish","type":"product","link":"https:\/\/mod.wisdar.net\/tr\/urun\/desenli-elbise-kiz-bebek\/","title":{"rendered":"Desenli Elbise K\u0131z Bebek"},"content":{"rendered":"<p>K\u0131z bebek desenli elbise, yumu\u015fak ve nefes alabilen kuma\u015f\u0131yla g\u00fcn boyu rahatl\u0131k sa\u011flar. \u0130\u015fleme detay\u0131, enerjik ve \u015f\u0131k bir g\u00f6r\u00fcn\u00fcm kazand\u0131r\u0131r.<\/p>\n","protected":false},"excerpt":{"rendered":"<p>K\u0131z bebek desenli elbise, yumu\u015fak ve nefes alabilen kuma\u015f\u0131yla g\u00fcn boyu rahatl\u0131k sa\u011flar. \u0130\u015fleme detay\u0131, enerjik ve \u015f\u0131k bir g\u00f6r\u00fcn\u00fcm kazand\u0131r\u0131r.<\/p>\n","protected":false},"featured_media":183357,"comment_status":"open","ping_status":"closed","template":"","meta":[],"product_brand":[],"product_cat":[8712,8718,8715,8694,8697],"product_tag":[10028,6751,8107],"class_list":{"0":"post-183360","1":"product","2":"type-product","3":"status-publish","4":"has-post-thumbnail","6":"product_cat-bebek-elbiseleri","7":"product_cat-elbiseler-etekler","8":"product_cat-kiz-cocuklari-2-14-yas","9":"product_cat-cocuklar","10":"product_cat-yenidogan-0-12-ay","11":"product_tag-embroidered-detail","12":"product_tag-rahat","13":"product_tag-sik","14":"pa_brand-defacto","15":"pa_color-beyaz","16":"pa_size-12-18-ay-86cm","17":"pa_size-18-24-ay-92cm","18":"pa_size-5-6-yas-116cm","19":"pa_size-9-12-ay-80cm","21":"first","22":"instock","23":"sale","24":"shipping-taxable","25":"purchasable","26":"product-type-variable"},"_links":{"self":[{"href":"https:\/\/mod.wisdar.net\/tr\/wp-json\/wp\/v2\/product\/183360","targetHints":{"allow":["GET"]}}],"collection":[{"href":"https:\/\/mod.wisdar.net\/tr\/wp-json\/wp\/v2\/product"}],"about":[{"href":"https:\/\/mod.wisdar.net\/tr\/wp-json\/wp\/v2\/types\/product"}],"replies":[{"embeddable":true,"href":"https:\/\/mod.wisdar.net\/tr\/wp-json\/wp\/v2\/comments?post=183360"}],"wp:featuredmedia":[{"embeddable":true,"href":"https:\/\/mod.wisdar.net\/tr\/wp-json\/wp\/v2\/media\/183357"}],"wp:attachment":[{"href":"https:\/\/mod.wisdar.net\/tr\/wp-json\/wp\/v2\/media?parent=183360"}],"wp:term":[{"taxonomy":"product_brand","embeddable":true,"href":"https:\/\/mod.wisdar.net\/tr\/wp-json\/wp\/v2\/product_brand?post=183360"},{"taxonomy":"product_cat","embeddable":true,"href":"https:\/\/mod.wisdar.net\/tr\/wp-json\/wp\/v2\/product_cat?post=183360"},{"taxonomy":"product_tag","embeddable":true,"href":"https:\/\/mod.wisdar.net\/tr\/wp-json\/wp\/v2\/product_tag?post=183360"}],"curies":[{"name":"wp","href":"https:\/\/api.w.org\/{rel}","templated":true}]}}