{"id":183516,"date":"2026-03-27T22:17:54","date_gmt":"2026-03-27T22:17:54","guid":{"rendered":"https:\/\/modesthanim.com\/product\/2li-takim-kiz-bebek\/"},"modified":"2026-03-27T22:24:12","modified_gmt":"2026-03-27T22:24:12","slug":"2li-takim-kiz-bebek","status":"publish","type":"product","link":"https:\/\/mod.wisdar.net\/tr\/urun\/2li-takim-kiz-bebek\/","title":{"rendered":"2&#8217;li Tak\u0131m K\u0131z Bebek"},"content":{"rendered":"<p>K\u0131z bebek 2\u2019li tak\u0131m, yumu\u015fak ve rahat kuma\u015f\u0131yla g\u00fcn boyu konfor sa\u011flar. Ti\u015f\u00f6rt ve alt par\u00e7adan olu\u015fan set, miniklerin tarz\u0131n\u0131 tamamlayarak hem g\u00fcnl\u00fck kullan\u0131m hem de oyun zaman\u0131 i\u00e7in idealdir.<\/p>\n","protected":false},"excerpt":{"rendered":"<p>K\u0131z bebek 2\u2019li tak\u0131m, yumu\u015fak ve rahat kuma\u015f\u0131yla g\u00fcn boyu konfor sa\u011flar. Ti\u015f\u00f6rt ve alt par\u00e7adan olu\u015fan set, miniklerin tarz\u0131n\u0131 tamamlayarak hem g\u00fcnl\u00fck kullan\u0131m hem de oyun zaman\u0131 i\u00e7in idealdir.<\/p>\n","protected":false},"featured_media":183506,"comment_status":"open","ping_status":"closed","template":"","meta":[],"product_brand":[],"product_cat":[8703,8721,8715,8694,8697],"product_tag":[],"class_list":{"0":"post-183516","1":"product","2":"type-product","3":"status-publish","4":"has-post-thumbnail","6":"product_cat-bebek-setleri","7":"product_cat-kiz-cocuk-takimlari","8":"product_cat-kiz-cocuklari-2-14-yas","9":"product_cat-cocuklar","10":"product_cat-yenidogan-0-12-ay","11":"pa_brand-defacto","12":"pa_color-acik-sari","13":"pa_size-12-18-ay-86cm","14":"pa_size-18-24-ay-92cm","15":"pa_size-2-3-yas-98cm","16":"pa_size-3-4-yas-104-cm","17":"pa_size-4-5-yas-110cm","18":"pa_size-5-6-yas-116cm","19":"pa_size-9-12-ay-80cm","21":"first","22":"instock","23":"sale","24":"shipping-taxable","25":"purchasable","26":"product-type-variable"},"_links":{"self":[{"href":"https:\/\/mod.wisdar.net\/tr\/wp-json\/wp\/v2\/product\/183516","targetHints":{"allow":["GET"]}}],"collection":[{"href":"https:\/\/mod.wisdar.net\/tr\/wp-json\/wp\/v2\/product"}],"about":[{"href":"https:\/\/mod.wisdar.net\/tr\/wp-json\/wp\/v2\/types\/product"}],"replies":[{"embeddable":true,"href":"https:\/\/mod.wisdar.net\/tr\/wp-json\/wp\/v2\/comments?post=183516"}],"wp:featuredmedia":[{"embeddable":true,"href":"https:\/\/mod.wisdar.net\/tr\/wp-json\/wp\/v2\/media\/183506"}],"wp:attachment":[{"href":"https:\/\/mod.wisdar.net\/tr\/wp-json\/wp\/v2\/media?parent=183516"}],"wp:term":[{"taxonomy":"product_brand","embeddable":true,"href":"https:\/\/mod.wisdar.net\/tr\/wp-json\/wp\/v2\/product_brand?post=183516"},{"taxonomy":"product_cat","embeddable":true,"href":"https:\/\/mod.wisdar.net\/tr\/wp-json\/wp\/v2\/product_cat?post=183516"},{"taxonomy":"product_tag","embeddable":true,"href":"https:\/\/mod.wisdar.net\/tr\/wp-json\/wp\/v2\/product_tag?post=183516"}],"curies":[{"name":"wp","href":"https:\/\/api.w.org\/{rel}","templated":true}]}}