{"id":183543,"date":"2026-03-27T22:18:40","date_gmt":"2026-03-27T22:18:40","guid":{"rendered":"https:\/\/modesthanim.com\/product\/ispanyol-paca-fitilli-kaskorse-tayt-kiz-bebek\/"},"modified":"2026-03-27T22:23:29","modified_gmt":"2026-03-27T22:23:29","slug":"ispanyol-paca-fitilli-kaskorse-tayt-kiz-bebek","status":"publish","type":"product","link":"https:\/\/mod.wisdar.net\/tr\/urun\/ispanyol-paca-fitilli-kaskorse-tayt-kiz-bebek\/","title":{"rendered":"\u0130spanyol Pa\u00e7a Fitilli Ka\u015fkorse Tayt K\u0131z Bebek"},"content":{"rendered":"<p>\u0130spanyol pa\u00e7a kesimi ve fitilli ka\u015fkorse kuma\u015f\u0131yla tasarlanan k\u0131z bebek tayt, esnek yap\u0131s\u0131yla rahat bir kullan\u0131m sunar. Yumu\u015fak dokusu ve \u015f\u0131k tasar\u0131m\u0131yla g\u00fcnl\u00fck kombinlere sevimli bir dokunu\u015f katar.<\/p>\n","protected":false},"excerpt":{"rendered":"<p>\u0130spanyol pa\u00e7a kesimi ve fitilli ka\u015fkorse kuma\u015f\u0131yla tasarlanan k\u0131z bebek tayt, esnek yap\u0131s\u0131yla rahat bir kullan\u0131m sunar. Yumu\u015fak dokusu ve \u015f\u0131k tasar\u0131m\u0131yla g\u00fcnl\u00fck kombinlere sevimli bir dokunu\u015f katar.<\/p>\n","protected":false},"featured_media":183540,"comment_status":"open","ping_status":"closed","template":"","meta":[],"product_brand":[],"product_cat":[8715,8694,8727],"product_tag":[],"class_list":{"0":"post-183543","1":"product","2":"type-product","3":"status-publish","4":"has-post-thumbnail","6":"product_cat-kiz-cocuklari-2-14-yas","7":"product_cat-cocuklar","8":"product_cat-pantolon","9":"pa_brand-defacto","10":"pa_size-12-18-ay-86cm","11":"pa_size-18-24-ay-92cm","12":"pa_size-2-3-yas-98cm","13":"pa_size-3-4-yas-104-cm","14":"pa_size-4-5-yas-110cm","15":"pa_size-5-6-yas-116cm","17":"first","18":"instock","19":"sale","20":"shipping-taxable","21":"purchasable","22":"product-type-variable"},"_links":{"self":[{"href":"https:\/\/mod.wisdar.net\/tr\/wp-json\/wp\/v2\/product\/183543","targetHints":{"allow":["GET"]}}],"collection":[{"href":"https:\/\/mod.wisdar.net\/tr\/wp-json\/wp\/v2\/product"}],"about":[{"href":"https:\/\/mod.wisdar.net\/tr\/wp-json\/wp\/v2\/types\/product"}],"replies":[{"embeddable":true,"href":"https:\/\/mod.wisdar.net\/tr\/wp-json\/wp\/v2\/comments?post=183543"}],"wp:featuredmedia":[{"embeddable":true,"href":"https:\/\/mod.wisdar.net\/tr\/wp-json\/wp\/v2\/media\/183540"}],"wp:attachment":[{"href":"https:\/\/mod.wisdar.net\/tr\/wp-json\/wp\/v2\/media?parent=183543"}],"wp:term":[{"taxonomy":"product_brand","embeddable":true,"href":"https:\/\/mod.wisdar.net\/tr\/wp-json\/wp\/v2\/product_brand?post=183543"},{"taxonomy":"product_cat","embeddable":true,"href":"https:\/\/mod.wisdar.net\/tr\/wp-json\/wp\/v2\/product_cat?post=183543"},{"taxonomy":"product_tag","embeddable":true,"href":"https:\/\/mod.wisdar.net\/tr\/wp-json\/wp\/v2\/product_tag?post=183543"}],"curies":[{"name":"wp","href":"https:\/\/api.w.org\/{rel}","templated":true}]}}