{"id":183576,"date":"2026-03-28T14:54:04","date_gmt":"2026-03-28T14:54:04","guid":{"rendered":"https:\/\/modesthanim.com\/product\/rita-piliseli-anvelop-etek-bordo-42-bordo-outlet-new\/"},"modified":"2026-03-28T14:54:12","modified_gmt":"2026-03-28T14:54:12","slug":"rita-piliseli-anvelop-etek-bordo-42-bordo-outlet-new","status":"publish","type":"product","link":"https:\/\/mod.wisdar.net\/tr\/urun\/rita-piliseli-anvelop-etek-bordo-42-bordo-outlet-new\/","title":{"rendered":"Rita Piliseli Anvelop Etek Bordo- 42 Bordo (Outlet: New)"},"content":{"rendered":"<p><strong>Outlet Condition: New<\/strong><br \/><em>Admin Notes: DELIVERY_RETURN<\/em><\/p>\n<p>Rita piliseli anvelop etek bordo, cupra kar\u0131\u015f\u0131ml\u0131 yumu\u015fak dokulu kuma\u015f\u0131yla konforlu bir \u015f\u0131kl\u0131k sunar. Y\u00fcksek belli tasar\u0131m\u0131, v\u00fccut hatlar\u0131n\u0131 dengeli bir \u015fekilde vurgularken uzun kesimiyle bacak boyunuzu daha uzun g\u00f6sterir. Pilise detaylar\u0131 ete\u011fe hareket katarken, minimal tasar\u0131m\u0131 sayesinde farkl\u0131 kombinlere kolayca uyum sa\u011flar. Temel bir g\u00f6mlek ve d\u00fcz ayakkab\u0131larla g\u00fcnl\u00fck kullan\u0131m i\u00e7in sade bir stil olu\u015fturabilir, \u015f\u0131k bir bluz ve topuklu ayakkab\u0131larla \u00f6zel g\u00fcnlerde zarif bir g\u00f6r\u00fcn\u00fcme kavu\u015fabilirsiniz. Zamans\u0131z tasar\u0131m\u0131yla gard\u0131robunuzun vazge\u00e7ilmez par\u00e7as\u0131 olacak.<\/p>\n<p>\u00dcR\u00dcN \u00d6ZELL\u0130KLER\u0130<br \/>\n\u2013 Cupra kar\u0131\u015f\u0131ml\u0131 krep kuma\u015f<br \/>\n\u2013 Y\u00fcksek bel, uyumlu renk plise garnili<br \/>\n\u2013 \u00d6n beden kapakl\u0131, d\u00fc\u011fme kapama<br \/>\n\u2013 D\u00fcz kesim etek<\/p>\n<p>\u0130\u00c7ER\u0130K VE BAKIM<br \/>\n\u2013 %100 Polyester<br \/>\n\u2013 \u00c7ama\u015f\u0131r makinesinde d\u00fc\u015f\u00fck \u0131s\u0131da y\u0131kanabilir<br \/>\n\u2013 Sererek kurutunuz<br \/>\n\u2013 D\u00fc\u015f\u00fck \u0131s\u0131da tersten \u00fct\u00fclenebilir<br \/>\n\u2013 El \u00f6l\u00e7\u00fcmlerinde 2-3 cm de\u011fi\u015fiklik g\u00f6sterebilir<\/p>\n<p>MANKEN B\u0130LG\u0130S\u0130<br \/>\n\u2013 Boy: 177 cm<br \/>\n\u2013 G\u00f6\u011f\u00fcs: 69 cm<br \/>\n\u2013 Basen: 89 cm<br \/>\n\u2013 Manken \u00fczerindeki \u00fcr\u00fcn beden: 36<\/p>\n","protected":false},"excerpt":{"rendered":"<p>Outlet Condition: NewAdmin Notes: DELIVERY_RETURN Rita piliseli anvelop etek bordo, cupra kar\u0131\u015f\u0131ml\u0131 yumu\u015fak dokulu kuma\u015f\u0131yla konforlu bir \u015f\u0131kl\u0131k sunar. Y\u00fcksek belli tasar\u0131m\u0131, v\u00fccut hatlar\u0131n\u0131 dengeli bir \u015fekilde vurgularken uzun kesimiyle bacak boyunuzu daha uzun g\u00f6sterir. Pilise detaylar\u0131 ete\u011fe hareket katarken, minimal tasar\u0131m\u0131 sayesinde farkl\u0131 kombinlere kolayca uyum sa\u011flar. Temel bir g\u00f6mlek ve d\u00fcz ayakkab\u0131larla g\u00fcnl\u00fck [&hellip;]<\/p>\n","protected":false},"featured_media":215021,"comment_status":"open","ping_status":"closed","template":"","meta":[],"product_brand":[],"product_cat":[8566],"product_tag":[],"class_list":{"0":"post-183576","1":"product","2":"type-product","3":"status-publish","4":"has-post-thumbnail","6":"product_cat-outlet","8":"first","9":"outofstock","10":"shipping-taxable","11":"purchasable","12":"product-type-simple"},"_links":{"self":[{"href":"https:\/\/mod.wisdar.net\/tr\/wp-json\/wp\/v2\/product\/183576","targetHints":{"allow":["GET"]}}],"collection":[{"href":"https:\/\/mod.wisdar.net\/tr\/wp-json\/wp\/v2\/product"}],"about":[{"href":"https:\/\/mod.wisdar.net\/tr\/wp-json\/wp\/v2\/types\/product"}],"replies":[{"embeddable":true,"href":"https:\/\/mod.wisdar.net\/tr\/wp-json\/wp\/v2\/comments?post=183576"}],"wp:featuredmedia":[{"embeddable":true,"href":"https:\/\/mod.wisdar.net\/tr\/wp-json\/wp\/v2\/media\/215021"}],"wp:attachment":[{"href":"https:\/\/mod.wisdar.net\/tr\/wp-json\/wp\/v2\/media?parent=183576"}],"wp:term":[{"taxonomy":"product_brand","embeddable":true,"href":"https:\/\/mod.wisdar.net\/tr\/wp-json\/wp\/v2\/product_brand?post=183576"},{"taxonomy":"product_cat","embeddable":true,"href":"https:\/\/mod.wisdar.net\/tr\/wp-json\/wp\/v2\/product_cat?post=183576"},{"taxonomy":"product_tag","embeddable":true,"href":"https:\/\/mod.wisdar.net\/tr\/wp-json\/wp\/v2\/product_tag?post=183576"}],"curies":[{"name":"wp","href":"https:\/\/api.w.org\/{rel}","templated":true}]}}