{"id":183578,"date":"2026-03-28T14:54:06","date_gmt":"2026-03-28T14:54:06","guid":{"rendered":"https:\/\/modesthanim.com\/product\/denizci-yaka-elbise-kahverengi-xl-kahverengi-outlet-new\/"},"modified":"2026-04-01T10:14:24","modified_gmt":"2026-04-01T10:14:24","slug":"denizci-yaka-elbise-kahverengi-xl-kahverengi-outlet-new","status":"publish","type":"product","link":"https:\/\/mod.wisdar.net\/tr\/urun\/denizci-yaka-elbise-kahverengi-xl-kahverengi-outlet-new\/","title":{"rendered":"Denizci Yaka Elbise Kahverengi- XL Kahverengi (Outlet: New)"},"content":{"rendered":"<p><strong>Outlet Condition: New<\/strong><br \/><em>Admin Notes: DELIVERY_RETURN<\/em><\/p>\n<p>Beden Yard\u0131m Rehberi <\/p>\n<p>BEDEN KILAVUZU<\/p>\n<p>\u00a0<\/p>\n<p>\t\t\t\u00d6l\u00e7\u00fcler<br \/>\n\t\t\tS<br \/>\n\t\t\tM<br \/>\n\t\t\tL<br \/>\n\t\t\tXL<\/p>\n<p>\t\t\tBoy<br \/>\n\t\t\t142,5 cm<br \/>\n\t\t\t143,0 cm<br \/>\n\t\t\t143,5 cm<br \/>\n\t\t\t144,0 cm<\/p>\n<p>\t\t\tG\u00f6\u011f\u00fcs \u00c7evresi<br \/>\n\t\t\t88 cm<br \/>\n\t\t\t92 cm<br \/>\n\t\t\t96 cm<br \/>\n\t\t\t100 cm<\/p>\n<p>\t\t\tKol Boyu<br \/>\n\t\t\t54,0 cm<br \/>\n\t\t\t54,5 cm<br \/>\n\t\t\t55,0 cm<br \/>\n\t\t\t55,5 cm\t<\/p>\n<p>\u2014 Technical Details \u2014<br \/>\n\u00dcr\u00fcn Hakk\u0131nda: Ceplidir.<br \/>\nMarka: Minik Terzi<br \/>\nSezon: MEVS\u0130ML\u0130K<br \/>\nCinsiyet: Kad\u0131n<br \/>\nMalzeme: Pes<br \/>\nKuma\u015f \u0130\u00e7eri\u011fi: %100 Pes<br \/>\nKal\u0131p: Dar Kal\u0131p<br \/>\nKol Boyu: Uzun Kollu<br \/>\nManken \u00d6l\u00e7\u00fcleri: 1,76<br \/>\nMankenin Giydi\u011fi Beden: S Beden<br \/>\nA\u00e7\u0131klama: Astars\u0131zd\u0131r.<\/p>\n","protected":false},"excerpt":{"rendered":"<p>Outlet Condition: NewAdmin Notes: DELIVERY_RETURN Beden Yard\u0131m Rehberi BEDEN KILAVUZU \u00a0 \u00d6l\u00e7\u00fcler S M L XL Boy 142,5 cm 143,0 cm 143,5 cm 144,0 cm G\u00f6\u011f\u00fcs \u00c7evresi 88 cm 92 cm 96 cm 100 cm Kol Boyu 54,0 cm 54,5 cm 55,0 cm 55,5 cm \u2014 Technical Details \u2014 \u00dcr\u00fcn Hakk\u0131nda: Ceplidir. Marka: Minik Terzi [&hellip;]<\/p>\n","protected":false},"featured_media":218962,"comment_status":"open","ping_status":"closed","template":"","meta":[],"product_brand":[],"product_cat":[8566],"product_tag":[],"class_list":{"0":"post-183578","1":"product","2":"type-product","3":"status-publish","4":"has-post-thumbnail","6":"product_cat-outlet","8":"first","9":"outofstock","10":"shipping-taxable","11":"purchasable","12":"product-type-simple"},"_links":{"self":[{"href":"https:\/\/mod.wisdar.net\/tr\/wp-json\/wp\/v2\/product\/183578","targetHints":{"allow":["GET"]}}],"collection":[{"href":"https:\/\/mod.wisdar.net\/tr\/wp-json\/wp\/v2\/product"}],"about":[{"href":"https:\/\/mod.wisdar.net\/tr\/wp-json\/wp\/v2\/types\/product"}],"replies":[{"embeddable":true,"href":"https:\/\/mod.wisdar.net\/tr\/wp-json\/wp\/v2\/comments?post=183578"}],"wp:featuredmedia":[{"embeddable":true,"href":"https:\/\/mod.wisdar.net\/tr\/wp-json\/wp\/v2\/media\/218962"}],"wp:attachment":[{"href":"https:\/\/mod.wisdar.net\/tr\/wp-json\/wp\/v2\/media?parent=183578"}],"wp:term":[{"taxonomy":"product_brand","embeddable":true,"href":"https:\/\/mod.wisdar.net\/tr\/wp-json\/wp\/v2\/product_brand?post=183578"},{"taxonomy":"product_cat","embeddable":true,"href":"https:\/\/mod.wisdar.net\/tr\/wp-json\/wp\/v2\/product_cat?post=183578"},{"taxonomy":"product_tag","embeddable":true,"href":"https:\/\/mod.wisdar.net\/tr\/wp-json\/wp\/v2\/product_tag?post=183578"}],"curies":[{"name":"wp","href":"https:\/\/api.w.org\/{rel}","templated":true}]}}