{"id":183584,"date":"2026-03-28T14:54:56","date_gmt":"2026-03-28T14:54:56","guid":{"rendered":"https:\/\/modesthanim.com\/product\/flera-balon-beyaz-etek-small-beyaz-outlet-new\/"},"modified":"2026-04-01T10:15:07","modified_gmt":"2026-04-01T10:15:07","slug":"flera-balon-beyaz-etek-small-beyaz-outlet-new","status":"publish","type":"product","link":"https:\/\/mod.wisdar.net\/tr\/urun\/flera-balon-beyaz-etek-small-beyaz-outlet-new\/","title":{"rendered":"Flera Balon Beyaz Etek- SMALL Beyaz (Outlet: New)"},"content":{"rendered":"<p><strong>Outlet Condition: New<\/strong><br \/><em>Admin Notes: DELIVERY_RETURN<\/em><\/p>\n<p>FLERA BALON BEYAZ ETEK \u00d6ZELL\u0130KLER\u0130<br \/>\nOrta bel, b\u00fczg\u00fcl\u00fc, arkadan gizli fermuarl\u0131, yanlardan cepli, premium telalanm\u0131\u015f hacimli duran kuma\u015ftan i\u00e7 belli etmeyen astars\u0131z balon etek.<br \/>\nKuma\u015f \u0130\u00e7eri\u011fi ve Y\u0131kama Talimat:<br \/>\n%100 Pes<br \/>\nYaln\u0131zca kuru temizleme yap\u0131n\u0131z.<br \/>\nManken \u00dcr\u00fcn Bedeni: S<br \/>\nManken \u00d6l\u00e7\u00fcleri: Boy: 1.72 cm, G\u00f6\u011f\u00fcs: 81 cm, Bel: 60 cm, Basen: 87 cm<\/p>\n","protected":false},"excerpt":{"rendered":"<p>Outlet Condition: NewAdmin Notes: DELIVERY_RETURN FLERA BALON BEYAZ ETEK \u00d6ZELL\u0130KLER\u0130 Orta bel, b\u00fczg\u00fcl\u00fc, arkadan gizli fermuarl\u0131, yanlardan cepli, premium telalanm\u0131\u015f hacimli duran kuma\u015ftan i\u00e7 belli etmeyen astars\u0131z balon etek. Kuma\u015f \u0130\u00e7eri\u011fi ve Y\u0131kama Talimat: %100 Pes Yaln\u0131zca kuru temizleme yap\u0131n\u0131z. Manken \u00dcr\u00fcn Bedeni: S Manken \u00d6l\u00e7\u00fcleri: Boy: 1.72 cm, G\u00f6\u011f\u00fcs: 81 cm, Bel: 60 cm, [&hellip;]<\/p>\n","protected":false},"featured_media":218960,"comment_status":"open","ping_status":"closed","template":"","meta":[],"product_brand":[],"product_cat":[8566],"product_tag":[],"class_list":{"0":"post-183584","1":"product","2":"type-product","3":"status-publish","4":"has-post-thumbnail","6":"product_cat-outlet","8":"first","9":"outofstock","10":"shipping-taxable","11":"purchasable","12":"product-type-simple"},"_links":{"self":[{"href":"https:\/\/mod.wisdar.net\/tr\/wp-json\/wp\/v2\/product\/183584","targetHints":{"allow":["GET"]}}],"collection":[{"href":"https:\/\/mod.wisdar.net\/tr\/wp-json\/wp\/v2\/product"}],"about":[{"href":"https:\/\/mod.wisdar.net\/tr\/wp-json\/wp\/v2\/types\/product"}],"replies":[{"embeddable":true,"href":"https:\/\/mod.wisdar.net\/tr\/wp-json\/wp\/v2\/comments?post=183584"}],"wp:featuredmedia":[{"embeddable":true,"href":"https:\/\/mod.wisdar.net\/tr\/wp-json\/wp\/v2\/media\/218960"}],"wp:attachment":[{"href":"https:\/\/mod.wisdar.net\/tr\/wp-json\/wp\/v2\/media?parent=183584"}],"wp:term":[{"taxonomy":"product_brand","embeddable":true,"href":"https:\/\/mod.wisdar.net\/tr\/wp-json\/wp\/v2\/product_brand?post=183584"},{"taxonomy":"product_cat","embeddable":true,"href":"https:\/\/mod.wisdar.net\/tr\/wp-json\/wp\/v2\/product_cat?post=183584"},{"taxonomy":"product_tag","embeddable":true,"href":"https:\/\/mod.wisdar.net\/tr\/wp-json\/wp\/v2\/product_tag?post=183584"}],"curies":[{"name":"wp","href":"https:\/\/api.w.org\/{rel}","templated":true}]}}