{"id":183630,"date":"2026-03-29T14:45:59","date_gmt":"2026-03-29T14:45:59","guid":{"rendered":"https:\/\/modesthanim.com\/product\/basic-penye-sal-vizon\/"},"modified":"2026-04-05T00:46:49","modified_gmt":"2026-04-05T00:46:49","slug":"basic-penye-sal-vizon","status":"publish","type":"product","link":"https:\/\/mod.wisdar.net\/tr\/urun\/basic-penye-sal-vizon\/","title":{"rendered":"Basic Penye \u015eal Vizon"},"content":{"rendered":"<p>%95 viskon ve %5 elastan (EA) kar\u0131\u015f\u0131ml\u0131 penye kuma\u015ftan \u00fcretilen bu \u015fal, viskon liflerinin nefes alabilen ve hafif yap\u0131s\u0131 sayesinde g\u00fcn boyu konfor sunar. Elastan katk\u0131s\u0131 ise esneklik kazand\u0131rarak \u015fal\u0131n kolay \u015fekil almas\u0131n\u0131 ve kullan\u0131m s\u0131ras\u0131nda rahatl\u0131k sa\u011flamas\u0131n\u0131 destekler. Esnek ve pratik yap\u0131s\u0131 sayesinde kolayca \u015fekil verilebilir; ister \u00e7ene alt\u0131ndan ister enseden ba\u011flanarak farkl\u0131 kullan\u0131m se\u00e7enekleri sunar. G\u00fcnl\u00fck kullan\u0131mda h\u0131z ve konfor sa\u011flayan bu model, basic tasar\u0131m\u0131yla her kombine uyum sa\u011flayan kurtar\u0131c\u0131 bir par\u00e7ad\u0131r. Bak\u0131m \u00f6nerisi: 30\u00b0C\u2019de benzer renklerle y\u0131kay\u0131n\u0131z. A\u011fart\u0131c\u0131 kullanmay\u0131n\u0131z. D\u00fc\u015f\u00fck \u0131s\u0131da \u00fct\u00fcleyiniz.<\/p>\n","protected":false},"excerpt":{"rendered":"<p>%95 viskon ve %5 elastan (EA) kar\u0131\u015f\u0131ml\u0131 penye kuma\u015ftan \u00fcretilen bu \u015fal, viskon liflerinin nefes alabilen ve hafif yap\u0131s\u0131 sayesinde g\u00fcn boyu konfor sunar. Elastan katk\u0131s\u0131 ise esneklik kazand\u0131rarak \u015fal\u0131n kolay \u015fekil almas\u0131n\u0131 ve kullan\u0131m s\u0131ras\u0131nda rahatl\u0131k sa\u011flamas\u0131n\u0131 destekler. Esnek ve pratik yap\u0131s\u0131 sayesinde kolayca \u015fekil verilebilir; ister \u00e7ene alt\u0131ndan ister enseden ba\u011flanarak farkl\u0131 kullan\u0131m [&hellip;]<\/p>\n","protected":false},"featured_media":183625,"comment_status":"open","ping_status":"closed","template":"","meta":[],"product_brand":[],"product_cat":[11122],"product_tag":[],"class_list":{"0":"post-183630","1":"product","2":"type-product","3":"status-publish","4":"has-post-thumbnail","6":"product_cat-esarp-sal","7":"pa_brand-he-qa","8":"pa_color-vizon","10":"first","11":"outofstock","12":"shipping-taxable","13":"product-type-variable"},"_links":{"self":[{"href":"https:\/\/mod.wisdar.net\/tr\/wp-json\/wp\/v2\/product\/183630","targetHints":{"allow":["GET"]}}],"collection":[{"href":"https:\/\/mod.wisdar.net\/tr\/wp-json\/wp\/v2\/product"}],"about":[{"href":"https:\/\/mod.wisdar.net\/tr\/wp-json\/wp\/v2\/types\/product"}],"replies":[{"embeddable":true,"href":"https:\/\/mod.wisdar.net\/tr\/wp-json\/wp\/v2\/comments?post=183630"}],"wp:featuredmedia":[{"embeddable":true,"href":"https:\/\/mod.wisdar.net\/tr\/wp-json\/wp\/v2\/media\/183625"}],"wp:attachment":[{"href":"https:\/\/mod.wisdar.net\/tr\/wp-json\/wp\/v2\/media?parent=183630"}],"wp:term":[{"taxonomy":"product_brand","embeddable":true,"href":"https:\/\/mod.wisdar.net\/tr\/wp-json\/wp\/v2\/product_brand?post=183630"},{"taxonomy":"product_cat","embeddable":true,"href":"https:\/\/mod.wisdar.net\/tr\/wp-json\/wp\/v2\/product_cat?post=183630"},{"taxonomy":"product_tag","embeddable":true,"href":"https:\/\/mod.wisdar.net\/tr\/wp-json\/wp\/v2\/product_tag?post=183630"}],"curies":[{"name":"wp","href":"https:\/\/api.w.org\/{rel}","templated":true}]}}