{"id":183639,"date":"2026-03-29T14:46:05","date_gmt":"2026-03-29T14:46:05","guid":{"rendered":"https:\/\/modesthanim.com\/product\/uzun-baslikli-sweatshirt-siyah\/"},"modified":"2026-04-12T01:00:58","modified_gmt":"2026-04-12T01:00:58","slug":"uzun-baslikli-sweatshirt-siyah","status":"publish","type":"product","link":"https:\/\/mod.wisdar.net\/tr\/urun\/uzun-baslikli-sweatshirt-siyah\/","title":{"rendered":"Uzun Ba\u015fl\u0131kl\u0131 Sweatshirt Siyah"},"content":{"rendered":"<p>%79 pamuk, %17 polyester ve %4 elastan kar\u0131\u015f\u0131m\u0131ndan \u00fcretilen bu uzun sweatshirt, do\u011fal konfor ve esnekli\u011fi bir arada sunar. Pamuk i\u00e7eri\u011fi nefes alabilen ve cilt dostu bir yap\u0131 sa\u011flarken, polyester kuma\u015fa dayan\u0131kl\u0131l\u0131k ve formunu koruma \u00f6zelli\u011fi katar. Elastan eklenmesi ise esneklik sa\u011flayarak g\u00fcn boyu hareket \u00f6zg\u00fcrl\u00fc\u011f\u00fc garanti eder.<br \/>\nUzun ve rahat kesimi sayesinde konforlu kullan\u0131m sunan model, ba\u015fl\u0131k detay\u0131yla sportif bir g\u00f6r\u00fcn\u00fcm kazan\u0131r. \u00d6zellikle g\u00fcnl\u00fck kullan\u0131m i\u00e7in sportif kombinlerinizi tamamlayan rahat ve modern bir par\u00e7ad\u0131r.<br \/>\nBeden Bilgisi: Kendi bedeninizi se\u00e7ebilirsiniz.<br \/>\nBak\u0131m Talimatlar\u0131: Benzer renklerle 30\u00b0C&#8217;de y\u0131kay\u0131n. \u00c7ama\u015f\u0131r suyu kullanmay\u0131n. D\u00fc\u015f\u00fck s\u0131cakl\u0131kta \u00fct\u00fcleyin.<br \/>\nUzunluk: 125 cm (\u00dcr\u00fcn uzunlu\u011fu \u00fcretim partileri aras\u0131nda 1-5 cm farkl\u0131l\u0131k g\u00f6sterebilir.)<br \/>\nBeden Tablosu:<br \/>\nG\u00f6\u011f\u00fcs Kal\u00e7a Kol Bilek<br \/>\nBeden S-M: 118 cm 140 cm 54 cm 47 cm<br \/>\nBeden M-L: 122 cm 144 cm 54.5 cm 48 cm<br \/>\nModelin \u00d6l\u00e7\u00fcleri: Boy: 176 cm G\u00f6\u011f\u00fcs: 80 cm Bel: 60 cm Kal\u00e7a: 90 cm<br \/>\nModelin Giyilen Bedeni: S-M<\/p>\n","protected":false},"excerpt":{"rendered":"<p>%79 pamuk, %17 polyester ve %4 elastan kar\u0131\u015f\u0131m\u0131ndan \u00fcretilen bu uzun sweatshirt, do\u011fal konfor ve esnekli\u011fi bir arada sunar. Pamuk i\u00e7eri\u011fi nefes alabilen ve cilt dostu bir yap\u0131 sa\u011flarken, polyester kuma\u015fa dayan\u0131kl\u0131l\u0131k ve formunu koruma \u00f6zelli\u011fi katar. Elastan eklenmesi ise esneklik sa\u011flayarak g\u00fcn boyu hareket \u00f6zg\u00fcrl\u00fc\u011f\u00fc garanti eder. Uzun ve rahat kesimi sayesinde konforlu kullan\u0131m [&hellip;]<\/p>\n","protected":false},"featured_media":183628,"comment_status":"open","ping_status":"closed","template":"","meta":[],"product_brand":[],"product_cat":[1927],"product_tag":[],"class_list":{"0":"post-183639","1":"product","2":"type-product","3":"status-publish","4":"has-post-thumbnail","6":"product_cat-hoodies-sweatshirtler","7":"pa_brand-he-qa","8":"pa_color-siyah","9":"pa_size-m-l-2","10":"pa_size-s-m-2","12":"first","13":"instock","14":"sale","15":"shipping-taxable","16":"purchasable","17":"product-type-variable"},"_links":{"self":[{"href":"https:\/\/mod.wisdar.net\/tr\/wp-json\/wp\/v2\/product\/183639","targetHints":{"allow":["GET"]}}],"collection":[{"href":"https:\/\/mod.wisdar.net\/tr\/wp-json\/wp\/v2\/product"}],"about":[{"href":"https:\/\/mod.wisdar.net\/tr\/wp-json\/wp\/v2\/types\/product"}],"replies":[{"embeddable":true,"href":"https:\/\/mod.wisdar.net\/tr\/wp-json\/wp\/v2\/comments?post=183639"}],"wp:featuredmedia":[{"embeddable":true,"href":"https:\/\/mod.wisdar.net\/tr\/wp-json\/wp\/v2\/media\/183628"}],"wp:attachment":[{"href":"https:\/\/mod.wisdar.net\/tr\/wp-json\/wp\/v2\/media?parent=183639"}],"wp:term":[{"taxonomy":"product_brand","embeddable":true,"href":"https:\/\/mod.wisdar.net\/tr\/wp-json\/wp\/v2\/product_brand?post=183639"},{"taxonomy":"product_cat","embeddable":true,"href":"https:\/\/mod.wisdar.net\/tr\/wp-json\/wp\/v2\/product_cat?post=183639"},{"taxonomy":"product_tag","embeddable":true,"href":"https:\/\/mod.wisdar.net\/tr\/wp-json\/wp\/v2\/product_tag?post=183639"}],"curies":[{"name":"wp","href":"https:\/\/api.w.org\/{rel}","templated":true}]}}