{"id":183682,"date":"2026-03-29T14:48:13","date_gmt":"2026-03-29T14:48:13","guid":{"rendered":"https:\/\/modesthanim.com\/product\/uzun-kapusonlu-sweatshirt-bitter\/"},"modified":"2026-04-12T01:02:12","modified_gmt":"2026-04-12T01:02:12","slug":"uzun-kapusonlu-sweatshirt-bitter","status":"publish","type":"product","link":"https:\/\/mod.wisdar.net\/tr\/urun\/uzun-kapusonlu-sweatshirt-bitter\/","title":{"rendered":"Uzun Kap\u00fc\u015fonlu Sweatshirt Bitter"},"content":{"rendered":"<p>%79 pamuk, %17 polyester ve %4 elastan kar\u0131\u015f\u0131m\u0131ndan \u00fcretilen bu uzun sweatshirt, do\u011fal konfor ve esnekli\u011fi bir arada sunar. Pamuk i\u00e7eri\u011fi nefes alabilen ve cilt dostu bir yap\u0131 sa\u011flarken, polyester kuma\u015fa dayan\u0131kl\u0131l\u0131k ve form tutma \u00f6zelli\u011fi katar. Elastan eklenmesi ise esneklik sa\u011flayarak g\u00fcn boyu hareket \u00f6zg\u00fcrl\u00fc\u011f\u00fc sa\u011flar. Uzun ve rahat kesimi sayesinde konforlu kullan\u0131m sunan model, kap\u00fc\u015fon detay\u0131yla sportif bir g\u00f6r\u00fcn\u00fcm kazan\u0131r. \u00d6zellikle g\u00fcnl\u00fck kullan\u0131m i\u00e7in sportif kombinlerinizi tamamlayan konforlu ve modern bir par\u00e7ad\u0131r. Beden Bilgisi: Kendi bedeninizi se\u00e7ebilirsiniz. Bak\u0131m Talimatlar\u0131: 30\u00b0C&#8217;de benzer renklerle y\u0131kay\u0131n. \u00c7ama\u015f\u0131r suyu kullanmay\u0131n. D\u00fc\u015f\u00fck s\u0131cakl\u0131kta \u00fct\u00fcleyin. Uzunluk: 125 cm (\u00dcr\u00fcn uzunlu\u011fu \u00fcretim partileri aras\u0131nda 1-5 cm farkl\u0131l\u0131k g\u00f6sterebilir.) Beden Tablosu: G\u00f6\u011f\u00fcs Kal\u00e7a Kol Bilek Beden S-M: 118 cm 140 cm 54 cm 47 cm Beden M-L: 122 cm 144 cm 54,5 cm 48 cm Modelin \u00d6l\u00e7\u00fcleri: Boy: 176 cm G\u00f6\u011f\u00fcs: 80 cm Bel: 60 cm Kal\u00e7a: 90 cm Modelin Giyilen Bedeni: S-M<\/p>\n","protected":false},"excerpt":{"rendered":"<p>%79 pamuk, %17 polyester ve %4 elastan kar\u0131\u015f\u0131m\u0131ndan \u00fcretilen bu uzun sweatshirt, do\u011fal konfor ve esnekli\u011fi bir arada sunar. Pamuk i\u00e7eri\u011fi nefes alabilen ve cilt dostu bir yap\u0131 sa\u011flarken, polyester kuma\u015fa dayan\u0131kl\u0131l\u0131k ve form tutma \u00f6zelli\u011fi katar. Elastan eklenmesi ise esneklik sa\u011flayarak g\u00fcn boyu hareket \u00f6zg\u00fcrl\u00fc\u011f\u00fc sa\u011flar. Uzun ve rahat kesimi sayesinde konforlu kullan\u0131m sunan [&hellip;]<\/p>\n","protected":false},"featured_media":183669,"comment_status":"open","ping_status":"closed","template":"","meta":[],"product_brand":[],"product_cat":[1927],"product_tag":[],"class_list":{"0":"post-183682","1":"product","2":"type-product","3":"status-publish","4":"has-post-thumbnail","6":"product_cat-hoodies-sweatshirtler","7":"pa_brand-he-qa","8":"pa_color-bitter","9":"pa_size-m-l-2","10":"pa_size-s-m-2","12":"first","13":"instock","14":"sale","15":"shipping-taxable","16":"purchasable","17":"product-type-variable"},"_links":{"self":[{"href":"https:\/\/mod.wisdar.net\/tr\/wp-json\/wp\/v2\/product\/183682","targetHints":{"allow":["GET"]}}],"collection":[{"href":"https:\/\/mod.wisdar.net\/tr\/wp-json\/wp\/v2\/product"}],"about":[{"href":"https:\/\/mod.wisdar.net\/tr\/wp-json\/wp\/v2\/types\/product"}],"replies":[{"embeddable":true,"href":"https:\/\/mod.wisdar.net\/tr\/wp-json\/wp\/v2\/comments?post=183682"}],"wp:featuredmedia":[{"embeddable":true,"href":"https:\/\/mod.wisdar.net\/tr\/wp-json\/wp\/v2\/media\/183669"}],"wp:attachment":[{"href":"https:\/\/mod.wisdar.net\/tr\/wp-json\/wp\/v2\/media?parent=183682"}],"wp:term":[{"taxonomy":"product_brand","embeddable":true,"href":"https:\/\/mod.wisdar.net\/tr\/wp-json\/wp\/v2\/product_brand?post=183682"},{"taxonomy":"product_cat","embeddable":true,"href":"https:\/\/mod.wisdar.net\/tr\/wp-json\/wp\/v2\/product_cat?post=183682"},{"taxonomy":"product_tag","embeddable":true,"href":"https:\/\/mod.wisdar.net\/tr\/wp-json\/wp\/v2\/product_tag?post=183682"}],"curies":[{"name":"wp","href":"https:\/\/api.w.org\/{rel}","templated":true}]}}