{"id":183765,"date":"2026-03-29T14:52:43","date_gmt":"2026-03-29T14:52:43","guid":{"rendered":"https:\/\/modesthanim.com\/product\/bitter-genis-paca-sweatpant\/"},"modified":"2026-04-12T01:14:38","modified_gmt":"2026-04-12T01:14:38","slug":"bitter-genis-paca-sweatpant","status":"publish","type":"product","link":"https:\/\/mod.wisdar.net\/tr\/urun\/bitter-genis-paca-sweatpant\/","title":{"rendered":"Bitter Geni\u015f Pa\u00e7a Sweatpant"},"content":{"rendered":"<p>%79 pamuk, %17 polyester ve %4 elastan kar\u0131\u015f\u0131m\u0131ndan \u00fcretilen bu sweatpant, do\u011fal konfor ve esnekli\u011fi bir arada sunar. Pamuk i\u00e7eri\u011fi nefes alabilir ve cilt dostu bir deneyim sa\u011flarken, polyester kuma\u015f\u0131n dayan\u0131kl\u0131l\u0131\u011f\u0131n\u0131 ve formunu korumas\u0131n\u0131 destekler. Elastan eklenmesi ise esneklik sa\u011flayarak g\u00fcn boyu hareket \u00f6zg\u00fcrl\u00fc\u011f\u00fc garantiler.<br \/>\nGeni\u015f pa\u00e7a formu ve rahat kesimiyle bu model, konforlu bir kullan\u0131m sunar ve modern, sportif bir g\u00f6r\u00fcn\u00fcm yarat\u0131r. Esnek bel band\u0131 detay\u0131, g\u00fcn i\u00e7inde ekstra konfor ve kullan\u0131m kolayl\u0131\u011f\u0131 sa\u011flar. G\u00fcnl\u00fck ve sportif kombinasyonlar i\u00e7in kolayca tercih edilebilecek bir par\u00e7ad\u0131r.<br \/>\nUyum bilgisi: Kendi bedeninizi se\u00e7ebilirsiniz.<br \/>\nBak\u0131m talimatlar\u0131: Benzer renklerde 30\u00b0C&#8217;de y\u0131kay\u0131n. \u00c7ama\u015f\u0131r suyu kullanmay\u0131n. D\u00fc\u015f\u00fck \u0131s\u0131da \u00fct\u00fcleyin.<br \/>\nUzunluk: 110 cm (\u00dcr\u00fcn uzunlu\u011fu \u00fcretim partileri aras\u0131nda 1-3 cm farkl\u0131l\u0131k g\u00f6sterebilir.)<\/p>\n<p>Beden Tablosu:<br \/>\nBel Kal\u00e7a<br \/>\nBeden S-M: 66 cm 120 cm<br \/>\nBeden M-L: 70 cm 124 cm<\/p>\n<p>Modelin \u00d6l\u00e7\u00fcleri: Boy: 176 cm G\u00f6\u011f\u00fcs: 80 cm Bel: 60 cm Kal\u00e7a: 90 cm Modelin Giyimi: S-M<\/p>\n","protected":false},"excerpt":{"rendered":"<p>%79 pamuk, %17 polyester ve %4 elastan kar\u0131\u015f\u0131m\u0131ndan \u00fcretilen bu sweatpant, do\u011fal konfor ve esnekli\u011fi bir arada sunar. Pamuk i\u00e7eri\u011fi nefes alabilir ve cilt dostu bir deneyim sa\u011flarken, polyester kuma\u015f\u0131n dayan\u0131kl\u0131l\u0131\u011f\u0131n\u0131 ve formunu korumas\u0131n\u0131 destekler. Elastan eklenmesi ise esneklik sa\u011flayarak g\u00fcn boyu hareket \u00f6zg\u00fcrl\u00fc\u011f\u00fc garantiler. Geni\u015f pa\u00e7a formu ve rahat kesimiyle bu model, konforlu bir [&hellip;]<\/p>\n","protected":false},"featured_media":183754,"comment_status":"open","ping_status":"closed","template":"","meta":[],"product_brand":[],"product_cat":[1882],"product_tag":[],"class_list":{"0":"post-183765","1":"product","2":"type-product","3":"status-publish","4":"has-post-thumbnail","6":"product_cat-alt-giyim","7":"pa_brand-he-qa","8":"pa_color-bitter","9":"pa_size-m-l-2","10":"pa_size-s-m-2","12":"first","13":"instock","14":"shipping-taxable","15":"purchasable","16":"product-type-variable"},"_links":{"self":[{"href":"https:\/\/mod.wisdar.net\/tr\/wp-json\/wp\/v2\/product\/183765","targetHints":{"allow":["GET"]}}],"collection":[{"href":"https:\/\/mod.wisdar.net\/tr\/wp-json\/wp\/v2\/product"}],"about":[{"href":"https:\/\/mod.wisdar.net\/tr\/wp-json\/wp\/v2\/types\/product"}],"replies":[{"embeddable":true,"href":"https:\/\/mod.wisdar.net\/tr\/wp-json\/wp\/v2\/comments?post=183765"}],"wp:featuredmedia":[{"embeddable":true,"href":"https:\/\/mod.wisdar.net\/tr\/wp-json\/wp\/v2\/media\/183754"}],"wp:attachment":[{"href":"https:\/\/mod.wisdar.net\/tr\/wp-json\/wp\/v2\/media?parent=183765"}],"wp:term":[{"taxonomy":"product_brand","embeddable":true,"href":"https:\/\/mod.wisdar.net\/tr\/wp-json\/wp\/v2\/product_brand?post=183765"},{"taxonomy":"product_cat","embeddable":true,"href":"https:\/\/mod.wisdar.net\/tr\/wp-json\/wp\/v2\/product_cat?post=183765"},{"taxonomy":"product_tag","embeddable":true,"href":"https:\/\/mod.wisdar.net\/tr\/wp-json\/wp\/v2\/product_tag?post=183765"}],"curies":[{"name":"wp","href":"https:\/\/api.w.org\/{rel}","templated":true}]}}