{"id":183771,"date":"2026-03-29T14:52:40","date_gmt":"2026-03-29T14:52:40","guid":{"rendered":"https:\/\/modesthanim.com\/product\/kapusonlu-uzun-sweat-istiridye\/"},"modified":"2026-03-29T15:04:03","modified_gmt":"2026-03-29T15:04:03","slug":"kapusonlu-uzun-sweat-istiridye","status":"publish","type":"product","link":"https:\/\/mod.wisdar.net\/tr\/urun\/kapusonlu-uzun-sweat-istiridye\/","title":{"rendered":"Kap\u00fc\u015fonlu Uzun Sweat \u0130stiridye"},"content":{"rendered":"<p>%79 pamuk, %17 polyester ve %4 elastan kar\u0131\u015f\u0131ml\u0131 kuma\u015ftan \u00fcretilen bu uzun sweat, do\u011fal konfor ile esnekli\u011fi bir arada sunar. Pamuk i\u00e7eri\u011fi nefes alabilir ve cilde dost bir yap\u0131 sa\u011flarken, polyester kuma\u015fa dayan\u0131kl\u0131l\u0131k ve formunu koruma \u00f6zelli\u011fi kazand\u0131r\u0131r. Elastan katk\u0131s\u0131 ise esneklik sa\u011flayarak g\u00fcn boyu hareket \u00f6zg\u00fcrl\u00fc\u011f\u00fc sunar.Uzun ve rahat kal\u0131b\u0131 sayesinde konforlu bir kullan\u0131m sunan model, kap\u00fc\u015fon detay\u0131yla sportif bir g\u00f6r\u00fcn\u00fcm kazan\u0131r. G\u00fcnl\u00fck kullan\u0131mda \u00f6zellikle spor kombinlerinizi tamamlayan, rahat ve modern bir par\u00e7ad\u0131r.Kal\u0131p bilgisi: Kendi bedeninizi tercih edebilirsiniz.<br \/>\nBak\u0131m \u00f6nerisi: 30\u00b0C\u2019de benzer renklerle y\u0131kay\u0131n\u0131z. A\u011fart\u0131c\u0131 kullanmay\u0131n\u0131z. D\u00fc\u015f\u00fck \u0131s\u0131da \u00fct\u00fcleyiniz.<br \/>\nBoy: 125 cm\u00a0(\u00dcr\u00fcn boyu \u00fcretimler aras\u0131 1-5 cm de\u011fi\u015febilir.)<\/p>\n<p>Kal\u0131p Bilgisi:<br \/>\nG\u00f6\u011f\u00fcs<br \/>\nBasen\u00a0<br \/>\nKol Boyu\u00a0<br \/>\nPazu<\/p>\n<p>S-M Beden:\u00a0<br \/>\n118 cm\u00a0<br \/>\n140 cm\u00a0<br \/>\n54 cm\u00a0<br \/>\n47 cm\u00a0<\/p>\n<p>M-L Beden:<br \/>\n122 cm\u00a0<br \/>\n144 cm\u00a0<br \/>\n54,5 cm\u00a0<br \/>\n48 cm\u00a0<\/p>\n<p>Manken \u00d6l\u00e7\u00fcleri:Boy: 176 cmG\u00f6\u011f\u00fcs: 80 cmBel: 60 cmBasen: 90 cmMankenin \u00dczerindeki Beden: S-M<\/p>\n","protected":false},"excerpt":{"rendered":"<p>%79 pamuk, %17 polyester ve %4 elastan kar\u0131\u015f\u0131ml\u0131 kuma\u015ftan \u00fcretilen bu uzun sweat, do\u011fal konfor ile esnekli\u011fi bir arada sunar. Pamuk i\u00e7eri\u011fi nefes alabilir ve cilde dost bir yap\u0131 sa\u011flarken, polyester kuma\u015fa dayan\u0131kl\u0131l\u0131k ve formunu koruma \u00f6zelli\u011fi kazand\u0131r\u0131r. Elastan katk\u0131s\u0131 ise esneklik sa\u011flayarak g\u00fcn boyu hareket \u00f6zg\u00fcrl\u00fc\u011f\u00fc sunar.Uzun ve rahat kal\u0131b\u0131 sayesinde konforlu bir kullan\u0131m [&hellip;]<\/p>\n","protected":false},"featured_media":183753,"comment_status":"open","ping_status":"closed","template":"","meta":[],"product_brand":[],"product_cat":[1927],"product_tag":[7426,7430,7429,5013,7425,6751,7424],"class_list":{"0":"post-183771","1":"product","2":"type-product","3":"status-publish","4":"has-post-thumbnail","6":"product_cat-hoodies-sweatshirtler","7":"product_tag-gunluk-giyim-3","8":"product_tag-gunluk-kombin","9":"product_tag-kapusonlu-sweatshirt","10":"product_tag-modern","11":"product_tag-pamuk-karisimi","12":"product_tag-rahat","13":"product_tag-spor-giyim","14":"pa_brand-he-qa","15":"pa_color-istiridye","16":"pa_size-m-l-2","17":"pa_size-s-m-2","19":"first","20":"instock","21":"sale","22":"shipping-taxable","23":"purchasable","24":"product-type-variable"},"_links":{"self":[{"href":"https:\/\/mod.wisdar.net\/tr\/wp-json\/wp\/v2\/product\/183771","targetHints":{"allow":["GET"]}}],"collection":[{"href":"https:\/\/mod.wisdar.net\/tr\/wp-json\/wp\/v2\/product"}],"about":[{"href":"https:\/\/mod.wisdar.net\/tr\/wp-json\/wp\/v2\/types\/product"}],"replies":[{"embeddable":true,"href":"https:\/\/mod.wisdar.net\/tr\/wp-json\/wp\/v2\/comments?post=183771"}],"wp:featuredmedia":[{"embeddable":true,"href":"https:\/\/mod.wisdar.net\/tr\/wp-json\/wp\/v2\/media\/183753"}],"wp:attachment":[{"href":"https:\/\/mod.wisdar.net\/tr\/wp-json\/wp\/v2\/media?parent=183771"}],"wp:term":[{"taxonomy":"product_brand","embeddable":true,"href":"https:\/\/mod.wisdar.net\/tr\/wp-json\/wp\/v2\/product_brand?post=183771"},{"taxonomy":"product_cat","embeddable":true,"href":"https:\/\/mod.wisdar.net\/tr\/wp-json\/wp\/v2\/product_cat?post=183771"},{"taxonomy":"product_tag","embeddable":true,"href":"https:\/\/mod.wisdar.net\/tr\/wp-json\/wp\/v2\/product_tag?post=183771"}],"curies":[{"name":"wp","href":"https:\/\/api.w.org\/{rel}","templated":true}]}}