{"id":183833,"date":"2026-03-29T14:55:53","date_gmt":"2026-03-29T14:55:53","guid":{"rendered":"https:\/\/modesthanim.com\/product\/tek-cep-detayli-uzun-trenckot-siyah\/"},"modified":"2026-04-12T01:20:54","modified_gmt":"2026-04-12T01:20:54","slug":"tek-cep-detayli-uzun-trenckot-siyah","status":"publish","type":"product","link":"https:\/\/mod.wisdar.net\/tr\/urun\/tek-cep-detayli-uzun-trenckot-siyah\/","title":{"rendered":"Tek Cep Detayl\u0131 Uzun Tren\u00e7kot Siyah"},"content":{"rendered":"<p>%90 pamuk ve %10 naylon kar\u0131\u015f\u0131m\u0131ndan \u00fcretilen bu uzun tren\u00e7kot, pamuk liflerinin do\u011fal ve nefes alabilen yap\u0131s\u0131 sayesinde g\u00fcn boyu konfor sunar. Naylon i\u00e7eri\u011fi ise kuma\u015fa dayan\u0131kl\u0131l\u0131k ve sa\u011flaml\u0131k katarak formunu korumas\u0131n\u0131 ve uzun \u00f6m\u00fcrl\u00fc bir yap\u0131 sa\u011flar.<br \/>\nKuma\u015f\u0131n kendili\u011finden dokulu ve dolgun yap\u0131s\u0131 modelin karakteristik ve \u015f\u0131k bir duru\u015f sergilemesini sa\u011flarken, temel tasar\u0131m\u0131 zamans\u0131z ve stil sahibi bir g\u00f6r\u00fcn\u00fcm sunar. Tek cep detay\u0131, basit tasar\u0131m\u0131 tamamlayan minimal bir unsur olarak \u00f6ne \u00e7\u0131kar.<br \/>\nFit bilgisi: Rahat kesimdir.<br \/>\nBak\u0131m talimatlar\u0131: Benzer renklerle 30\u00b0C&#8217;de y\u0131kay\u0131n. \u00c7ama\u015f\u0131r suyu kullanmay\u0131n. D\u00fc\u015f\u00fck \u0131s\u0131da \u00fct\u00fcleyin.<br \/>\nUzunluk: 120 cm (\u00dcr\u00fcn uzunlu\u011fu \u00fcretim partileri aras\u0131nda 1-5 cm farkl\u0131l\u0131k g\u00f6sterebilir.)<\/p>\n<p>Beden Tablosu:<br \/>\nG\u00f6\u011f\u00fcs Kol Pazu<br \/>\nBeden 36: 111 cm 52,75 cm 43 cm<br \/>\nBeden 38: 115 cm 53,25 cm 44 cm<br \/>\nBeden 40: 119 cm 53,75 cm 45 cm<br \/>\nBeden 42: 123 cm 54,25 cm 46 cm<\/p>\n<p>Modelin \u00d6l\u00e7\u00fcleri: Boy: 176 cm G\u00f6\u011f\u00fcs: 80 cm Bel: 60 cm Kal\u00e7a: 90 cm Modelin Giydi\u011fi Beden: 36<\/p>\n","protected":false},"excerpt":{"rendered":"<p>%90 pamuk ve %10 naylon kar\u0131\u015f\u0131m\u0131ndan \u00fcretilen bu uzun tren\u00e7kot, pamuk liflerinin do\u011fal ve nefes alabilen yap\u0131s\u0131 sayesinde g\u00fcn boyu konfor sunar. Naylon i\u00e7eri\u011fi ise kuma\u015fa dayan\u0131kl\u0131l\u0131k ve sa\u011flaml\u0131k katarak formunu korumas\u0131n\u0131 ve uzun \u00f6m\u00fcrl\u00fc bir yap\u0131 sa\u011flar. Kuma\u015f\u0131n kendili\u011finden dokulu ve dolgun yap\u0131s\u0131 modelin karakteristik ve \u015f\u0131k bir duru\u015f sergilemesini sa\u011flarken, temel tasar\u0131m\u0131 zamans\u0131z [&hellip;]<\/p>\n","protected":false},"featured_media":183826,"comment_status":"open","ping_status":"closed","template":"","meta":[],"product_brand":[],"product_cat":[2047],"product_tag":[],"class_list":{"0":"post-183833","1":"product","2":"type-product","3":"status-publish","4":"has-post-thumbnail","6":"product_cat-paltolar","7":"pa_brand-he-qa","8":"pa_color-siyah","9":"pa_size-4701","10":"pa_size-4706","11":"pa_size-4711","12":"pa_size-4713","14":"first","15":"outofstock","16":"shipping-taxable","17":"product-type-variable"},"_links":{"self":[{"href":"https:\/\/mod.wisdar.net\/tr\/wp-json\/wp\/v2\/product\/183833","targetHints":{"allow":["GET"]}}],"collection":[{"href":"https:\/\/mod.wisdar.net\/tr\/wp-json\/wp\/v2\/product"}],"about":[{"href":"https:\/\/mod.wisdar.net\/tr\/wp-json\/wp\/v2\/types\/product"}],"replies":[{"embeddable":true,"href":"https:\/\/mod.wisdar.net\/tr\/wp-json\/wp\/v2\/comments?post=183833"}],"wp:featuredmedia":[{"embeddable":true,"href":"https:\/\/mod.wisdar.net\/tr\/wp-json\/wp\/v2\/media\/183826"}],"wp:attachment":[{"href":"https:\/\/mod.wisdar.net\/tr\/wp-json\/wp\/v2\/media?parent=183833"}],"wp:term":[{"taxonomy":"product_brand","embeddable":true,"href":"https:\/\/mod.wisdar.net\/tr\/wp-json\/wp\/v2\/product_brand?post=183833"},{"taxonomy":"product_cat","embeddable":true,"href":"https:\/\/mod.wisdar.net\/tr\/wp-json\/wp\/v2\/product_cat?post=183833"},{"taxonomy":"product_tag","embeddable":true,"href":"https:\/\/mod.wisdar.net\/tr\/wp-json\/wp\/v2\/product_tag?post=183833"}],"curies":[{"name":"wp","href":"https:\/\/api.w.org\/{rel}","templated":true}]}}