{"id":183855,"date":"2026-03-29T14:55:51","date_gmt":"2026-03-29T14:55:51","guid":{"rendered":"https:\/\/modesthanim.com\/product\/tek-cep-detayli-uzun-trenckot-bordo\/"},"modified":"2026-04-11T23:30:45","modified_gmt":"2026-04-11T23:30:45","slug":"tek-cep-detayli-uzun-trenckot-bordo","status":"publish","type":"product","link":"https:\/\/mod.wisdar.net\/tr\/urun\/tek-cep-detayli-uzun-trenckot-bordo\/","title":{"rendered":"Tek Cep Detayl\u0131 Uzun Tren\u00e7kot Bordo"},"content":{"rendered":"<p>%90 pamuk ve %10 naylon kar\u0131\u015f\u0131m\u0131ndan \u00fcretilen bu uzun tren\u00e7kot, pamuk liflerinin do\u011fal ve nefes alabilen yap\u0131s\u0131 sayesinde g\u00fcn boyu konfor sunar. Naylon i\u00e7eri\u011fi kuma\u015fa dayan\u0131kl\u0131l\u0131k ve g\u00fc\u00e7 katar, formunu korumas\u0131na yard\u0131mc\u0131 olur ve uzun \u00f6m\u00fcrl\u00fc bir yap\u0131 sa\u011flar.<br \/>\nKuma\u015f\u0131n kendinden dokulu ve dolgun yap\u0131s\u0131 modele karakteristik ve \u015f\u0131k bir duru\u015f kazand\u0131r\u0131rken, temel tasar\u0131m\u0131 zamans\u0131z ve stil sahibi bir g\u00f6r\u00fcn\u00fcm sunar. Tek cep detay\u0131, sadeli\u011fi tamamlayan minimal bir unsur olarak \u00f6ne \u00e7\u0131kar.<br \/>\nUyum bilgisi: Rahat kesimdir.<br \/>\nBak\u0131m talimatlar\u0131: 30\u00b0C&#8217;de benzer renklerle y\u0131kay\u0131n. A\u011fart\u0131c\u0131 kullanmay\u0131n. D\u00fc\u015f\u00fck \u0131s\u0131da \u00fct\u00fcleyin.<br \/>\nUzunluk: 120 cm (\u00dcr\u00fcn uzunlu\u011fu \u00fcretim partileri aras\u0131nda 1-5 cm farkl\u0131l\u0131k g\u00f6sterebilir.)<\/p>\n<p>Beden Tablosu:<br \/>\nG\u00f6\u011f\u00fcs Kol Pazu<br \/>\nBeden 36: 111 cm 52,75 cm 43 cm<br \/>\nBeden 38: 115 cm 53,25 cm 44 cm<br \/>\nBeden 40: 119 cm 53,75 cm 45 cm<br \/>\nBeden 42: 123 cm 54,25 cm 46 cm<\/p>\n<p>Modelin \u00d6l\u00e7\u00fcleri: Boy: 176 cm G\u00f6\u011f\u00fcs: 80 cm Bel: 60 cm Kal\u00e7a: 90 cm Modelin Giydi\u011fi Beden: 36<\/p>\n","protected":false},"excerpt":{"rendered":"<p>%90 pamuk ve %10 naylon kar\u0131\u015f\u0131m\u0131ndan \u00fcretilen bu uzun tren\u00e7kot, pamuk liflerinin do\u011fal ve nefes alabilen yap\u0131s\u0131 sayesinde g\u00fcn boyu konfor sunar. Naylon i\u00e7eri\u011fi kuma\u015fa dayan\u0131kl\u0131l\u0131k ve g\u00fc\u00e7 katar, formunu korumas\u0131na yard\u0131mc\u0131 olur ve uzun \u00f6m\u00fcrl\u00fc bir yap\u0131 sa\u011flar. Kuma\u015f\u0131n kendinden dokulu ve dolgun yap\u0131s\u0131 modele karakteristik ve \u015f\u0131k bir duru\u015f kazand\u0131r\u0131rken, temel tasar\u0131m\u0131 zamans\u0131z [&hellip;]<\/p>\n","protected":false},"featured_media":183830,"comment_status":"open","ping_status":"closed","template":"","meta":[],"product_brand":[],"product_cat":[2047],"product_tag":[],"class_list":{"0":"post-183855","1":"product","2":"type-product","3":"status-publish","4":"has-post-thumbnail","6":"product_cat-paltolar","7":"pa_brand-he-qa","8":"pa_color-bordo","9":"pa_size-4701","10":"pa_size-4706","11":"pa_size-4711","12":"pa_size-4713","14":"first","15":"instock","16":"sale","17":"shipping-taxable","18":"purchasable","19":"product-type-variable"},"_links":{"self":[{"href":"https:\/\/mod.wisdar.net\/tr\/wp-json\/wp\/v2\/product\/183855","targetHints":{"allow":["GET"]}}],"collection":[{"href":"https:\/\/mod.wisdar.net\/tr\/wp-json\/wp\/v2\/product"}],"about":[{"href":"https:\/\/mod.wisdar.net\/tr\/wp-json\/wp\/v2\/types\/product"}],"replies":[{"embeddable":true,"href":"https:\/\/mod.wisdar.net\/tr\/wp-json\/wp\/v2\/comments?post=183855"}],"wp:featuredmedia":[{"embeddable":true,"href":"https:\/\/mod.wisdar.net\/tr\/wp-json\/wp\/v2\/media\/183830"}],"wp:attachment":[{"href":"https:\/\/mod.wisdar.net\/tr\/wp-json\/wp\/v2\/media?parent=183855"}],"wp:term":[{"taxonomy":"product_brand","embeddable":true,"href":"https:\/\/mod.wisdar.net\/tr\/wp-json\/wp\/v2\/product_brand?post=183855"},{"taxonomy":"product_cat","embeddable":true,"href":"https:\/\/mod.wisdar.net\/tr\/wp-json\/wp\/v2\/product_cat?post=183855"},{"taxonomy":"product_tag","embeddable":true,"href":"https:\/\/mod.wisdar.net\/tr\/wp-json\/wp\/v2\/product_tag?post=183855"}],"curies":[{"name":"wp","href":"https:\/\/api.w.org\/{rel}","templated":true}]}}