{"id":183924,"date":"2026-03-29T14:59:10","date_gmt":"2026-03-29T14:59:10","guid":{"rendered":"https:\/\/modesthanim.com\/product\/tek-cepli-uzun-trenc-aci-kahve\/"},"modified":"2026-04-12T01:22:59","modified_gmt":"2026-04-12T01:22:59","slug":"tek-cepli-uzun-trenc-aci-kahve","status":"publish","type":"product","link":"https:\/\/mod.wisdar.net\/tr\/urun\/tek-cepli-uzun-trenc-aci-kahve\/","title":{"rendered":"Tek Cepli Uzun Tren\u00e7 Ac\u0131 Kahve"},"content":{"rendered":"<p>%90 pamuk ve %10 naylon kar\u0131\u015f\u0131ml\u0131 kuma\u015ftan \u00fcretilen bu uzun tren\u00e7, pamuk liflerinin do\u011fal ve nefes alabilir yap\u0131s\u0131 sayesinde g\u00fcn boyu konforlu bir kullan\u0131m sunar. \u0130\u00e7eri\u011findeki naylon, kuma\u015fa mukavemet ve dayan\u0131kl\u0131l\u0131k kazand\u0131rarak formunu korumas\u0131na yard\u0131mc\u0131 olur ve uzun \u00f6m\u00fcrl\u00fc bir yap\u0131 sa\u011flar.Kuma\u015f\u0131n kendili\u011finden dokulu ve tok yap\u0131s\u0131 modele karakterli ve d\u00fczenli bir duru\u015f kazand\u0131r\u0131rken, basic tasar\u0131m\u0131yla zamans\u0131z ve \u015f\u0131k bir g\u00f6r\u00fcn\u00fcm sunar. Tek cep detay\u0131 sade tasar\u0131m\u0131 tamamlayan minimal bir ayr\u0131nt\u0131 olarak \u00f6ne \u00e7\u0131kar.Kal\u0131p bilgisi: Rahat bir kal\u0131pt\u0131r.Bak\u0131m \u00f6nerisi: 30\u00b0C\u2019de benzer renklerle y\u0131kay\u0131n\u0131z. A\u011fart\u0131c\u0131 kullanmay\u0131n\u0131z. D\u00fc\u015f\u00fck \u0131s\u0131da \u00fct\u00fcleyiniz.<\/p>\n<p>Boy: 120 cm (\u00dcr\u00fcn boyu \u00fcretimler aras\u0131 1-5 cm de\u011fi\u015febilir.)<\/p>\n<p> Kal\u0131p Bilgisi:<br \/>\nG\u00f6\u011f\u00fcs<br \/>\nKol Boyu<br \/>\nPazu<\/p>\n<p>36 Beden:<br \/>\n111 cm<br \/>\n52,75 cm<br \/>\n43 cm <\/p>\n<p>38 Beden:<br \/>\n115 cm<br \/>\n53,25 cm<br \/>\n44 cm <\/p>\n<p>40 Beden:<br \/>\n119 cm<br \/>\n53,75 cm<br \/>\n45 cm <\/p>\n<p>42 Beden:<br \/>\n123 cm<br \/>\n54,25 cm<br \/>\n46 cm <\/p>\n<p>Manken \u00d6l\u00e7\u00fcleri:Boy: 176 cmG\u00f6\u011f\u00fcs: 80 cmBel: 60 cmBasen: 90 cmMankenin \u00dczerindeki Beden: 36<\/p>\n","protected":false},"excerpt":{"rendered":"<p>%90 pamuk ve %10 naylon kar\u0131\u015f\u0131ml\u0131 kuma\u015ftan \u00fcretilen bu uzun tren\u00e7, pamuk liflerinin do\u011fal ve nefes alabilir yap\u0131s\u0131 sayesinde g\u00fcn boyu konforlu bir kullan\u0131m sunar. \u0130\u00e7eri\u011findeki naylon, kuma\u015fa mukavemet ve dayan\u0131kl\u0131l\u0131k kazand\u0131rarak formunu korumas\u0131na yard\u0131mc\u0131 olur ve uzun \u00f6m\u00fcrl\u00fc bir yap\u0131 sa\u011flar.Kuma\u015f\u0131n kendili\u011finden dokulu ve tok yap\u0131s\u0131 modele karakterli ve d\u00fczenli bir duru\u015f kazand\u0131r\u0131rken, basic [&hellip;]<\/p>\n","protected":false},"featured_media":183913,"comment_status":"open","ping_status":"closed","template":"","meta":[],"product_brand":[],"product_cat":[2047],"product_tag":[6930,5012,6312,7425,6882,6776],"class_list":{"0":"post-183924","1":"product","2":"type-product","3":"status-publish","4":"has-post-thumbnail","6":"product_cat-paltolar","7":"product_tag-bitter-coffee","8":"product_tag-elegant","9":"product_tag-long-coat","10":"product_tag-pamuk-karisimi","11":"product_tag-rahat-kesim-2","12":"product_tag-trenckot","13":"pa_brand-he-qa","14":"pa_color-aci-kahve-1","15":"pa_size-4701","16":"pa_size-4706","17":"pa_size-4711","18":"pa_size-4713","20":"first","21":"outofstock","22":"shipping-taxable","23":"product-type-variable"},"_links":{"self":[{"href":"https:\/\/mod.wisdar.net\/tr\/wp-json\/wp\/v2\/product\/183924","targetHints":{"allow":["GET"]}}],"collection":[{"href":"https:\/\/mod.wisdar.net\/tr\/wp-json\/wp\/v2\/product"}],"about":[{"href":"https:\/\/mod.wisdar.net\/tr\/wp-json\/wp\/v2\/types\/product"}],"replies":[{"embeddable":true,"href":"https:\/\/mod.wisdar.net\/tr\/wp-json\/wp\/v2\/comments?post=183924"}],"wp:featuredmedia":[{"embeddable":true,"href":"https:\/\/mod.wisdar.net\/tr\/wp-json\/wp\/v2\/media\/183913"}],"wp:attachment":[{"href":"https:\/\/mod.wisdar.net\/tr\/wp-json\/wp\/v2\/media?parent=183924"}],"wp:term":[{"taxonomy":"product_brand","embeddable":true,"href":"https:\/\/mod.wisdar.net\/tr\/wp-json\/wp\/v2\/product_brand?post=183924"},{"taxonomy":"product_cat","embeddable":true,"href":"https:\/\/mod.wisdar.net\/tr\/wp-json\/wp\/v2\/product_cat?post=183924"},{"taxonomy":"product_tag","embeddable":true,"href":"https:\/\/mod.wisdar.net\/tr\/wp-json\/wp\/v2\/product_tag?post=183924"}],"curies":[{"name":"wp","href":"https:\/\/api.w.org\/{rel}","templated":true}]}}