{"id":183960,"date":"2026-03-29T15:01:09","date_gmt":"2026-03-29T15:01:09","guid":{"rendered":"https:\/\/modesthanim.com\/product\/genis-paca-sweatpant-kaki\/"},"modified":"2026-03-29T15:03:38","modified_gmt":"2026-03-29T15:03:38","slug":"genis-paca-sweatpant-kaki","status":"publish","type":"product","link":"https:\/\/mod.wisdar.net\/tr\/urun\/genis-paca-sweatpant-kaki\/","title":{"rendered":"Geni\u015f Pa\u00e7a Sweatpant Kaki"},"content":{"rendered":"<p>%79 pamuk, %17 polyester ve %4 elastan kar\u0131\u015f\u0131m\u0131ndan \u00fcretilen bu sweatpant, do\u011fal konfor ve esneklik kombinasyonu sunar. Pamuk i\u00e7eri\u011fi nefes alabilir ve cilt dostu bir deneyim sa\u011flarken, polyester kuma\u015fa dayan\u0131kl\u0131l\u0131k ve form tutma \u00f6zelli\u011fi katar. Elastan eklenmesi ise esneklik sa\u011flayarak g\u00fcn boyu hareket \u00f6zg\u00fcrl\u00fc\u011f\u00fc garanti eder.<br \/>\nGeni\u015f pa\u00e7a formu ve rahat kesimiyle bu model konforlu kullan\u0131m sunar ve modern, sportif bir g\u00f6r\u00fcn\u00fcm olu\u015fturur. Lastikli bel detay\u0131 g\u00fcn i\u00e7inde ekstra konfor ve kullan\u0131m kolayl\u0131\u011f\u0131 sa\u011flar. Hem g\u00fcnl\u00fck hem de sportif kombinasyonlar i\u00e7in kolayl\u0131kla tercih edilebilecek bir par\u00e7ad\u0131r.<br \/>\nUyum bilgisi: Kendi bedeninizi se\u00e7ebilirsiniz.<br \/>\nBak\u0131m talimatlar\u0131: Benzer renklerle 30\u00b0C&#8217;de y\u0131kay\u0131n. \u00c7ama\u015f\u0131r suyu kullanmay\u0131n. D\u00fc\u015f\u00fck s\u0131cakl\u0131kta \u00fct\u00fcleyin.<br \/>\nUzunluk: 110 cm (\u00dcr\u00fcn uzunlu\u011fu \u00fcretim partileri aras\u0131nda 1-3 cm de\u011fi\u015fiklik g\u00f6sterebilir.)<\/p>\n<p>Beden Tablosu:<br \/>\nBel Kal\u00e7a<br \/>\nBeden S-M: 66 cm 120 cm<br \/>\nBeden M-L: 70 cm 124 cm<\/p>\n<p>Modelin \u00d6l\u00e7\u00fcleri: Boy: 176 cm G\u00f6\u011f\u00fcs: 80 cm Bel: 60 cm Kal\u00e7a: 90 cm Modelin Giydi\u011fi Beden: S-M<\/p>\n","protected":false},"excerpt":{"rendered":"<p>%79 pamuk, %17 polyester ve %4 elastan kar\u0131\u015f\u0131m\u0131ndan \u00fcretilen bu sweatpant, do\u011fal konfor ve esneklik kombinasyonu sunar. Pamuk i\u00e7eri\u011fi nefes alabilir ve cilt dostu bir deneyim sa\u011flarken, polyester kuma\u015fa dayan\u0131kl\u0131l\u0131k ve form tutma \u00f6zelli\u011fi katar. Elastan eklenmesi ise esneklik sa\u011flayarak g\u00fcn boyu hareket \u00f6zg\u00fcrl\u00fc\u011f\u00fc garanti eder. Geni\u015f pa\u00e7a formu ve rahat kesimiyle bu model konforlu [&hellip;]<\/p>\n","protected":false},"featured_media":183953,"comment_status":"open","ping_status":"closed","template":"","meta":[],"product_brand":[],"product_cat":[1882],"product_tag":[],"class_list":{"0":"post-183960","1":"product","2":"type-product","3":"status-publish","4":"has-post-thumbnail","6":"product_cat-alt-giyim","7":"pa_brand-he-qa","8":"pa_color-haki","9":"pa_size-m-l-2","10":"pa_size-s-m-2","12":"first","13":"instock","14":"shipping-taxable","15":"purchasable","16":"product-type-variable"},"_links":{"self":[{"href":"https:\/\/mod.wisdar.net\/tr\/wp-json\/wp\/v2\/product\/183960","targetHints":{"allow":["GET"]}}],"collection":[{"href":"https:\/\/mod.wisdar.net\/tr\/wp-json\/wp\/v2\/product"}],"about":[{"href":"https:\/\/mod.wisdar.net\/tr\/wp-json\/wp\/v2\/types\/product"}],"replies":[{"embeddable":true,"href":"https:\/\/mod.wisdar.net\/tr\/wp-json\/wp\/v2\/comments?post=183960"}],"wp:featuredmedia":[{"embeddable":true,"href":"https:\/\/mod.wisdar.net\/tr\/wp-json\/wp\/v2\/media\/183953"}],"wp:attachment":[{"href":"https:\/\/mod.wisdar.net\/tr\/wp-json\/wp\/v2\/media?parent=183960"}],"wp:term":[{"taxonomy":"product_brand","embeddable":true,"href":"https:\/\/mod.wisdar.net\/tr\/wp-json\/wp\/v2\/product_brand?post=183960"},{"taxonomy":"product_cat","embeddable":true,"href":"https:\/\/mod.wisdar.net\/tr\/wp-json\/wp\/v2\/product_cat?post=183960"},{"taxonomy":"product_tag","embeddable":true,"href":"https:\/\/mod.wisdar.net\/tr\/wp-json\/wp\/v2\/product_tag?post=183960"}],"curies":[{"name":"wp","href":"https:\/\/api.w.org\/{rel}","templated":true}]}}