{"id":184062,"date":"2026-03-29T18:16:32","date_gmt":"2026-03-29T18:16:32","guid":{"rendered":"https:\/\/modesthanim.com\/product\/foulardi-maxi-elbise-antrasit\/"},"modified":"2026-04-12T01:42:11","modified_gmt":"2026-04-12T01:42:11","slug":"foulardi-maxi-elbise-antrasit","status":"publish","type":"product","link":"https:\/\/mod.wisdar.net\/tr\/urun\/foulardi-maxi-elbise-antrasit\/","title":{"rendered":"Foulard\u0131 Maxi Elbise Antrasit"},"content":{"rendered":"<p>Tensel dokuma kuma\u015ftan, hakim yakal\u0131, \u00f6n\u00fc d\u00fc\u011fme kapamal\u0131, \u00f6n\u00fc \u00e7\u0131kar\u0131labilir aksesuarl\u0131, uzun balon kollu, maxi boy elbise.<\/p>\n<p>1(36-38) Beden Uzunluk: 142 cm, Kol uzunlu\u011fu: 62 cm, G\u00f6\u011f\u00fcs: 49 cm, \u0130ki Omuz Aras\u0131 Mesafe:43 cm, Bel: 34cm.<\/p>\n<p>2(40-42) Beden Uzunluk: 142 cm, Kol uzunlu\u011fu: 64 cm, G\u00f6\u011f\u00fcs: 51 cm, \u0130ki Omuz Aras\u0131 Mesafe:45 cm, Bel: 36cm.<\/p>\n<p>\u00dcr\u00fcn \u0130\u00e7eri\u011fi: % 86 Tesla<br \/>\n                     % 14 Pes<\/p>\n","protected":false},"excerpt":{"rendered":"<p>Tensel dokuma kuma\u015ftan, hakim yakal\u0131, \u00f6n\u00fc d\u00fc\u011fme kapamal\u0131, \u00f6n\u00fc \u00e7\u0131kar\u0131labilir aksesuarl\u0131, uzun balon kollu, maxi boy elbise. 1(36-38) Beden Uzunluk: 142 cm, Kol uzunlu\u011fu: 62 cm, G\u00f6\u011f\u00fcs: 49 cm, \u0130ki Omuz Aras\u0131 Mesafe:43 cm, Bel: 34cm. 2(40-42) Beden Uzunluk: 142 cm, Kol uzunlu\u011fu: 64 cm, G\u00f6\u011f\u00fcs: 51 cm, \u0130ki Omuz Aras\u0131 Mesafe:45 cm, Bel: 36cm. [&hellip;]<\/p>\n","protected":false},"featured_media":184048,"comment_status":"open","ping_status":"closed","template":"","meta":[],"product_brand":[],"product_cat":[6249,1933],"product_tag":[6777,6744,7959],"class_list":{"0":"post-184062","1":"product","2":"type-product","3":"status-publish","4":"has-post-thumbnail","6":"product_cat-elbiseler","7":"product_cat-gunluk-ve-gunduz-elbiseleri","8":"product_tag-antrasit","9":"product_tag-kadin-modasi","10":"product_tag-resmi-giyim","11":"pa_brand-fahhar","12":"pa_color-antrasit","13":"pa_size-1-36-38","14":"pa_size-2-40-42","16":"first","17":"instock","18":"sale","19":"shipping-taxable","20":"purchasable","21":"product-type-variable"},"_links":{"self":[{"href":"https:\/\/mod.wisdar.net\/tr\/wp-json\/wp\/v2\/product\/184062","targetHints":{"allow":["GET"]}}],"collection":[{"href":"https:\/\/mod.wisdar.net\/tr\/wp-json\/wp\/v2\/product"}],"about":[{"href":"https:\/\/mod.wisdar.net\/tr\/wp-json\/wp\/v2\/types\/product"}],"replies":[{"embeddable":true,"href":"https:\/\/mod.wisdar.net\/tr\/wp-json\/wp\/v2\/comments?post=184062"}],"wp:featuredmedia":[{"embeddable":true,"href":"https:\/\/mod.wisdar.net\/tr\/wp-json\/wp\/v2\/media\/184048"}],"wp:attachment":[{"href":"https:\/\/mod.wisdar.net\/tr\/wp-json\/wp\/v2\/media?parent=184062"}],"wp:term":[{"taxonomy":"product_brand","embeddable":true,"href":"https:\/\/mod.wisdar.net\/tr\/wp-json\/wp\/v2\/product_brand?post=184062"},{"taxonomy":"product_cat","embeddable":true,"href":"https:\/\/mod.wisdar.net\/tr\/wp-json\/wp\/v2\/product_cat?post=184062"},{"taxonomy":"product_tag","embeddable":true,"href":"https:\/\/mod.wisdar.net\/tr\/wp-json\/wp\/v2\/product_tag?post=184062"}],"curies":[{"name":"wp","href":"https:\/\/api.w.org\/{rel}","templated":true}]}}