{"id":184099,"date":"2026-03-29T18:17:26","date_gmt":"2026-03-29T18:17:26","guid":{"rendered":"https:\/\/modesthanim.com\/product\/pileli-tensel-elbise-antrasit\/"},"modified":"2026-04-12T01:52:04","modified_gmt":"2026-04-12T01:52:04","slug":"pileli-tensel-elbise-antrasit","status":"publish","type":"product","link":"https:\/\/mod.wisdar.net\/tr\/urun\/pileli-tensel-elbise-antrasit\/","title":{"rendered":"Pileli Tensel Elbise Antrasit"},"content":{"rendered":"<p>Tensel dokuma kuma\u015ftan, bisiklet yakal\u0131, yakas\u0131 pili detayl\u0131, s\u0131rt fermuar kapamal\u0131, uzun geni\u015f kollu, maxi boy elbise.<\/p>\n<p>1(36-38) Beden Uzunluk: 139 cm, Kol uzunlu\u011fu: 64 cm, G\u00f6\u011f\u00fcs: 54 cm, \u0130ki Omuz Aras\u0131 Mesafe: 39 cm, Bel: 45 cm.<\/p>\n<p>2(40-42) Beden Uzunluk: 139 cm, Kol uzunlu\u011fu: 66 cm, G\u00f6\u011f\u00fcs: 56 cm, \u0130ki Omuz Aras\u0131 Mesafe: 41 cm, Bel: 47 cm.<\/p>\n<p>\u00dcr\u00fcn \u0130\u00e7eri\u011fi: %86 Tencel, %14 Polyester<\/p>\n","protected":false},"excerpt":{"rendered":"<p>Tensel dokuma kuma\u015ftan, bisiklet yakal\u0131, yakas\u0131 pili detayl\u0131, s\u0131rt fermuar kapamal\u0131, uzun geni\u015f kollu, maxi boy elbise. 1(36-38) Beden Uzunluk: 139 cm, Kol uzunlu\u011fu: 64 cm, G\u00f6\u011f\u00fcs: 54 cm, \u0130ki Omuz Aras\u0131 Mesafe: 39 cm, Bel: 45 cm. 2(40-42) Beden Uzunluk: 139 cm, Kol uzunlu\u011fu: 66 cm, G\u00f6\u011f\u00fcs: 56 cm, \u0130ki Omuz Aras\u0131 Mesafe: 41 [&hellip;]<\/p>\n","protected":false},"featured_media":184094,"comment_status":"open","ping_status":"closed","template":"","meta":[],"product_brand":[],"product_cat":[6249,1933],"product_tag":[],"class_list":{"0":"post-184099","1":"product","2":"type-product","3":"status-publish","4":"has-post-thumbnail","6":"product_cat-elbiseler","7":"product_cat-gunluk-ve-gunduz-elbiseleri","8":"pa_brand-fahhar","9":"pa_color-antrasit","10":"pa_size-1-36-38","11":"pa_size-2-40-42","13":"first","14":"instock","15":"sale","16":"shipping-taxable","17":"purchasable","18":"product-type-variable"},"_links":{"self":[{"href":"https:\/\/mod.wisdar.net\/tr\/wp-json\/wp\/v2\/product\/184099","targetHints":{"allow":["GET"]}}],"collection":[{"href":"https:\/\/mod.wisdar.net\/tr\/wp-json\/wp\/v2\/product"}],"about":[{"href":"https:\/\/mod.wisdar.net\/tr\/wp-json\/wp\/v2\/types\/product"}],"replies":[{"embeddable":true,"href":"https:\/\/mod.wisdar.net\/tr\/wp-json\/wp\/v2\/comments?post=184099"}],"wp:featuredmedia":[{"embeddable":true,"href":"https:\/\/mod.wisdar.net\/tr\/wp-json\/wp\/v2\/media\/184094"}],"wp:attachment":[{"href":"https:\/\/mod.wisdar.net\/tr\/wp-json\/wp\/v2\/media?parent=184099"}],"wp:term":[{"taxonomy":"product_brand","embeddable":true,"href":"https:\/\/mod.wisdar.net\/tr\/wp-json\/wp\/v2\/product_brand?post=184099"},{"taxonomy":"product_cat","embeddable":true,"href":"https:\/\/mod.wisdar.net\/tr\/wp-json\/wp\/v2\/product_cat?post=184099"},{"taxonomy":"product_tag","embeddable":true,"href":"https:\/\/mod.wisdar.net\/tr\/wp-json\/wp\/v2\/product_tag?post=184099"}],"curies":[{"name":"wp","href":"https:\/\/api.w.org\/{rel}","templated":true}]}}