{"id":184138,"date":"2026-03-29T18:18:05","date_gmt":"2026-03-29T18:18:05","guid":{"rendered":"https:\/\/modesthanim.com\/product\/pensli-kemerli-maxi-elbise-sari\/"},"modified":"2026-04-12T02:00:55","modified_gmt":"2026-04-12T02:00:55","slug":"pensli-kemerli-maxi-elbise-sari","status":"publish","type":"product","link":"https:\/\/mod.wisdar.net\/tr\/urun\/pensli-kemerli-maxi-elbise-sari\/","title":{"rendered":"Pensli Kemerli Maxi Elbise Sar\u0131"},"content":{"rendered":"<p>% 100 Pamuk dokuma kuma\u015ftan, uzun kollu, kollar\u0131 pensli pileli, g\u00f6mlek yakal\u0131, ince kemer detayl\u0131, beli pensli, maxi boy elbise.<\/p>\n<p>1(36\/38) Beden : Uzunluk:134 cm, Kol Uzunlu\u011fu: 63 cm, G\u00f6\u011f\u00fcs:52 cm, \u0130ki Omuz Aras\u0131 Mesafe:41 cm , Bel: 41 cm.<\/p>\n<p>2(40\/42) Beden : Uzunluk:134 cm, Kol Uzunlu\u011fu: 65 cm, G\u00f6\u011f\u00fcs:54 cm, \u0130ki Omuz Aras\u0131 Mesafe:43 cm , Bel: 43 cm.<\/p>\n<p>\u00dcr\u00fcn \u0130\u00e7eri\u011fi: % 100 Pamuk<\/p>\n","protected":false},"excerpt":{"rendered":"<p>% 100 Pamuk dokuma kuma\u015ftan, uzun kollu, kollar\u0131 pensli pileli, g\u00f6mlek yakal\u0131, ince kemer detayl\u0131, beli pensli, maxi boy elbise. 1(36\/38) Beden : Uzunluk:134 cm, Kol Uzunlu\u011fu: 63 cm, G\u00f6\u011f\u00fcs:52 cm, \u0130ki Omuz Aras\u0131 Mesafe:41 cm , Bel: 41 cm. 2(40\/42) Beden : Uzunluk:134 cm, Kol Uzunlu\u011fu: 65 cm, G\u00f6\u011f\u00fcs:54 cm, \u0130ki Omuz Aras\u0131 Mesafe:43 [&hellip;]<\/p>\n","protected":false},"featured_media":184128,"comment_status":"open","ping_status":"closed","template":"","meta":[],"product_brand":[],"product_cat":[6249,1933],"product_tag":[6744,7668,7488,6747,6923,6768],"class_list":{"0":"post-184138","1":"product","2":"type-product","3":"status-publish","4":"has-post-thumbnail","6":"product_cat-elbiseler","7":"product_cat-gunluk-ve-gunduz-elbiseleri","8":"product_tag-kadin-modasi","9":"product_tag-kemerli","10":"product_tag-pamuk","11":"product_tag-pile-detayli","12":"product_tag-sari-elbise","13":"product_tag-uzun-kol","14":"pa_brand-fahhar","15":"pa_color-sari","16":"pa_size-1-36-38","17":"pa_size-2-40-42","19":"first","20":"instock","21":"sale","22":"shipping-taxable","23":"purchasable","24":"product-type-variable"},"_links":{"self":[{"href":"https:\/\/mod.wisdar.net\/tr\/wp-json\/wp\/v2\/product\/184138","targetHints":{"allow":["GET"]}}],"collection":[{"href":"https:\/\/mod.wisdar.net\/tr\/wp-json\/wp\/v2\/product"}],"about":[{"href":"https:\/\/mod.wisdar.net\/tr\/wp-json\/wp\/v2\/types\/product"}],"replies":[{"embeddable":true,"href":"https:\/\/mod.wisdar.net\/tr\/wp-json\/wp\/v2\/comments?post=184138"}],"wp:featuredmedia":[{"embeddable":true,"href":"https:\/\/mod.wisdar.net\/tr\/wp-json\/wp\/v2\/media\/184128"}],"wp:attachment":[{"href":"https:\/\/mod.wisdar.net\/tr\/wp-json\/wp\/v2\/media?parent=184138"}],"wp:term":[{"taxonomy":"product_brand","embeddable":true,"href":"https:\/\/mod.wisdar.net\/tr\/wp-json\/wp\/v2\/product_brand?post=184138"},{"taxonomy":"product_cat","embeddable":true,"href":"https:\/\/mod.wisdar.net\/tr\/wp-json\/wp\/v2\/product_cat?post=184138"},{"taxonomy":"product_tag","embeddable":true,"href":"https:\/\/mod.wisdar.net\/tr\/wp-json\/wp\/v2\/product_tag?post=184138"}],"curies":[{"name":"wp","href":"https:\/\/api.w.org\/{rel}","templated":true}]}}