{"id":184157,"date":"2026-03-29T18:18:25","date_gmt":"2026-03-29T18:18:25","guid":{"rendered":"https:\/\/modesthanim.com\/product\/pileli-tensel-elbise-siyah\/"},"modified":"2026-03-29T18:18:54","modified_gmt":"2026-03-29T18:18:54","slug":"pileli-tensel-elbise-siyah","status":"publish","type":"product","link":"https:\/\/mod.wisdar.net\/tr\/urun\/pileli-tensel-elbise-siyah\/","title":{"rendered":"Pileli Tensel Elbise Siyah"},"content":{"rendered":"<p>Tensel dokuma kuma\u015ftan \u00fcretilmi\u015f, bisiklet yakal\u0131, pili detayl\u0131 yaka tasar\u0131m\u0131na sahip, s\u0131rt fermuar kapamal\u0131, uzun ve geni\u015f kollu, maxi boy elbise.<\/p>\n<p>1(36-38) Beden \u00d6l\u00e7\u00fcleri: Uzunluk: 139 cm, Kol uzunlu\u011fu: 64 cm, G\u00f6\u011f\u00fcs: 54 cm, Omuz geni\u015fli\u011fi: 39 cm, Bel: 45 cm.<\/p>\n<p>2(40-42) Beden \u00d6l\u00e7\u00fcleri: Uzunluk: 139 cm, Kol uzunlu\u011fu: 66 cm, G\u00f6\u011f\u00fcs: 56 cm, Omuz geni\u015fli\u011fi: 41 cm, Bel: 47 cm.<\/p>\n<p>Kuma\u015f \u0130\u00e7eri\u011fi: %86 Tencel, %14 Polyester<\/p>\n","protected":false},"excerpt":{"rendered":"<p>Tensel dokuma kuma\u015ftan \u00fcretilmi\u015f, bisiklet yakal\u0131, pili detayl\u0131 yaka tasar\u0131m\u0131na sahip, s\u0131rt fermuar kapamal\u0131, uzun ve geni\u015f kollu, maxi boy elbise. 1(36-38) Beden \u00d6l\u00e7\u00fcleri: Uzunluk: 139 cm, Kol uzunlu\u011fu: 64 cm, G\u00f6\u011f\u00fcs: 54 cm, Omuz geni\u015fli\u011fi: 39 cm, Bel: 45 cm. 2(40-42) Beden \u00d6l\u00e7\u00fcleri: Uzunluk: 139 cm, Kol uzunlu\u011fu: 66 cm, G\u00f6\u011f\u00fcs: 56 cm, Omuz [&hellip;]<\/p>\n","protected":false},"featured_media":184147,"comment_status":"open","ping_status":"closed","template":"","meta":[],"product_brand":[],"product_cat":[6249,1933],"product_tag":[],"class_list":{"0":"post-184157","1":"product","2":"type-product","3":"status-publish","4":"has-post-thumbnail","6":"product_cat-elbiseler","7":"product_cat-gunluk-ve-gunduz-elbiseleri","8":"pa_brand-fahhar","9":"pa_color-siyah","10":"pa_size-1-36-38","11":"pa_size-2-40-42","13":"first","14":"instock","15":"sale","16":"shipping-taxable","17":"purchasable","18":"product-type-variable"},"_links":{"self":[{"href":"https:\/\/mod.wisdar.net\/tr\/wp-json\/wp\/v2\/product\/184157","targetHints":{"allow":["GET"]}}],"collection":[{"href":"https:\/\/mod.wisdar.net\/tr\/wp-json\/wp\/v2\/product"}],"about":[{"href":"https:\/\/mod.wisdar.net\/tr\/wp-json\/wp\/v2\/types\/product"}],"replies":[{"embeddable":true,"href":"https:\/\/mod.wisdar.net\/tr\/wp-json\/wp\/v2\/comments?post=184157"}],"wp:featuredmedia":[{"embeddable":true,"href":"https:\/\/mod.wisdar.net\/tr\/wp-json\/wp\/v2\/media\/184147"}],"wp:attachment":[{"href":"https:\/\/mod.wisdar.net\/tr\/wp-json\/wp\/v2\/media?parent=184157"}],"wp:term":[{"taxonomy":"product_brand","embeddable":true,"href":"https:\/\/mod.wisdar.net\/tr\/wp-json\/wp\/v2\/product_brand?post=184157"},{"taxonomy":"product_cat","embeddable":true,"href":"https:\/\/mod.wisdar.net\/tr\/wp-json\/wp\/v2\/product_cat?post=184157"},{"taxonomy":"product_tag","embeddable":true,"href":"https:\/\/mod.wisdar.net\/tr\/wp-json\/wp\/v2\/product_tag?post=184157"}],"curies":[{"name":"wp","href":"https:\/\/api.w.org\/{rel}","templated":true}]}}