{"id":184204,"date":"2026-03-29T18:19:51","date_gmt":"2026-03-29T18:19:51","guid":{"rendered":"https:\/\/modesthanim.com\/product\/pelerin-detayli-elbise-tas\/"},"modified":"2026-04-12T02:01:43","modified_gmt":"2026-04-12T02:01:43","slug":"pelerin-detayli-elbise-tas","status":"publish","type":"product","link":"https:\/\/mod.wisdar.net\/tr\/urun\/pelerin-detayli-elbise-tas\/","title":{"rendered":"Pelerin Detayl\u0131 Elbise Ta\u015f"},"content":{"rendered":"<p>Dokuma kuma\u015ftan, g\u00f6mlek yakal\u0131, \u00f6n\u00fc yar\u0131m patl\u0131, d\u00fc\u011fme kapamal\u0131, uzun kollu, man\u015fetli, seyyar kemerli, kollar\u0131 ve omzu pelerin detayl\u0131, maxi boy elbise.<\/p>\n","protected":false},"excerpt":{"rendered":"<p>Dokuma kuma\u015ftan, g\u00f6mlek yakal\u0131, \u00f6n\u00fc yar\u0131m patl\u0131, d\u00fc\u011fme kapamal\u0131, uzun kollu, man\u015fetli, seyyar kemerli, kollar\u0131 ve omzu pelerin detayl\u0131, maxi boy elbise.<\/p>\n","protected":false},"featured_media":184195,"comment_status":"open","ping_status":"closed","template":"","meta":[],"product_brand":[],"product_cat":[6249,1933],"product_tag":[8418,6744,6748],"class_list":{"0":"post-184204","1":"product","2":"type-product","3":"status-publish","4":"has-post-thumbnail","6":"product_cat-elbiseler","7":"product_cat-gunluk-ve-gunduz-elbiseleri","8":"product_tag-abiye-elbise","9":"product_tag-kadin-modasi","10":"product_tag-uzun-kollu-elbise","11":"pa_brand-fahhar","12":"pa_color-tas","13":"pa_size-4701","14":"pa_size-4706","15":"pa_size-4711","17":"first","18":"instock","19":"sale","20":"shipping-taxable","21":"purchasable","22":"product-type-variable"},"_links":{"self":[{"href":"https:\/\/mod.wisdar.net\/tr\/wp-json\/wp\/v2\/product\/184204","targetHints":{"allow":["GET"]}}],"collection":[{"href":"https:\/\/mod.wisdar.net\/tr\/wp-json\/wp\/v2\/product"}],"about":[{"href":"https:\/\/mod.wisdar.net\/tr\/wp-json\/wp\/v2\/types\/product"}],"replies":[{"embeddable":true,"href":"https:\/\/mod.wisdar.net\/tr\/wp-json\/wp\/v2\/comments?post=184204"}],"wp:featuredmedia":[{"embeddable":true,"href":"https:\/\/mod.wisdar.net\/tr\/wp-json\/wp\/v2\/media\/184195"}],"wp:attachment":[{"href":"https:\/\/mod.wisdar.net\/tr\/wp-json\/wp\/v2\/media?parent=184204"}],"wp:term":[{"taxonomy":"product_brand","embeddable":true,"href":"https:\/\/mod.wisdar.net\/tr\/wp-json\/wp\/v2\/product_brand?post=184204"},{"taxonomy":"product_cat","embeddable":true,"href":"https:\/\/mod.wisdar.net\/tr\/wp-json\/wp\/v2\/product_cat?post=184204"},{"taxonomy":"product_tag","embeddable":true,"href":"https:\/\/mod.wisdar.net\/tr\/wp-json\/wp\/v2\/product_tag?post=184204"}],"curies":[{"name":"wp","href":"https:\/\/api.w.org\/{rel}","templated":true}]}}