{"id":184212,"date":"2026-03-29T18:19:55","date_gmt":"2026-03-29T18:19:55","guid":{"rendered":"https:\/\/modesthanim.com\/product\/pelerin-detayli-elbise-murdum\/"},"modified":"2026-03-29T18:20:25","modified_gmt":"2026-03-29T18:20:25","slug":"pelerin-detayli-elbise-murdum","status":"publish","type":"product","link":"https:\/\/mod.wisdar.net\/tr\/urun\/pelerin-detayli-elbise-murdum\/","title":{"rendered":"Pelerin Detayl\u0131 Elbise M\u00fcrd\u00fcm"},"content":{"rendered":"<p>Dokuma kuma\u015ftan, g\u00f6mlek yakal\u0131, \u00f6n\u00fc yar\u0131m patl\u0131, d\u00fc\u011fme kapamal\u0131, uzun kollu, man\u015fetli, seyyar kemerli, kollar\u0131 ve omzu pelerin detayl\u0131, maxi boy elbise.<\/p>\n","protected":false},"excerpt":{"rendered":"<p>Dokuma kuma\u015ftan, g\u00f6mlek yakal\u0131, \u00f6n\u00fc yar\u0131m patl\u0131, d\u00fc\u011fme kapamal\u0131, uzun kollu, man\u015fetli, seyyar kemerli, kollar\u0131 ve omzu pelerin detayl\u0131, maxi boy elbise.<\/p>\n","protected":false},"featured_media":184199,"comment_status":"open","ping_status":"closed","template":"","meta":[],"product_brand":[],"product_cat":[6249,1933],"product_tag":[8299,6748],"class_list":{"0":"post-184212","1":"product","2":"type-product","3":"status-publish","4":"has-post-thumbnail","6":"product_cat-elbiseler","7":"product_cat-gunluk-ve-gunduz-elbiseleri","8":"product_tag-kemerli-elbise","9":"product_tag-uzun-kollu-elbise","10":"pa_brand-fahhar","11":"pa_color-murdum","12":"pa_size-4701","13":"pa_size-4706","14":"pa_size-4711","16":"first","17":"instock","18":"sale","19":"shipping-taxable","20":"purchasable","21":"product-type-variable"},"_links":{"self":[{"href":"https:\/\/mod.wisdar.net\/tr\/wp-json\/wp\/v2\/product\/184212","targetHints":{"allow":["GET"]}}],"collection":[{"href":"https:\/\/mod.wisdar.net\/tr\/wp-json\/wp\/v2\/product"}],"about":[{"href":"https:\/\/mod.wisdar.net\/tr\/wp-json\/wp\/v2\/types\/product"}],"replies":[{"embeddable":true,"href":"https:\/\/mod.wisdar.net\/tr\/wp-json\/wp\/v2\/comments?post=184212"}],"wp:featuredmedia":[{"embeddable":true,"href":"https:\/\/mod.wisdar.net\/tr\/wp-json\/wp\/v2\/media\/184199"}],"wp:attachment":[{"href":"https:\/\/mod.wisdar.net\/tr\/wp-json\/wp\/v2\/media?parent=184212"}],"wp:term":[{"taxonomy":"product_brand","embeddable":true,"href":"https:\/\/mod.wisdar.net\/tr\/wp-json\/wp\/v2\/product_brand?post=184212"},{"taxonomy":"product_cat","embeddable":true,"href":"https:\/\/mod.wisdar.net\/tr\/wp-json\/wp\/v2\/product_cat?post=184212"},{"taxonomy":"product_tag","embeddable":true,"href":"https:\/\/mod.wisdar.net\/tr\/wp-json\/wp\/v2\/product_tag?post=184212"}],"curies":[{"name":"wp","href":"https:\/\/api.w.org\/{rel}","templated":true}]}}