{"id":184270,"date":"2026-03-29T18:21:27","date_gmt":"2026-03-29T18:21:27","guid":{"rendered":"https:\/\/modesthanim.com\/product\/pelerin-detayli-elbise-lacivert\/"},"modified":"2026-03-29T18:21:55","modified_gmt":"2026-03-29T18:21:55","slug":"pelerin-detayli-elbise-lacivert","status":"publish","type":"product","link":"https:\/\/mod.wisdar.net\/tr\/urun\/pelerin-detayli-elbise-lacivert\/","title":{"rendered":"Pelerin Detayl\u0131 Elbise Lacivert"},"content":{"rendered":"<p>Dokuma kuma\u015ftan, g\u00f6mlek yakal\u0131, \u00f6n\u00fc yar\u0131m patl\u0131, d\u00fc\u011fme kapamal\u0131, uzun kollu, man\u015fetli, seyyar kemerli, kollar\u0131 ve omzu pelerin detayl\u0131, maxi boy elbise.<\/p>\n","protected":false},"excerpt":{"rendered":"<p>Dokuma kuma\u015ftan, g\u00f6mlek yakal\u0131, \u00f6n\u00fc yar\u0131m patl\u0131, d\u00fc\u011fme kapamal\u0131, uzun kollu, man\u015fetli, seyyar kemerli, kollar\u0131 ve omzu pelerin detayl\u0131, maxi boy elbise.<\/p>\n","protected":false},"featured_media":184264,"comment_status":"open","ping_status":"closed","template":"","meta":[],"product_brand":[],"product_cat":[6249,1933],"product_tag":[6771,7238,6768],"class_list":{"0":"post-184270","1":"product","2":"type-product","3":"status-publish","4":"has-post-thumbnail","6":"product_cat-elbiseler","7":"product_cat-gunluk-ve-gunduz-elbiseleri","8":"product_tag-gomlek-yaka","9":"product_tag-lacivert","10":"product_tag-uzun-kol","11":"pa_brand-fahhar","12":"pa_color-lacivert","13":"pa_size-4701","14":"pa_size-4706","15":"pa_size-4711","17":"first","18":"instock","19":"sale","20":"shipping-taxable","21":"purchasable","22":"product-type-variable"},"_links":{"self":[{"href":"https:\/\/mod.wisdar.net\/tr\/wp-json\/wp\/v2\/product\/184270","targetHints":{"allow":["GET"]}}],"collection":[{"href":"https:\/\/mod.wisdar.net\/tr\/wp-json\/wp\/v2\/product"}],"about":[{"href":"https:\/\/mod.wisdar.net\/tr\/wp-json\/wp\/v2\/types\/product"}],"replies":[{"embeddable":true,"href":"https:\/\/mod.wisdar.net\/tr\/wp-json\/wp\/v2\/comments?post=184270"}],"wp:featuredmedia":[{"embeddable":true,"href":"https:\/\/mod.wisdar.net\/tr\/wp-json\/wp\/v2\/media\/184264"}],"wp:attachment":[{"href":"https:\/\/mod.wisdar.net\/tr\/wp-json\/wp\/v2\/media?parent=184270"}],"wp:term":[{"taxonomy":"product_brand","embeddable":true,"href":"https:\/\/mod.wisdar.net\/tr\/wp-json\/wp\/v2\/product_brand?post=184270"},{"taxonomy":"product_cat","embeddable":true,"href":"https:\/\/mod.wisdar.net\/tr\/wp-json\/wp\/v2\/product_cat?post=184270"},{"taxonomy":"product_tag","embeddable":true,"href":"https:\/\/mod.wisdar.net\/tr\/wp-json\/wp\/v2\/product_tag?post=184270"}],"curies":[{"name":"wp","href":"https:\/\/api.w.org\/{rel}","templated":true}]}}