{"id":184305,"date":"2026-03-29T18:21:37","date_gmt":"2026-03-29T18:21:37","guid":{"rendered":"https:\/\/modesthanim.com\/product\/kirasli-kaplama-kemerli-elbise-kahverengi\/"},"modified":"2026-04-12T02:11:29","modified_gmt":"2026-04-12T02:11:29","slug":"kirasli-kaplama-kemerli-elbise-kahverengi","status":"publish","type":"product","link":"https:\/\/mod.wisdar.net\/tr\/urun\/kirasli-kaplama-kemerli-elbise-kahverengi\/","title":{"rendered":"K\u0131ra\u015fl\u0131 Kaplama Kemerli Elbise Kahverengi"},"content":{"rendered":"<p>Hafif parlak k\u0131ra\u015fl\u0131 dokuma kuma\u015ftan, bisiklet yakal\u0131, s\u0131rt\u0131 fermuar kapamal\u0131, uzun bomb kollu, beli ince lastikli, kendi kuma\u015f\u0131ndan kaplama kemerli, maxi boy elbise.<\/p>\n","protected":false},"excerpt":{"rendered":"<p>Hafif parlak k\u0131ra\u015fl\u0131 dokuma kuma\u015ftan, bisiklet yakal\u0131, s\u0131rt\u0131 fermuar kapamal\u0131, uzun bomb kollu, beli ince lastikli, kendi kuma\u015f\u0131ndan kaplama kemerli, maxi boy elbise.<\/p>\n","protected":false},"featured_media":184296,"comment_status":"open","ping_status":"closed","template":"","meta":[],"product_brand":[],"product_cat":[6249,1933],"product_tag":[4908,5012,7643],"class_list":{"0":"post-184305","1":"product","2":"type-product","3":"status-publish","4":"has-post-thumbnail","6":"product_cat-elbiseler","7":"product_cat-gunluk-ve-gunduz-elbiseleri","8":"product_tag-brown","9":"product_tag-elegant","10":"product_tag-fitilli","11":"pa_brand-fahhar","12":"pa_color-kahverengi","13":"pa_size-1-36-38","14":"pa_size-2-40-42","16":"first","17":"instock","18":"sale","19":"shipping-taxable","20":"purchasable","21":"product-type-variable"},"_links":{"self":[{"href":"https:\/\/mod.wisdar.net\/tr\/wp-json\/wp\/v2\/product\/184305","targetHints":{"allow":["GET"]}}],"collection":[{"href":"https:\/\/mod.wisdar.net\/tr\/wp-json\/wp\/v2\/product"}],"about":[{"href":"https:\/\/mod.wisdar.net\/tr\/wp-json\/wp\/v2\/types\/product"}],"replies":[{"embeddable":true,"href":"https:\/\/mod.wisdar.net\/tr\/wp-json\/wp\/v2\/comments?post=184305"}],"wp:featuredmedia":[{"embeddable":true,"href":"https:\/\/mod.wisdar.net\/tr\/wp-json\/wp\/v2\/media\/184296"}],"wp:attachment":[{"href":"https:\/\/mod.wisdar.net\/tr\/wp-json\/wp\/v2\/media?parent=184305"}],"wp:term":[{"taxonomy":"product_brand","embeddable":true,"href":"https:\/\/mod.wisdar.net\/tr\/wp-json\/wp\/v2\/product_brand?post=184305"},{"taxonomy":"product_cat","embeddable":true,"href":"https:\/\/mod.wisdar.net\/tr\/wp-json\/wp\/v2\/product_cat?post=184305"},{"taxonomy":"product_tag","embeddable":true,"href":"https:\/\/mod.wisdar.net\/tr\/wp-json\/wp\/v2\/product_tag?post=184305"}],"curies":[{"name":"wp","href":"https:\/\/api.w.org\/{rel}","templated":true}]}}