{"id":184344,"date":"2026-03-29T18:23:05","date_gmt":"2026-03-29T18:23:05","guid":{"rendered":"https:\/\/modesthanim.com\/product\/kirasli-kaplama-kemerli-elbise-siyah\/"},"modified":"2026-04-12T02:11:31","modified_gmt":"2026-04-12T02:11:31","slug":"kirasli-kaplama-kemerli-elbise-siyah","status":"publish","type":"product","link":"https:\/\/mod.wisdar.net\/tr\/urun\/kirasli-kaplama-kemerli-elbise-siyah\/","title":{"rendered":"K\u0131ra\u015fl\u0131 Kaplama Kemerli Elbise Siyah"},"content":{"rendered":"<p>Hafif parlak k\u0131ra\u015fl\u0131 dokuma kuma\u015ftan, bisiklet yakal\u0131, s\u0131rt\u0131 fermuar kapamal\u0131, uzun bomb kollu, beli ince lastikli, kendi kuma\u015f\u0131ndan kaplama kemerli, maxi boy elbise.<\/p>\n","protected":false},"excerpt":{"rendered":"<p>Hafif parlak k\u0131ra\u015fl\u0131 dokuma kuma\u015ftan, bisiklet yakal\u0131, s\u0131rt\u0131 fermuar kapamal\u0131, uzun bomb kollu, beli ince lastikli, kendi kuma\u015f\u0131ndan kaplama kemerli, maxi boy elbise.<\/p>\n","protected":false},"featured_media":184330,"comment_status":"open","ping_status":"closed","template":"","meta":[],"product_brand":[],"product_cat":[6249,1933],"product_tag":[8418,8420,8299,6937],"class_list":{"0":"post-184344","1":"product","2":"type-product","3":"status-publish","4":"has-post-thumbnail","6":"product_cat-elbiseler","7":"product_cat-gunluk-ve-gunduz-elbiseleri","8":"product_tag-abiye-elbise","9":"product_tag-gece-kiyafeti","10":"product_tag-kemerli-elbise","11":"product_tag-siyah-elbise","12":"pa_brand-fahhar","13":"pa_color-siyah","14":"pa_size-1-36-38","15":"pa_size-2-40-42","17":"first","18":"instock","19":"sale","20":"shipping-taxable","21":"purchasable","22":"product-type-variable"},"_links":{"self":[{"href":"https:\/\/mod.wisdar.net\/tr\/wp-json\/wp\/v2\/product\/184344","targetHints":{"allow":["GET"]}}],"collection":[{"href":"https:\/\/mod.wisdar.net\/tr\/wp-json\/wp\/v2\/product"}],"about":[{"href":"https:\/\/mod.wisdar.net\/tr\/wp-json\/wp\/v2\/types\/product"}],"replies":[{"embeddable":true,"href":"https:\/\/mod.wisdar.net\/tr\/wp-json\/wp\/v2\/comments?post=184344"}],"wp:featuredmedia":[{"embeddable":true,"href":"https:\/\/mod.wisdar.net\/tr\/wp-json\/wp\/v2\/media\/184330"}],"wp:attachment":[{"href":"https:\/\/mod.wisdar.net\/tr\/wp-json\/wp\/v2\/media?parent=184344"}],"wp:term":[{"taxonomy":"product_brand","embeddable":true,"href":"https:\/\/mod.wisdar.net\/tr\/wp-json\/wp\/v2\/product_brand?post=184344"},{"taxonomy":"product_cat","embeddable":true,"href":"https:\/\/mod.wisdar.net\/tr\/wp-json\/wp\/v2\/product_cat?post=184344"},{"taxonomy":"product_tag","embeddable":true,"href":"https:\/\/mod.wisdar.net\/tr\/wp-json\/wp\/v2\/product_tag?post=184344"}],"curies":[{"name":"wp","href":"https:\/\/api.w.org\/{rel}","templated":true}]}}