{"id":184366,"date":"2026-03-29T18:23:21","date_gmt":"2026-03-29T18:23:21","guid":{"rendered":"https:\/\/modesthanim.com\/product\/beli-kusgozlu-baglamali-elbise-lacivert\/"},"modified":"2026-04-12T02:12:44","modified_gmt":"2026-04-12T02:12:44","slug":"beli-kusgozlu-baglamali-elbise-lacivert","status":"publish","type":"product","link":"https:\/\/mod.wisdar.net\/tr\/urun\/beli-kusgozlu-baglamali-elbise-lacivert\/","title":{"rendered":"Beli Ku\u015fg\u00f6zl\u00fc Ba\u011flamal\u0131 Elbise Lacivert"},"content":{"rendered":"<p>Dokulu dokuma kuma\u015ftan, bisiklet yakal\u0131, s\u0131rt\u0131 fermuar kapamal\u0131, beli ku\u015fg\u00f6z\u00fc detayl\u0131, uzun kollu, man\u015fetli, maxi boy elbise.<\/p>\n","protected":false},"excerpt":{"rendered":"<p>Dokulu dokuma kuma\u015ftan, bisiklet yakal\u0131, s\u0131rt\u0131 fermuar kapamal\u0131, beli ku\u015fg\u00f6z\u00fc detayl\u0131, uzun kollu, man\u015fetli, maxi boy elbise.<\/p>\n","protected":false},"featured_media":184354,"comment_status":"open","ping_status":"closed","template":"","meta":[],"product_brand":[],"product_cat":[6249,1933],"product_tag":[7590,7238,6768],"class_list":{"0":"post-184366","1":"product","2":"type-product","3":"status-publish","4":"has-post-thumbnail","6":"product_cat-elbiseler","7":"product_cat-gunluk-ve-gunduz-elbiseleri","8":"product_tag-dokulu-kumas","9":"product_tag-lacivert","10":"product_tag-uzun-kol","11":"pa_brand-fahhar","12":"pa_color-lacivert","13":"pa_size-4701","14":"pa_size-4706","15":"pa_size-4711","17":"first","18":"instock","19":"sale","20":"shipping-taxable","21":"purchasable","22":"product-type-variable"},"_links":{"self":[{"href":"https:\/\/mod.wisdar.net\/tr\/wp-json\/wp\/v2\/product\/184366","targetHints":{"allow":["GET"]}}],"collection":[{"href":"https:\/\/mod.wisdar.net\/tr\/wp-json\/wp\/v2\/product"}],"about":[{"href":"https:\/\/mod.wisdar.net\/tr\/wp-json\/wp\/v2\/types\/product"}],"replies":[{"embeddable":true,"href":"https:\/\/mod.wisdar.net\/tr\/wp-json\/wp\/v2\/comments?post=184366"}],"wp:featuredmedia":[{"embeddable":true,"href":"https:\/\/mod.wisdar.net\/tr\/wp-json\/wp\/v2\/media\/184354"}],"wp:attachment":[{"href":"https:\/\/mod.wisdar.net\/tr\/wp-json\/wp\/v2\/media?parent=184366"}],"wp:term":[{"taxonomy":"product_brand","embeddable":true,"href":"https:\/\/mod.wisdar.net\/tr\/wp-json\/wp\/v2\/product_brand?post=184366"},{"taxonomy":"product_cat","embeddable":true,"href":"https:\/\/mod.wisdar.net\/tr\/wp-json\/wp\/v2\/product_cat?post=184366"},{"taxonomy":"product_tag","embeddable":true,"href":"https:\/\/mod.wisdar.net\/tr\/wp-json\/wp\/v2\/product_tag?post=184366"}],"curies":[{"name":"wp","href":"https:\/\/api.w.org\/{rel}","templated":true}]}}