{"id":184417,"date":"2026-03-29T18:24:52","date_gmt":"2026-03-29T18:24:52","guid":{"rendered":"https:\/\/modesthanim.com\/product\/maxi-trenc-elbise-murdum\/"},"modified":"2026-03-29T18:25:18","modified_gmt":"2026-03-29T18:25:18","slug":"maxi-trenc-elbise-murdum","status":"publish","type":"product","link":"https:\/\/mod.wisdar.net\/tr\/urun\/maxi-trenc-elbise-murdum\/","title":{"rendered":"Maxi Tren\u00e7 Elbise M\u00fcrd\u00fcm"},"content":{"rendered":"<p>% 100 pamuk dokuma kuma\u015ftan, g\u00f6mlek yakal\u0131, \u00f6n\u00fc patl\u0131, d\u00fc\u011fme kapamal\u0131, uzun kollu, man\u015fetli, \u00f6n\u00fc r\u00fczgarl\u0131k detayl\u0131, k\u00f6pr\u00fcl\u00fc, kemerli, maxi boy elbise.<\/p>\n<p> 1(36-38) Beden Uzunluk: 132 cm, Kol uzunlu\u011fu:62 cm, G\u00f6\u011f\u00fcs:51 cm , Bel: 46 cm, \u0130ki Omuz Aras\u0131 Mesafe: 38 cm.<\/p>\n<p> 2(40-42) Beden Uzunluk: 133 cm, Kol uzunlu\u011fu 63 cm, G\u00f6\u011f\u00fcs:54 cm,  Bel : 49 cm, \u0130ki Omuz Aras\u0131 Mesafe: 42 cm.<\/p>\n<p>\u00dcr\u00fcn \u0130\u00e7eri\u011fi: % 100 Pamuk<\/p>\n","protected":false},"excerpt":{"rendered":"<p>% 100 pamuk dokuma kuma\u015ftan, g\u00f6mlek yakal\u0131, \u00f6n\u00fc patl\u0131, d\u00fc\u011fme kapamal\u0131, uzun kollu, man\u015fetli, \u00f6n\u00fc r\u00fczgarl\u0131k detayl\u0131, k\u00f6pr\u00fcl\u00fc, kemerli, maxi boy elbise. 1(36-38) Beden Uzunluk: 132 cm, Kol uzunlu\u011fu:62 cm, G\u00f6\u011f\u00fcs:51 cm , Bel: 46 cm, \u0130ki Omuz Aras\u0131 Mesafe: 38 cm. 2(40-42) Beden Uzunluk: 133 cm, Kol uzunlu\u011fu 63 cm, G\u00f6\u011f\u00fcs:54 cm, Bel : [&hellip;]<\/p>\n","protected":false},"featured_media":184406,"comment_status":"open","ping_status":"closed","template":"","meta":[],"product_brand":[],"product_cat":[6249,1933],"product_tag":[7668,7488,7959,6768],"class_list":{"0":"post-184417","1":"product","2":"type-product","3":"status-publish","4":"has-post-thumbnail","6":"product_cat-elbiseler","7":"product_cat-gunluk-ve-gunduz-elbiseleri","8":"product_tag-kemerli","9":"product_tag-pamuk","10":"product_tag-resmi-giyim","11":"product_tag-uzun-kol","12":"pa_brand-fahhar","13":"pa_color-murdum","14":"pa_size-1-36-38","15":"pa_size-2-40-42","17":"first","18":"instock","19":"sale","20":"shipping-taxable","21":"purchasable","22":"product-type-variable"},"_links":{"self":[{"href":"https:\/\/mod.wisdar.net\/tr\/wp-json\/wp\/v2\/product\/184417","targetHints":{"allow":["GET"]}}],"collection":[{"href":"https:\/\/mod.wisdar.net\/tr\/wp-json\/wp\/v2\/product"}],"about":[{"href":"https:\/\/mod.wisdar.net\/tr\/wp-json\/wp\/v2\/types\/product"}],"replies":[{"embeddable":true,"href":"https:\/\/mod.wisdar.net\/tr\/wp-json\/wp\/v2\/comments?post=184417"}],"wp:featuredmedia":[{"embeddable":true,"href":"https:\/\/mod.wisdar.net\/tr\/wp-json\/wp\/v2\/media\/184406"}],"wp:attachment":[{"href":"https:\/\/mod.wisdar.net\/tr\/wp-json\/wp\/v2\/media?parent=184417"}],"wp:term":[{"taxonomy":"product_brand","embeddable":true,"href":"https:\/\/mod.wisdar.net\/tr\/wp-json\/wp\/v2\/product_brand?post=184417"},{"taxonomy":"product_cat","embeddable":true,"href":"https:\/\/mod.wisdar.net\/tr\/wp-json\/wp\/v2\/product_cat?post=184417"},{"taxonomy":"product_tag","embeddable":true,"href":"https:\/\/mod.wisdar.net\/tr\/wp-json\/wp\/v2\/product_tag?post=184417"}],"curies":[{"name":"wp","href":"https:\/\/api.w.org\/{rel}","templated":true}]}}