{"id":184495,"date":"2026-03-29T18:26:23","date_gmt":"2026-03-29T18:26:23","guid":{"rendered":"https:\/\/modesthanim.com\/product\/volanli-liyosel-bluz-bordo\/"},"modified":"2026-04-12T02:20:49","modified_gmt":"2026-04-12T02:20:49","slug":"volanli-liyosel-bluz-bordo","status":"publish","type":"product","link":"https:\/\/mod.wisdar.net\/tr\/urun\/volanli-liyosel-bluz-bordo\/","title":{"rendered":"Volanl\u0131 Liyosel Bluz Bordo"},"content":{"rendered":"<p>Liyosel kar\u0131\u015f\u0131ml\u0131 dokuma kuma\u015ftan, \u00f6n\u00fc britli k\u00f6pr\u00fcl\u00fc, % 100 pamuk astarl\u0131, \u00f6n\u00fc volanl\u0131, uzun kollu g\u00f6mlek.<\/p>\n","protected":false},"excerpt":{"rendered":"<p>Liyosel kar\u0131\u015f\u0131ml\u0131 dokuma kuma\u015ftan, \u00f6n\u00fc britli k\u00f6pr\u00fcl\u00fc, % 100 pamuk astarl\u0131, \u00f6n\u00fc volanl\u0131, uzun kollu g\u00f6mlek.<\/p>\n","protected":false},"featured_media":184475,"comment_status":"open","ping_status":"closed","template":"","meta":[],"product_brand":[],"product_cat":[1909],"product_tag":[6906],"class_list":{"0":"post-184495","1":"product","2":"type-product","3":"status-publish","4":"has-post-thumbnail","6":"product_cat-bluzlar-ve-gomlekler","7":"product_tag-zarif-moda","8":"pa_brand-fahhar","9":"pa_color-bordo","10":"pa_size-1-36-38","11":"pa_size-2-40-42","13":"first","14":"instock","15":"sale","16":"shipping-taxable","17":"purchasable","18":"product-type-variable"},"_links":{"self":[{"href":"https:\/\/mod.wisdar.net\/tr\/wp-json\/wp\/v2\/product\/184495","targetHints":{"allow":["GET"]}}],"collection":[{"href":"https:\/\/mod.wisdar.net\/tr\/wp-json\/wp\/v2\/product"}],"about":[{"href":"https:\/\/mod.wisdar.net\/tr\/wp-json\/wp\/v2\/types\/product"}],"replies":[{"embeddable":true,"href":"https:\/\/mod.wisdar.net\/tr\/wp-json\/wp\/v2\/comments?post=184495"}],"wp:featuredmedia":[{"embeddable":true,"href":"https:\/\/mod.wisdar.net\/tr\/wp-json\/wp\/v2\/media\/184475"}],"wp:attachment":[{"href":"https:\/\/mod.wisdar.net\/tr\/wp-json\/wp\/v2\/media?parent=184495"}],"wp:term":[{"taxonomy":"product_brand","embeddable":true,"href":"https:\/\/mod.wisdar.net\/tr\/wp-json\/wp\/v2\/product_brand?post=184495"},{"taxonomy":"product_cat","embeddable":true,"href":"https:\/\/mod.wisdar.net\/tr\/wp-json\/wp\/v2\/product_cat?post=184495"},{"taxonomy":"product_tag","embeddable":true,"href":"https:\/\/mod.wisdar.net\/tr\/wp-json\/wp\/v2\/product_tag?post=184495"}],"curies":[{"name":"wp","href":"https:\/\/api.w.org\/{rel}","templated":true}]}}