{"id":184564,"date":"2026-03-29T18:28:04","date_gmt":"2026-03-29T18:28:04","guid":{"rendered":"https:\/\/modesthanim.com\/product\/volanli-liyosel-bluz-ekru\/"},"modified":"2026-04-12T02:21:34","modified_gmt":"2026-04-12T02:21:34","slug":"volanli-liyosel-bluz-ekru","status":"publish","type":"product","link":"https:\/\/mod.wisdar.net\/tr\/urun\/volanli-liyosel-bluz-ekru\/","title":{"rendered":"Volanl\u0131 Liyosel Bluz Ekru"},"content":{"rendered":"<p>Liyosel kar\u0131\u015f\u0131ml\u0131 dokuma kuma\u015ftan, \u00f6n\u00fc britli k\u00f6pr\u00fcl\u00fc, % 100 pamuk astarl\u0131, \u00f6n\u00fc volanl\u0131, uzun kollu g\u00f6mlek.<\/p>\n","protected":false},"excerpt":{"rendered":"<p>Liyosel kar\u0131\u015f\u0131ml\u0131 dokuma kuma\u015ftan, \u00f6n\u00fc britli k\u00f6pr\u00fcl\u00fc, % 100 pamuk astarl\u0131, \u00f6n\u00fc volanl\u0131, uzun kollu g\u00f6mlek.<\/p>\n","protected":false},"featured_media":184552,"comment_status":"open","ping_status":"closed","template":"","meta":[],"product_brand":[],"product_cat":[1909],"product_tag":[6757,6768],"class_list":{"0":"post-184564","1":"product","2":"type-product","3":"status-publish","4":"has-post-thumbnail","6":"product_cat-bluzlar-ve-gomlekler","7":"product_tag-ekru","8":"product_tag-uzun-kol","9":"pa_brand-fahhar","10":"pa_color-ekru","11":"pa_size-1-36-38","12":"pa_size-2-40-42","14":"first","15":"instock","16":"sale","17":"shipping-taxable","18":"purchasable","19":"product-type-variable"},"_links":{"self":[{"href":"https:\/\/mod.wisdar.net\/tr\/wp-json\/wp\/v2\/product\/184564","targetHints":{"allow":["GET"]}}],"collection":[{"href":"https:\/\/mod.wisdar.net\/tr\/wp-json\/wp\/v2\/product"}],"about":[{"href":"https:\/\/mod.wisdar.net\/tr\/wp-json\/wp\/v2\/types\/product"}],"replies":[{"embeddable":true,"href":"https:\/\/mod.wisdar.net\/tr\/wp-json\/wp\/v2\/comments?post=184564"}],"wp:featuredmedia":[{"embeddable":true,"href":"https:\/\/mod.wisdar.net\/tr\/wp-json\/wp\/v2\/media\/184552"}],"wp:attachment":[{"href":"https:\/\/mod.wisdar.net\/tr\/wp-json\/wp\/v2\/media?parent=184564"}],"wp:term":[{"taxonomy":"product_brand","embeddable":true,"href":"https:\/\/mod.wisdar.net\/tr\/wp-json\/wp\/v2\/product_brand?post=184564"},{"taxonomy":"product_cat","embeddable":true,"href":"https:\/\/mod.wisdar.net\/tr\/wp-json\/wp\/v2\/product_cat?post=184564"},{"taxonomy":"product_tag","embeddable":true,"href":"https:\/\/mod.wisdar.net\/tr\/wp-json\/wp\/v2\/product_tag?post=184564"}],"curies":[{"name":"wp","href":"https:\/\/api.w.org\/{rel}","templated":true}]}}