{"id":184716,"date":"2026-03-29T18:31:36","date_gmt":"2026-03-29T18:31:36","guid":{"rendered":"https:\/\/modesthanim.com\/product\/kapakli-pilise-etek-haki\/"},"modified":"2026-04-12T02:30:43","modified_gmt":"2026-04-12T02:30:43","slug":"kapakli-pilise-etek-haki","status":"publish","type":"product","link":"https:\/\/mod.wisdar.net\/tr\/urun\/kapakli-pilise-etek-haki\/","title":{"rendered":"Kapakl\u0131 Pilise Etek Haki"},"content":{"rendered":"<p>Dokuma kuma\u015ftan, piliseli, bel arkas\u0131 lastikli, kapakl\u0131, yandan toka ve kemer detayl\u0131 etek.<\/p>\n<p>1(36-38) Beden Uzunluk: 96 cm, Bel: 39 cm, Basen: 49 cm.<\/p>\n<p>2(40-42) Beden Uzunluk: 98 cm, Bel: 37 cm, Basen: 53 cm.<\/p>\n<p>\u00dcr\u00fcn \u0130\u00e7eri\u011fi: % 100 Polyester<\/p>\n","protected":false},"excerpt":{"rendered":"<p>Dokuma kuma\u015ftan, piliseli, bel arkas\u0131 lastikli, kapakl\u0131, yandan toka ve kemer detayl\u0131 etek. 1(36-38) Beden Uzunluk: 96 cm, Bel: 39 cm, Basen: 49 cm. 2(40-42) Beden Uzunluk: 98 cm, Bel: 37 cm, Basen: 53 cm. \u00dcr\u00fcn \u0130\u00e7eri\u011fi: % 100 Polyester<\/p>\n","protected":false},"featured_media":184705,"comment_status":"open","ping_status":"closed","template":"","meta":[],"product_brand":[],"product_cat":[1969],"product_tag":[6765,7600],"class_list":{"0":"post-184716","1":"product","2":"type-product","3":"status-publish","4":"has-post-thumbnail","6":"product_cat-etekler","7":"product_tag-lastikli-bel","8":"product_tag-pileli-etek","9":"pa_brand-fahhar","10":"pa_color-haki","11":"pa_size-1-36-38","12":"pa_size-2-40-42","14":"first","15":"instock","16":"sale","17":"shipping-taxable","18":"purchasable","19":"product-type-variable"},"_links":{"self":[{"href":"https:\/\/mod.wisdar.net\/tr\/wp-json\/wp\/v2\/product\/184716","targetHints":{"allow":["GET"]}}],"collection":[{"href":"https:\/\/mod.wisdar.net\/tr\/wp-json\/wp\/v2\/product"}],"about":[{"href":"https:\/\/mod.wisdar.net\/tr\/wp-json\/wp\/v2\/types\/product"}],"replies":[{"embeddable":true,"href":"https:\/\/mod.wisdar.net\/tr\/wp-json\/wp\/v2\/comments?post=184716"}],"wp:featuredmedia":[{"embeddable":true,"href":"https:\/\/mod.wisdar.net\/tr\/wp-json\/wp\/v2\/media\/184705"}],"wp:attachment":[{"href":"https:\/\/mod.wisdar.net\/tr\/wp-json\/wp\/v2\/media?parent=184716"}],"wp:term":[{"taxonomy":"product_brand","embeddable":true,"href":"https:\/\/mod.wisdar.net\/tr\/wp-json\/wp\/v2\/product_brand?post=184716"},{"taxonomy":"product_cat","embeddable":true,"href":"https:\/\/mod.wisdar.net\/tr\/wp-json\/wp\/v2\/product_cat?post=184716"},{"taxonomy":"product_tag","embeddable":true,"href":"https:\/\/mod.wisdar.net\/tr\/wp-json\/wp\/v2\/product_tag?post=184716"}],"curies":[{"name":"wp","href":"https:\/\/api.w.org\/{rel}","templated":true}]}}