{"id":184726,"date":"2026-03-29T18:31:37","date_gmt":"2026-03-29T18:31:37","guid":{"rendered":"https:\/\/modesthanim.com\/product\/desenli-pilise-etek-siyah\/"},"modified":"2026-04-11T22:01:43","modified_gmt":"2026-04-11T22:01:43","slug":"desenli-pilise-etek-siyah","status":"publish","type":"product","link":"https:\/\/mod.wisdar.net\/tr\/urun\/desenli-pilise-etek-siyah\/","title":{"rendered":"Desenli Pilise Etek Siyah"},"content":{"rendered":"<p>Dokuma d\u00f6k\u00fcml\u00fc kuma\u015ftan, beli lastikli, desenli, piliseli, maxi etek.<\/p>\n<p>1(36-38) Beden Uzunluk: 98 cm, Bel: 35 cm, Basen: 52 cm.<\/p>\n<p>2(40-42) Beden Uzunluk: 98 cm, Bel: 37 cm, Basen: 55 cm.<\/p>\n<p>\u00dcr\u00fcn \u0130\u00e7eri\u011fi: %100 Viscon<\/p>\n","protected":false},"excerpt":{"rendered":"<p>Dokuma d\u00f6k\u00fcml\u00fc kuma\u015ftan, beli lastikli, desenli, piliseli, maxi etek. 1(36-38) Beden Uzunluk: 98 cm, Bel: 35 cm, Basen: 52 cm. 2(40-42) Beden Uzunluk: 98 cm, Bel: 37 cm, Basen: 55 cm. \u00dcr\u00fcn \u0130\u00e7eri\u011fi: %100 Viscon<\/p>\n","protected":false},"featured_media":184712,"comment_status":"open","ping_status":"closed","template":"","meta":[],"product_brand":[],"product_cat":[1969],"product_tag":[7600,7622],"class_list":{"0":"post-184726","1":"product","2":"type-product","3":"status-publish","4":"has-post-thumbnail","6":"product_cat-etekler","7":"product_tag-pileli-etek","8":"product_tag-siyah-etek","9":"pa_brand-fahhar","10":"pa_color-siyah","11":"pa_size-1-36-38","12":"pa_size-2-40-42","13":"pa_size-4701","14":"pa_size-4706","15":"pa_size-4711","17":"first","18":"instock","19":"sale","20":"shipping-taxable","21":"purchasable","22":"product-type-variable"},"_links":{"self":[{"href":"https:\/\/mod.wisdar.net\/tr\/wp-json\/wp\/v2\/product\/184726","targetHints":{"allow":["GET"]}}],"collection":[{"href":"https:\/\/mod.wisdar.net\/tr\/wp-json\/wp\/v2\/product"}],"about":[{"href":"https:\/\/mod.wisdar.net\/tr\/wp-json\/wp\/v2\/types\/product"}],"replies":[{"embeddable":true,"href":"https:\/\/mod.wisdar.net\/tr\/wp-json\/wp\/v2\/comments?post=184726"}],"wp:featuredmedia":[{"embeddable":true,"href":"https:\/\/mod.wisdar.net\/tr\/wp-json\/wp\/v2\/media\/184712"}],"wp:attachment":[{"href":"https:\/\/mod.wisdar.net\/tr\/wp-json\/wp\/v2\/media?parent=184726"}],"wp:term":[{"taxonomy":"product_brand","embeddable":true,"href":"https:\/\/mod.wisdar.net\/tr\/wp-json\/wp\/v2\/product_brand?post=184726"},{"taxonomy":"product_cat","embeddable":true,"href":"https:\/\/mod.wisdar.net\/tr\/wp-json\/wp\/v2\/product_cat?post=184726"},{"taxonomy":"product_tag","embeddable":true,"href":"https:\/\/mod.wisdar.net\/tr\/wp-json\/wp\/v2\/product_tag?post=184726"}],"curies":[{"name":"wp","href":"https:\/\/api.w.org\/{rel}","templated":true}]}}