{"id":184823,"date":"2026-03-29T18:34:20","date_gmt":"2026-03-29T18:34:20","guid":{"rendered":"https:\/\/modesthanim.com\/product\/kapakli-pilise-etek-siyah\/"},"modified":"2026-04-12T02:33:04","modified_gmt":"2026-04-12T02:33:04","slug":"kapakli-pilise-etek-siyah","status":"publish","type":"product","link":"https:\/\/mod.wisdar.net\/tr\/urun\/kapakli-pilise-etek-siyah\/","title":{"rendered":"Kapakl\u0131 Pilise Etek Siyah"},"content":{"rendered":"<p>Dokuma kuma\u015ftan, piliseli, bel arkas\u0131 lastikli, kapakl\u0131, yandan toka ve kemer detayl\u0131 etek.<\/p>\n<p>1(36-38) Beden Uzunluk: 96 cm, Bel: 39 cm, Basen: 49 cm.<\/p>\n<p>2(40-42) Beden Uzunluk: 98 cm, Bel: 37 cm, Basen: 53 cm.<\/p>\n<p>\u00dcr\u00fcn \u0130\u00e7eri\u011fi: % 100 Polyester<\/p>\n","protected":false},"excerpt":{"rendered":"<p>Dokuma kuma\u015ftan, piliseli, bel arkas\u0131 lastikli, kapakl\u0131, yandan toka ve kemer detayl\u0131 etek. 1(36-38) Beden Uzunluk: 96 cm, Bel: 39 cm, Basen: 49 cm. 2(40-42) Beden Uzunluk: 98 cm, Bel: 37 cm, Basen: 53 cm. \u00dcr\u00fcn \u0130\u00e7eri\u011fi: % 100 Polyester<\/p>\n","protected":false},"featured_media":184813,"comment_status":"open","ping_status":"closed","template":"","meta":[],"product_brand":[],"product_cat":[1969],"product_tag":[8247,7600,7622],"class_list":{"0":"post-184823","1":"product","2":"type-product","3":"status-publish","4":"has-post-thumbnail","6":"product_cat-etekler","7":"product_tag-klos-etek","8":"product_tag-pileli-etek","9":"product_tag-siyah-etek","10":"pa_brand-fahhar","11":"pa_color-siyah","12":"pa_size-1-36-38","13":"pa_size-2-40-42","15":"first","16":"instock","17":"sale","18":"shipping-taxable","19":"purchasable","20":"product-type-variable"},"_links":{"self":[{"href":"https:\/\/mod.wisdar.net\/tr\/wp-json\/wp\/v2\/product\/184823","targetHints":{"allow":["GET"]}}],"collection":[{"href":"https:\/\/mod.wisdar.net\/tr\/wp-json\/wp\/v2\/product"}],"about":[{"href":"https:\/\/mod.wisdar.net\/tr\/wp-json\/wp\/v2\/types\/product"}],"replies":[{"embeddable":true,"href":"https:\/\/mod.wisdar.net\/tr\/wp-json\/wp\/v2\/comments?post=184823"}],"wp:featuredmedia":[{"embeddable":true,"href":"https:\/\/mod.wisdar.net\/tr\/wp-json\/wp\/v2\/media\/184813"}],"wp:attachment":[{"href":"https:\/\/mod.wisdar.net\/tr\/wp-json\/wp\/v2\/media?parent=184823"}],"wp:term":[{"taxonomy":"product_brand","embeddable":true,"href":"https:\/\/mod.wisdar.net\/tr\/wp-json\/wp\/v2\/product_brand?post=184823"},{"taxonomy":"product_cat","embeddable":true,"href":"https:\/\/mod.wisdar.net\/tr\/wp-json\/wp\/v2\/product_cat?post=184823"},{"taxonomy":"product_tag","embeddable":true,"href":"https:\/\/mod.wisdar.net\/tr\/wp-json\/wp\/v2\/product_tag?post=184823"}],"curies":[{"name":"wp","href":"https:\/\/api.w.org\/{rel}","templated":true}]}}