{"id":184854,"date":"2026-03-29T18:35:08","date_gmt":"2026-03-29T18:35:08","guid":{"rendered":"https:\/\/modesthanim.com\/product\/cizgili-palazzo-pantolon-kahverengi\/"},"modified":"2026-04-12T02:41:04","modified_gmt":"2026-04-12T02:41:04","slug":"cizgili-palazzo-pantolon-kahverengi","status":"publish","type":"product","link":"https:\/\/mod.wisdar.net\/tr\/urun\/cizgili-palazzo-pantolon-kahverengi\/","title":{"rendered":"\u00c7izgili Palazzo Pantolon Kahverengi"},"content":{"rendered":"<p>\u0130nce d\u00f6k\u00fcml\u00fc \u00e7izgili dokuma kuma\u015ftan \u00fcretilmi\u015f, \u00f6n k\u0131sm\u0131 pileli, cepli, fermuar ve d\u00fc\u011fme kapamal\u0131, palazzo kesim \u015f\u0131k pantolon.<\/p>\n","protected":false},"excerpt":{"rendered":"<p>\u0130nce d\u00f6k\u00fcml\u00fc \u00e7izgili dokuma kuma\u015ftan \u00fcretilmi\u015f, \u00f6n k\u0131sm\u0131 pileli, cepli, fermuar ve d\u00fc\u011fme kapamal\u0131, palazzo kesim \u015f\u0131k pantolon.<\/p>\n","protected":false},"featured_media":184847,"comment_status":"open","ping_status":"closed","template":"","meta":[],"product_brand":[],"product_cat":[1882],"product_tag":[],"class_list":{"0":"post-184854","1":"product","2":"type-product","3":"status-publish","4":"has-post-thumbnail","6":"product_cat-alt-giyim","7":"pa_brand-fahhar","8":"pa_color-kahverengi","9":"pa_size-4701","10":"pa_size-4706","11":"pa_size-4711","12":"pa_size-4713","14":"first","15":"instock","16":"sale","17":"shipping-taxable","18":"purchasable","19":"product-type-variable"},"_links":{"self":[{"href":"https:\/\/mod.wisdar.net\/tr\/wp-json\/wp\/v2\/product\/184854","targetHints":{"allow":["GET"]}}],"collection":[{"href":"https:\/\/mod.wisdar.net\/tr\/wp-json\/wp\/v2\/product"}],"about":[{"href":"https:\/\/mod.wisdar.net\/tr\/wp-json\/wp\/v2\/types\/product"}],"replies":[{"embeddable":true,"href":"https:\/\/mod.wisdar.net\/tr\/wp-json\/wp\/v2\/comments?post=184854"}],"wp:featuredmedia":[{"embeddable":true,"href":"https:\/\/mod.wisdar.net\/tr\/wp-json\/wp\/v2\/media\/184847"}],"wp:attachment":[{"href":"https:\/\/mod.wisdar.net\/tr\/wp-json\/wp\/v2\/media?parent=184854"}],"wp:term":[{"taxonomy":"product_brand","embeddable":true,"href":"https:\/\/mod.wisdar.net\/tr\/wp-json\/wp\/v2\/product_brand?post=184854"},{"taxonomy":"product_cat","embeddable":true,"href":"https:\/\/mod.wisdar.net\/tr\/wp-json\/wp\/v2\/product_cat?post=184854"},{"taxonomy":"product_tag","embeddable":true,"href":"https:\/\/mod.wisdar.net\/tr\/wp-json\/wp\/v2\/product_tag?post=184854"}],"curies":[{"name":"wp","href":"https:\/\/api.w.org\/{rel}","templated":true}]}}