{"id":184920,"date":"2026-03-29T18:36:33","date_gmt":"2026-03-29T18:36:33","guid":{"rendered":"https:\/\/modesthanim.com\/product\/kisa-kurk-kaban-bej\/"},"modified":"2026-03-29T19:05:52","modified_gmt":"2026-03-29T19:05:52","slug":"kisa-kurk-kaban-bej","status":"publish","type":"product","link":"https:\/\/mod.wisdar.net\/tr\/urun\/kisa-kurk-kaban-bej\/","title":{"rendered":"K\u0131sa K\u00fcrk Kaban Bej"},"content":{"rendered":"<p>Premium k\u00fcrk kuma\u015ftan, astarl\u0131, uzun kollu, k\u0131sa kaban<\/p>\n<p>\u00dcr\u00fcn \u0130\u00e7eri\u011fi: % 100 Polyester<\/p>\n","protected":false},"excerpt":{"rendered":"<p>Premium k\u00fcrk kuma\u015ftan, astarl\u0131, uzun kollu, k\u0131sa kaban \u00dcr\u00fcn \u0130\u00e7eri\u011fi: % 100 Polyester<\/p>\n","protected":false},"featured_media":184901,"comment_status":"open","ping_status":"closed","template":"","meta":[],"product_brand":[],"product_cat":[2047],"product_tag":[7758,4999],"class_list":{"0":"post-184920","1":"product","2":"type-product","3":"status-publish","4":"has-post-thumbnail","6":"product_cat-paltolar","7":"product_tag-kis-giyim","8":"product_tag-outerwear","9":"pa_brand-fahhar","10":"pa_color-bej","11":"pa_size-1-36-38","12":"pa_size-2-40-42","14":"first","15":"instock","16":"sale","17":"shipping-taxable","18":"purchasable","19":"product-type-variable"},"_links":{"self":[{"href":"https:\/\/mod.wisdar.net\/tr\/wp-json\/wp\/v2\/product\/184920","targetHints":{"allow":["GET"]}}],"collection":[{"href":"https:\/\/mod.wisdar.net\/tr\/wp-json\/wp\/v2\/product"}],"about":[{"href":"https:\/\/mod.wisdar.net\/tr\/wp-json\/wp\/v2\/types\/product"}],"replies":[{"embeddable":true,"href":"https:\/\/mod.wisdar.net\/tr\/wp-json\/wp\/v2\/comments?post=184920"}],"wp:featuredmedia":[{"embeddable":true,"href":"https:\/\/mod.wisdar.net\/tr\/wp-json\/wp\/v2\/media\/184901"}],"wp:attachment":[{"href":"https:\/\/mod.wisdar.net\/tr\/wp-json\/wp\/v2\/media?parent=184920"}],"wp:term":[{"taxonomy":"product_brand","embeddable":true,"href":"https:\/\/mod.wisdar.net\/tr\/wp-json\/wp\/v2\/product_brand?post=184920"},{"taxonomy":"product_cat","embeddable":true,"href":"https:\/\/mod.wisdar.net\/tr\/wp-json\/wp\/v2\/product_cat?post=184920"},{"taxonomy":"product_tag","embeddable":true,"href":"https:\/\/mod.wisdar.net\/tr\/wp-json\/wp\/v2\/product_tag?post=184920"}],"curies":[{"name":"wp","href":"https:\/\/api.w.org\/{rel}","templated":true}]}}